{"id":1002,"date":"2011-04-08T11:47:58","date_gmt":"2011-04-08T11:47:58","guid":{"rendered":"http:\/\/prominet.pl\/?page_id=1002"},"modified":"2021-04-15T11:22:30","modified_gmt":"2021-04-15T11:22:30","slug":"restrukturyzacja-zatrudnienia","status":"publish","type":"page","link":"https:\/\/prominet.pl\/?page_id=1002","title":{"rendered":"Restrukturyzacja zatrudnienia"},"content":{"rendered":"<h1><span style=\"color: #ffcc00;\"><span style=\"color: #008000;\"><span style=\"color: #99cc00;\">Szkolenie :<\/span> <\/span><span style=\"color: #99cc00;\">Restrukturyzacja zatrudnienia<\/span><\/span><\/h1>\n<h4><span style=\"color: #ffcc00;\"><span style=\"color: #99cc00;\">CEL SZKOLENIA:<\/span><\/span><\/h4>\n<p><strong>Celem szkolenia <\/strong>jest pokazanie istoty restrukturyzacji zatrudnienia jako zespo\u0142u dzia\u0142a\u0144 dostosowuj\u0105cych stan i struktur\u0119 zasob\u00f3w ludzkich do warunk\u00f3w umo\u017cliwiaj\u0105cych&nbsp; sprawn\u0105 realizacj\u0119 cel\u00f3w przedsi\u0119biorstwa, a zw\u0142aszcza osi\u0105gania korzystnych pozycji rynkowych.<\/p>\n<h4><span style=\"color: #ffcc00;\"><span style=\"color: #99cc00;\">UCZESTNICY:<\/span><\/span><\/h4>\n<p>Szkolenie jest skierowane do os\u00f3b odpowiedzialnych za sprawy personalne w firmie.<\/p>\n<h4><span style=\"color: #ffcc00;\"><span style=\"color: #99cc00;\">CZAS TRWANIA SZKOLENIA:<\/span><\/span><strong> <\/strong><\/h4>\n<h3><strong> <\/strong><\/h3>\n<p><strong> <\/strong>Szkolenie jednodniowe<\/p>\n<h4><span style=\"color: #ffcc00;\"><span style=\"color: #99cc00;\">ZAKRES MERYTORYCZNY:<\/span><\/span><\/h4>\n<p><strong> <\/strong><\/p>\n<p>1. Definicja restrukturyzacji zatrudnienia<\/p>\n<p>2. Rodzaje i formy restrukturyzacji zatrudnienia<\/p>\n<p>3. Podstawy prawne<\/p>\n<p>4. Etapy restrukturyzacji i rola HR w procesie restrukturyzacji<\/p>\n<p>&#8211; Diagnoza stanu zatrudnienia \u2013 metody (wska\u017aniki zatrudnienia, badanie kompetencji)<\/p>\n<p>&#8211; Dzia\u0142ania prognostyczne \u2013 planowanie zatrudnienia<\/p>\n<p>&#8211; Wyb\u00f3r formy i dzia\u0142a\u0144 restrukturyzacyjnych<\/p>\n<p>5. Case study<\/p>\n<p>&#8211; w\u0142a\u015bciwe dzia\u0142ania restrukturyzacyjne<\/p>\n<p>&#8211; przebieg i rola HR w procesie restrukturyzacji<\/p>\n<p>&#8211; rola zwi\u0105zk\u00f3w zawodowych w procesie restrukturyzacji<\/p>\n<p>&#8211; komunikacja dzia\u0142a\u0144 restrukturyzacyjnych<\/p>\n<p>&#8211; bud\u017cet koszt\u00f3w restrukturyzacji i jego wp\u0142yw na wynik firmy<\/p>\n<h4><span style=\"color: #ffcc00;\"><span style=\"color: #99cc00;\">PROWADZ\u0104CY:<\/span><\/span><\/h4>\n<p><strong><span style=\"text-decoration: underline;\">Marta Krukowska <\/span><\/strong><\/p>\n<p><em>radca prawny<\/em>, specjalizuj\u0105cy si\u0119 w zbiorowym prawie pracy (restrukturyzacja zatrudnienia, przej\u0119cia zak\u0142ad\u00f3w pracy, uk\u0142ady zbiorowe pracy i inne akty wewn\u0105trzzak\u0142adowe)<\/p>\n<p>i <em>dyrektor personalny,<\/em> obecnie w mi\u0119dzynarodowym koncernie logistycznym \u2013 odpowiedzialny m.in. za procesy konsolidacji sp\u00f3\u0142ek w obszarze pracowniczym, procesy restrukturyzacji, systemy wynagrodze\u0144 i premiowania.<\/p>\n<p>Absolwentka Uniwersytetu Wroc\u0142awskiego, Akademii Ekonomicznej we Wroc\u0142awiu oraz Helsi\u0144skiej Wy\u017cszej Szko\u0142y Ekonomicznej w Helsinkach,<\/p>\n<p>Od 2003 roku sta\u0142y wyk\u0142adowca w ramach Instytutu Profesora Rosnera,<\/p>\n<p>Autorka publikacji <em>\u201eRokowania zbiorowe pracy jako mechanizm kszta\u0142towania warunk\u00f3w zatrudnienia.\u201d \u2013 Wroc\u0142awskie Wydawnictwo Uniwersyteckie 2009<\/em><\/p>\n<h2><span style=\"color: #99cc00;\"> <\/span><\/h2>\n","protected":false},"excerpt":{"rendered":"<p>Szkolenie : Restrukturyzacja zatrudnienia CEL SZKOLENIA: Celem szkolenia jest pokazanie istoty restrukturyzacji zatrudnienia jako zespo\u0142u dzia\u0142a\u0144 dostosowuj\u0105cych stan i struktur\u0119 zasob\u00f3w ludzkich do warunk\u00f3w umo\u017cliwiaj\u0105cych&nbsp; sprawn\u0105 realizacj\u0119 cel\u00f3w przedsi\u0119biorstwa, a zw\u0142aszcza osi\u0105gania korzystnych pozycji rynkowych. UCZESTNICY: Szkolenie jest skierowane do os\u00f3b odpowiedzialnych za sprawy personalne w firmie. CZAS TRWANIA SZKOLENIA: Szkolenie jednodniowe ZAKRES MERYTORYCZNY: 1. &hellip; <a href=\"https:\/\/prominet.pl\/?page_id=1002\" class=\"more-link\">Continue reading<span class=\"screen-reader-text\"> &#8222;Restrukturyzacja zatrudnienia&#8221;<\/span><\/a><\/p>\n","protected":false},"author":1,"featured_media":0,"parent":917,"menu_order":56,"comment_status":"closed","ping_status":"open","template":"","meta":{"_monsterinsights_skip_tracking":false,"_monsterinsights_sitenote_active":false,"_monsterinsights_sitenote_note":"","_monsterinsights_sitenote_category":0,"_links_to":"","_links_to_target":""},"_links":{"self":[{"href":"https:\/\/prominet.pl\/index.php?rest_route=\/wp\/v2\/pages\/1002"}],"collection":[{"href":"https:\/\/prominet.pl\/index.php?rest_route=\/wp\/v2\/pages"}],"about":[{"href":"https:\/\/prominet.pl\/index.php?rest_route=\/wp\/v2\/types\/page"}],"author":[{"embeddable":true,"href":"https:\/\/prominet.pl\/index.php?rest_route=\/wp\/v2\/users\/1"}],"replies":[{"embeddable":true,"href":"https:\/\/prominet.pl\/index.php?rest_route=%2Fwp%2Fv2%2Fcomments&post=1002"}],"version-history":[{"count":10,"href":"https:\/\/prominet.pl\/index.php?rest_route=\/wp\/v2\/pages\/1002\/revisions"}],"predecessor-version":[{"id":2159,"href":"https:\/\/prominet.pl\/index.php?rest_route=\/wp\/v2\/pages\/1002\/revisions\/2159"}],"up":[{"embeddable":true,"href":"https:\/\/prominet.pl\/index.php?rest_route=\/wp\/v2\/pages\/917"}],"wp:attachment":[{"href":"https:\/\/prominet.pl\/index.php?rest_route=%2Fwp%2Fv2%2Fmedia&parent=1002"}],"curies":[{"name":"wp","href":"https:\/\/api.w.org\/{rel}","templated":true}]}}