{"id":1032,"date":"2011-05-20T15:16:22","date_gmt":"2011-05-20T15:16:22","guid":{"rendered":"http:\/\/prominet.pl\/?page_id=1032"},"modified":"2021-04-15T11:38:15","modified_gmt":"2021-04-15T11:38:15","slug":"kurs-sekretarsko-asystencki","status":"publish","type":"page","link":"https:\/\/prominet.pl\/?page_id=1032","title":{"rendered":"Kurs sekretarsko &#8211; asystencki"},"content":{"rendered":"<h1><span style=\"color: #3366ff;\">Kurs sekretarsko &#8211; asystencki<\/span><\/h1>\n<h4><span style=\"color: #3366ff;\"><span style=\"text-decoration: underline;\">CEL KURSU:<\/span><\/span><\/h4>\n<p>&#8211; zdobycie profesjonalnej wiedzy o organizacji pracy w biurze<\/p>\n<p>&#8211; poznanie zasad obiegu i archiwizacji dokument\u00f3w<\/p>\n<p>&#8211; przyswojenie zawodowych umiej\u0119tno\u015bci interpersonalnych<\/p>\n<p>&#8211; praktyczne poznanie komputeryzacji i automatyzacji pracy biurowej<\/p>\n<h4><span style=\"color: #3366ff;\"><span style=\"text-decoration: underline;\"><span style=\"text-decoration: underline;\">CZAS TRWANIA i SPOS\u00d3B REALIZACJI:<\/span><\/span><\/span><\/h4>\n<p>Kurs trwa 40 godzin lekcyjnych. Zaj\u0119cia s\u0105 realizowane w systemie codziennym od poniedzia\u0142ku do pi\u0105tku w godzinach wieczornych 17.00-20.00 przez 10 dni.<br \/>\nFormy realizacji: wyk\u0142ady, zaj\u0119cia \u0107wiczeniowe, zaj\u0119cia komputerowe.<\/p>\n<h4><span style=\"color: #3366ff;\"><span style=\"text-decoration: underline;\">WYMAGANIA WST\u0118PNE DLA UCZESTNIK\u00d3W:<\/span><\/span><\/h4>\n<p>Uczestnikami kursu mog\u0105 by\u0107 osoby posiadaj\u0105ce wykszta\u0142cenie \u015brednie.<\/p>\n<h4><span style=\"color: #3366ff;\"><span style=\"text-decoration: underline;\"><span style=\"text-decoration: underline;\"><span style=\"text-decoration: underline;\"><span style=\"text-decoration: underline;\">CO UMO\u017bLIWIA KURS:<\/span><\/span><\/span><\/span><\/span><\/h4>\n<p>uzyskanie kwalifikacji sekretarsko &#8211; asystenckich po\u015bwiadczonych za\u015bwiadczeniem o uko\u0144czeniu kursu na druku M.E.N.<\/p>\n<p><span style=\"color: #3366ff;\"><span style=\"text-decoration: underline;\"><strong>Tre\u015bci kszta\u0142cenia w zakresie poszczeg\u00f3lnych zaj\u0119\u0107 edukacyjnych:<\/strong><\/span><\/span><\/p>\n<p>1. Budowanie wizerunku zawodowego sekretarki. Znaczenie sekretarki- asystentki w rozwoju nowoczesnej firmy. Sk\u0142adowe wizerunku<\/p>\n<p>2. Drogi samorozwoju i doskonalenia potencja\u0142u zawodowego sekretarki. Profil kompetencji sekretarki \u2013 asystentki i sposoby jego realizacji.<\/p>\n<p>3. Umiej\u0119tno\u015bci interpersonalne \u2013 istota i znaczenie. Komunikacja , asertywno\u015b\u0107, inteligencja emocjonalna jako podstawowe&nbsp; umiej\u0119tno\u015bci w kontakcie&nbsp; z klientem.<\/p>\n<p>4. Sylwetka spo\u0142eczno-emocjonalna sekretarki.<\/p>\n<p>5. Zarz\u0105dzanie czasem<\/p>\n<p>-planowanie czasu w\u0142asnego i innych \u2013 podstawowe techniki<br \/>\n-priorytetyzacja&nbsp; zada\u0144 i cel\u00f3w<br \/>\n-procedura dobrze zrealizowanego celu<\/p>\n<p>6. Etyka zawodowa sekretarek<br \/>\n-normy i zasady<br \/>\n-uprawnienia<\/p>\n<p>7. Wybrane zagadnienia z prawa pracy \u2013 sprawy personalne w firmie<br \/>\n&#8211; rodzaje um\u00f3w o prac\u0119<br \/>\n&#8211; zasady prowadzenia dokumentacji pracowniczej &#8211; teczka akt osobowych<\/p>\n<p>8. Organizacja pracy w biurze<br \/>\n&#8211; obieg dokumentacji<br \/>\n&#8211; redagowanie pism<br \/>\n&#8211; archiwizacja dokument\u00f3w<\/p>\n<p>9. Obs\u0142uga urz\u0105dze\u0144 biurowych skaner, fax, ksero<\/p>\n<p>10. Technika pracy biurowej<br \/>\n&#8211; zaawansowana praca z edytorem tekstu Word \u2013 tabele wielostronicowe, zak\u0142adanie hiper\u0142\u0105czy do pism, korespondencja seryjna, adresowanie etykiet<br \/>\n&#8211; zaawansowana praca z&nbsp; arkuszem kalkulacyjnym Excel \u2013 skalowanie, formatowanie danych, u\u017cywanie autofiltra, adres wzgl\u0119dny i bezwzgl\u0119dny kom\u00f3rki<br \/>\n&#8211; Power Point w biurze wykonanie prezentacji firmy<\/p>\n<p>11. Egzamin<\/p>\n","protected":false},"excerpt":{"rendered":"<p>Kurs sekretarsko &#8211; asystencki CEL KURSU: &#8211; zdobycie profesjonalnej wiedzy o organizacji pracy w biurze &#8211; poznanie zasad obiegu i archiwizacji dokument\u00f3w &#8211; przyswojenie zawodowych umiej\u0119tno\u015bci interpersonalnych &#8211; praktyczne poznanie komputeryzacji i automatyzacji pracy biurowej CZAS TRWANIA i SPOS\u00d3B REALIZACJI: Kurs trwa 40 godzin lekcyjnych. Zaj\u0119cia s\u0105 realizowane w systemie codziennym od poniedzia\u0142ku do pi\u0105tku &hellip; <a href=\"https:\/\/prominet.pl\/?page_id=1032\" class=\"more-link\">Continue reading<span class=\"screen-reader-text\"> &#8222;Kurs sekretarsko &#8211; asystencki&#8221;<\/span><\/a><\/p>\n","protected":false},"author":1,"featured_media":0,"parent":421,"menu_order":14,"comment_status":"closed","ping_status":"open","template":"","meta":{"_monsterinsights_skip_tracking":false,"_monsterinsights_sitenote_active":false,"_monsterinsights_sitenote_note":"","_monsterinsights_sitenote_category":0,"_links_to":"","_links_to_target":""},"_links":{"self":[{"href":"https:\/\/prominet.pl\/index.php?rest_route=\/wp\/v2\/pages\/1032"}],"collection":[{"href":"https:\/\/prominet.pl\/index.php?rest_route=\/wp\/v2\/pages"}],"about":[{"href":"https:\/\/prominet.pl\/index.php?rest_route=\/wp\/v2\/types\/page"}],"author":[{"embeddable":true,"href":"https:\/\/prominet.pl\/index.php?rest_route=\/wp\/v2\/users\/1"}],"replies":[{"embeddable":true,"href":"https:\/\/prominet.pl\/index.php?rest_route=%2Fwp%2Fv2%2Fcomments&post=1032"}],"version-history":[{"count":11,"href":"https:\/\/prominet.pl\/index.php?rest_route=\/wp\/v2\/pages\/1032\/revisions"}],"predecessor-version":[{"id":2201,"href":"https:\/\/prominet.pl\/index.php?rest_route=\/wp\/v2\/pages\/1032\/revisions\/2201"}],"up":[{"embeddable":true,"href":"https:\/\/prominet.pl\/index.php?rest_route=\/wp\/v2\/pages\/421"}],"wp:attachment":[{"href":"https:\/\/prominet.pl\/index.php?rest_route=%2Fwp%2Fv2%2Fmedia&parent=1032"}],"curies":[{"name":"wp","href":"https:\/\/api.w.org\/{rel}","templated":true}]}}