{"id":118,"date":"2009-09-16T14:02:20","date_gmt":"2009-09-16T13:02:20","guid":{"rendered":"http:\/\/tabaza.pl\/wordpress\/?page_id=118"},"modified":"2021-04-15T11:23:12","modified_gmt":"2021-04-15T11:23:12","slug":"ksiegowosc","status":"publish","type":"page","link":"https:\/\/prominet.pl\/?page_id=118","title":{"rendered":"Ksi\u0119gowo\u015b\u0107"},"content":{"rendered":"<h1><span style=\"color: #3366ff;\">Kursy ksi\u0119gowo\u015bci komputerowej<\/span><\/h1>\n<p>Zaj\u0119cia na kursach ksi\u0119gowo\u015bci maj\u0105 na celu przyswojenie praktyki prowadzenia&nbsp;rachunkowo\u015bci&nbsp;przedsi\u0119biorstw, fundacji i jednostek bud\u017cetowych&nbsp;zgodnie z aktualnymi przepisami&nbsp;i z&nbsp;wykorzystaniem nowoczesnych program\u00f3w ksi\u0119gowych.<\/p>\n<p>Zaj\u0119cia s\u0105 prowadzone w formie warsztat\u00f3w, kt\u00f3re przygotowuj\u0105 do pracy w dziale ksi\u0119gowo\u015bci lub na stanowisku<span style=\"color: #0000ff;\">&nbsp;ksi\u0119gowego (samodzielnego)<\/span>.<\/p>\n<p>W zwi\u0105zku z posiadanymi uprawnieniami plac\u00f3wki kszta\u0142cenia ustawicznego <span style=\"color: #0000ff;\">wydajemy za\u015bwiadczenia o uko\u0144czeniu <\/span>kurs\u00f3w zgodnie z rozporz\u0105dzeniami <span style=\"color: #0000ff;\">M.E.N.<\/span><\/p>\n<p>Kursy ksi\u0119gowo\u015bci prowadz\u0105ce do uzyskania uprawnie\u0144 samodzielnego ksi\u0119gowego \/ samodzielnej ksi\u0119gowej obejmuj\u0105 \u0142\u0105cznie 112 godz. zaj\u0119\u0107 i s\u0105 podzielone na 2 stopnie.<\/p>\n<p>Zaj\u0119cia \u0107wiczeniowo &#8211; wyk\u0142adowe s\u0105&nbsp;prowadzone przez praktyk\u00f3w maj\u0105cych do\u015bwiadczenie&nbsp;jako g\u0142\u00f3wni ksi\u0119gowi, dyr. ds. finansowych, controllerzy i&nbsp;audytorzy.<\/p>\n<p>Zaj\u0119cia&nbsp;komputerowe na kursach&nbsp;prowadzone&nbsp;s\u0105 w formie warsztat\u00f3w, na kt\u00f3rych ka\u017cdy uczestnik zak\u0142ada swoj\u0105 przyk\u0142adow\u0105 firm\u0119 w programie ksi\u0119gowym, a&nbsp;nast\u0119pnie prowadzi ksi\u0119gowo\u015b\u0107&nbsp; tej firmy, dekretuj\u0105c dokumenty ksi\u0119gowe odpowiadaj\u0105ce rzeczywistym operacjom gospodarczym w przedsi\u0119biorstwach.&nbsp; Do zaj\u0119\u0107&nbsp;u\u017cywane s\u0105 najbardziej rozpowszechnione w Polsce&nbsp;komputerowe systemy ksi\u0119gowe tj. Symfonia&nbsp;oraz Optima. Ka\u017cdy uczestnik kursu ma zapewnione samodzielne stanowisko komputerowe.<\/p>\n<p><a class=\"aligncenter\" title=\"Kurs podstaw ksi\u0119gowo\u015bci\" href=\"http:\/\/prominet.pl\/?page_id=190\" target=\"_self\" rel=\"noopener\">Kurs ksi\u0119gowo\u015bci komputerowej I-go stopnia<\/a><\/p>\n<p><a class=\"aligncenter\" title=\"Kurs ksi\u0119gowo\u015bci daj\u0105cy tytu\u0142 samodzielnej ksi\u0119gowej \/ samodzielnego ksi\u0119gowego\" href=\"http:\/\/prominet.pl\/?page_id=195\">Kurs ksi\u0119gowo\u015bci komputerowej II-go stopnia<\/a><\/p>\n<p><a class=\"aligncenter\" style=\"display: inline !important;\" title=\"Kurs ksi\u0119gowania w programie Optima KH\" href=\"http:\/\/prominet.pl\/?page_id=390\" target=\"_self\" rel=\"noopener\">Kurs prowadzenia pe\u0142nej ksi\u0119gowo\u015bci programem OPTIMA<\/a><\/p>\n","protected":false},"excerpt":{"rendered":"<p>Kursy ksi\u0119gowo\u015bci komputerowej Zaj\u0119cia na kursach ksi\u0119gowo\u015bci maj\u0105 na celu przyswojenie praktyki prowadzenia&nbsp;rachunkowo\u015bci&nbsp;przedsi\u0119biorstw, fundacji i jednostek bud\u017cetowych&nbsp;zgodnie z aktualnymi przepisami&nbsp;i z&nbsp;wykorzystaniem nowoczesnych program\u00f3w ksi\u0119gowych. Zaj\u0119cia s\u0105 prowadzone w formie warsztat\u00f3w, kt\u00f3re przygotowuj\u0105 do pracy w dziale ksi\u0119gowo\u015bci lub na stanowisku&nbsp;ksi\u0119gowego (samodzielnego). W zwi\u0105zku z posiadanymi uprawnieniami plac\u00f3wki kszta\u0142cenia ustawicznego wydajemy za\u015bwiadczenia o uko\u0144czeniu kurs\u00f3w zgodnie &hellip; <a href=\"https:\/\/prominet.pl\/?page_id=118\" class=\"more-link\">Continue reading<span class=\"screen-reader-text\"> &#8222;Ksi\u0119gowo\u015b\u0107&#8221;<\/span><\/a><\/p>\n","protected":false},"author":1,"featured_media":0,"parent":0,"menu_order":50,"comment_status":"closed","ping_status":"open","template":"","meta":{"_monsterinsights_skip_tracking":false,"_monsterinsights_sitenote_active":false,"_monsterinsights_sitenote_note":"","_monsterinsights_sitenote_category":0,"_links_to":"","_links_to_target":""},"_links":{"self":[{"href":"https:\/\/prominet.pl\/index.php?rest_route=\/wp\/v2\/pages\/118"}],"collection":[{"href":"https:\/\/prominet.pl\/index.php?rest_route=\/wp\/v2\/pages"}],"about":[{"href":"https:\/\/prominet.pl\/index.php?rest_route=\/wp\/v2\/types\/page"}],"author":[{"embeddable":true,"href":"https:\/\/prominet.pl\/index.php?rest_route=\/wp\/v2\/users\/1"}],"replies":[{"embeddable":true,"href":"https:\/\/prominet.pl\/index.php?rest_route=%2Fwp%2Fv2%2Fcomments&post=118"}],"version-history":[{"count":24,"href":"https:\/\/prominet.pl\/index.php?rest_route=\/wp\/v2\/pages\/118\/revisions"}],"predecessor-version":[{"id":2188,"href":"https:\/\/prominet.pl\/index.php?rest_route=\/wp\/v2\/pages\/118\/revisions\/2188"}],"wp:attachment":[{"href":"https:\/\/prominet.pl\/index.php?rest_route=%2Fwp%2Fv2%2Fmedia&parent=118"}],"curies":[{"name":"wp","href":"https:\/\/api.w.org\/{rel}","templated":true}]}}