{"id":1191,"date":"2012-03-02T14:49:49","date_gmt":"2012-03-02T14:49:49","guid":{"rendered":"http:\/\/prominet.pl\/?page_id=1191"},"modified":"2021-04-15T11:24:43","modified_gmt":"2021-04-15T11:24:43","slug":"kurs-glowny-ksiegowy","status":"publish","type":"page","link":"https:\/\/prominet.pl\/?page_id=1191","title":{"rendered":"Kurs G\u0142\u00f3wny Ksi\u0119gowy"},"content":{"rendered":"<h1 style=\"text-align: left;\"><span style=\"color: #3366ff;\">Kurs dla kandydat\u00f3w na g\u0142\u00f3wnych ksi\u0119gowych<\/span><\/h1>\n<p><span style=\"color: #99ccff;\"><strong><span style=\"text-decoration: underline;\"><span style=\"color: #3366ff;\">Czas trwania i spos\u00f3b organizacji kursu: <\/span><\/span><\/strong><\/span><\/p>\n<p>Kurs obejmuje 72 godziny dydaktyczne.<\/p>\n<p>Zaj\u0119cia s\u0105 realizowane w systemie poniedzia\u0142ek i \u015broda w godz. 17.00-20.00 przez 4 miesi\u0105ce lub w systemie weekendowym w soboty i niedziele w godz. 8.30 \u2013 16.00. przez 3 miesi\u0105ce.<\/p>\n<p>Formy realizacji: wyk\u0142ady,&nbsp; \u0107wiczenia a przede wszystkim warsztaty polegaj\u0105ce na omawianiu tematu w spos\u00f3b praktyczny.<\/p>\n<p><span style=\"color: #3366ff;\"><strong><span style=\"text-decoration: underline;\">Wymagania wst\u0119pne dla uczestnik\u00f3w:<\/span><\/strong> <\/span><\/p>\n<p>Uczestnikami kursu s\u0105 osoby posiadaj\u0105ce kwalifikacje Samodzielnego Ksi\u0119gowego lub &nbsp;osoby, kt\u00f3re posiadaj\u0105ce, co najmniej \u015brednie wykszta\u0142cenie ekonomiczne poparte praktyczn\u0105 wiedz\u0105 z zakresu rachunkowo\u015bci<\/p>\n<p><span style=\"color: #99ccff;\"><strong><span style=\"text-decoration: underline;\"><span style=\"color: #3366ff;\">Cele i formy kszta\u0142cenia:<\/span><\/span><\/strong><\/span><\/p>\n<p>Celem kursu jest poszerzenie i zaktualizowanie&nbsp; wiedzy i umiej\u0119tno\u015bci z zakresu pe\u0142nej ksi\u0119gowo\u015bci.<\/p>\n<p>Zagadnienia rachunkowe obj\u0119te programem kursu omawiane s\u0105 szczeg\u00f3\u0142owo z uwzgl\u0119dnieniem przepis\u00f3w prawa bilansowego i prawa podatkowego.<\/p>\n<p><span style=\"color: #99ccff;\"><strong><span style=\"text-decoration: underline;\"><span style=\"color: #3366ff;\">Cena:<\/span><\/span><\/strong><\/span><\/p>\n<p>Koszt kursu wynosi 1190 z\u0142 \/brutto\/<\/p>\n<p>Obejmuje: uczestnictwo, materia\u0142y szkoleniowe przygotowane przez wyk\u0142adowc\u00f3w wydanie za\u015bwiadczenia o uko\u0144czeniu kursu na podstawie&nbsp;rozporz\u0105dzenia Ministra Edukacji Narodowej z dnia 18 sierpnia 2017 r. w sprawie kszta\u0142cenia ustawicznego w formach pozaszkolnych.(DzU poz.1632)<\/p>\n<p><span style=\"color: #99ccff;\"><strong><span style=\"text-decoration: underline;\"><span style=\"color: #3366ff;\">Tematyka kursu:<\/span><\/span><\/strong><\/span><\/p>\n<p style=\"text-align: left;\">I. ZAW\u00d3D G\u0141\u00d3WNY KSI\u0118GOWY<\/p>\n<p style=\"text-align: left;\">1. Odpowiedzialno\u015b\u0107 g\u0142\u00f3wnego ksi\u0119gowego &nbsp;z ustawy o rachunkowo\u015bci, prawa pracy oraz ustawy karno- skarbowej.<\/p>\n<p style=\"text-align: left;\">2. Etyka zawodu.<\/p>\n<p style=\"text-align: left;\">II. ZAAWANSOWANA&nbsp; RACHUNKOWO\u015a\u0106 FINANSOWA<\/p>\n<p style=\"text-align: left;\">Zasady prowadzenia ksi\u0105g rachunkowych.<\/p>\n<p style=\"text-align: left;\">1. Organizacja rachunkowo\u015bci i dokumentowanie zasad (polityki) rachunkowo\u015bci.<\/p>\n<p style=\"text-align: left;\">2. Mi\u0119dzynarodowe Standardy Rachunkowo\u015bci a polskie przepisy rachunkowe.<\/p>\n<p style=\"text-align: left;\">Rzeczowe aktywa trwa\u0142e w uj\u0119ciu bilansowym i podatkowym.<\/p>\n<ol style=\"text-align: left;\">\n<li>Metody amortyzacji \u015brodk\u00f3w trwa\u0142ych.<\/li>\n<li>Zasady amortyzacji podatkowej.<\/li>\n<li>Ulepszenia \u015brodk\u00f3w trwa\u0142ych.<\/li>\n<li>Wycena i ewidencja \u015brodk\u00f3w trwa\u0142ych w budowie.<\/li>\n<\/ol>\n<p style=\"text-align: left;\">5.&nbsp; Warto\u015bci niematerialne i prawne.<\/p>\n<p style=\"text-align: left;\">6.&nbsp;&nbsp; Zasady i okresy amortyzacji bilansowej WNiP<\/p>\n<p style=\"text-align: left;\">7.&nbsp;&nbsp; Podatkowa amortyzacja tych sk\u0142adnik\u00f3w.<\/p>\n<p style=\"text-align: left;\">Rzeczowe aktywa obrotowe &#8211; zapasy.<\/p>\n<ol style=\"text-align: left;\">\n<li>Metody wyceny zapas\u00f3w.<\/li>\n<li>Dozwolone uproszczenia w wycenie i ewidencji zapas\u00f3w.<\/li>\n<li>Zakupy materia\u0142\u00f3w i towar\u00f3w w kraju oraz z zagranicy.<\/li>\n<li>Obr\u00f3t towarowy, w tym sprzeda\u017c komisowa.<\/li>\n<li>Obr\u00f3t opakowaniami.<\/li>\n<\/ol>\n<p style=\"text-align: left;\">Rozrachunki z dostawcami i odbiorcami.<\/p>\n<ol style=\"text-align: left;\">\n<li>Ewidencja reklamacji.<\/li>\n<li>Nale\u017cno\u015bci dochodzone na drodze s\u0105dowej.<\/li>\n<li>Rozrachunki wyra\u017cone w walucie obcej(w tym kompensata, barter).<\/li>\n<li>Obr\u00f3t wierzytelno\u015bciami.<\/li>\n<li>Aktualizacja nale\u017cno\u015bci.<\/li>\n<li>Rozrachunki szczeg\u00f3lnego rodzaju<\/li>\n<\/ol>\n<p style=\"text-align: left;\">Koszty oraz przychody podstawowej dzia\u0142alno\u015bci operacyjnej.<\/p>\n<ol style=\"text-align: left;\">\n<li>Warianty ewidencyjne koszt\u00f3w.<\/li>\n<li>Rozliczenia mi\u0119dzyokresowe koszt\u00f3w.<\/li>\n<li>Wycena i ewidencja produkt\u00f3w.<\/li>\n<li>Koszt w\u0142asny sprzeda\u017cy.<\/li>\n<li>Zmiana stanu produkt\u00f3w.<\/li>\n<li>Obroty wewn\u0119trzne.<\/li>\n<li>Rozliczenia mi\u0119dzyokresowe przychod\u00f3w.<\/li>\n<\/ol>\n<p style=\"text-align: left;\">Procedura ustalania wyniku finansowego.<\/p>\n<ol style=\"text-align: left;\">\n<li>Inwentaryzacja \u2013 terminy, metody oraz rozliczanie r\u00f3\u017cnic.<\/li>\n<li>Tworzenie i rozwi\u0105zywanie rezerw.<\/li>\n<li>Wycena sk\u0142adnik\u00f3w wyra\u017conych w walucie obcej.<\/li>\n<li>Uj\u0119cie w ksi\u0119gach zdarze\u0144 nadzwyczajnych.<\/li>\n<\/ol>\n<p style=\"text-align: left;\">Podatek dochodowy odroczony.<\/p>\n<ol style=\"text-align: left;\">\n<li>Podatkowa warto\u015b\u0107 aktyw\u00f3w i pasyw\u00f3w.<\/li>\n<li>Naliczanie oraz rozliczenie aktyw\u00f3w z tytu\u0142u podatku dochodowego.<\/li>\n<li>Tworzenie i rozwi\u0105zywanie rezerw na podatek dochodowy.<\/li>\n<li>Prezentacja podatku dochodowego odroczonego w sprawozdaniu finansowym.<\/li>\n<\/ol>\n<p style=\"text-align: left;\">Sprawozdanie finansowe jednostki.<\/p>\n<ol style=\"text-align: left;\">\n<li>Wycena aktyw\u00f3w i pasyw\u00f3w na dzie\u0144 bilansowy.<\/li>\n<li>Por\u00f3wnawczy oraz kalkulacyjny wariant rachunku zysk\u00f3w i strat.<\/li>\n<li>Rachunek przep\u0142yw\u00f3w pieni\u0119\u017cnych \u2013 zasady sporz\u0105dzania oraz zawarto\u015bci poszczeg\u00f3lnych pozycji przy metodzie bezpo\u015bredniej oraz po\u015bredniej.<\/li>\n<li>Zestawienie zmian w kapitale w\u0142asnym.<\/li>\n<li>Informacja uzupe\u0142niaj\u0105ca do sprawozdania finansowego.<\/li>\n<li>Obowi\u0105zki sprawozdawcze podmiot\u00f3w rachunkowo\u015bci.<\/li>\n<li>Sporz\u0105dzanie sprawozda\u0144 finansowych w przyk\u0142adach.<\/li>\n<li>Konsolidacja sprawozda\u0144 finansowych<\/li>\n<li>Analiza sprawozdania finansowego<\/li>\n<\/ol>\n<p style=\"text-align: left;\">III. RACHUNEK KOSZT\u00d3W I RACHUNKOWO\u015a\u0106 ZARZ\u0104DCZA<\/p>\n<p style=\"text-align: left;\">1.Rachunek koszt\u00f3w jako podstawa rachunkowo\u015bci zarz\u0105dczej,<\/p>\n<p style=\"text-align: left;\">2. Rachunek i kalkulacja koszt\u00f3w firmy<\/p>\n<p style=\"text-align: left;\">IV. PRAWO PODATKOWE \u2013 WYBRANE ZAGADNIENIA<\/p>\n<p style=\"text-align: left;\">1.Podstawy prawa gospodarczego<\/p>\n<p style=\"text-align: left;\">2.Podatek od towar\u00f3w i us\u0142ug<\/p>\n<p style=\"text-align: left;\">3.Podatek dochodowy od os\u00f3b prawnych<\/p>\n<p style=\"text-align: left;\">4.Inne podatki i op\u0142aty obci\u0105\u017caj\u0105ce koszty dzia\u0142alno\u015bci<\/p>\n<p style=\"text-align: left;\">V. KONTROLA WEWN\u0118TRZNA I ZEWN\u0118TRZNA<\/p>\n","protected":false},"excerpt":{"rendered":"<p>Kurs dla kandydat\u00f3w na g\u0142\u00f3wnych ksi\u0119gowych Czas trwania i spos\u00f3b organizacji kursu: Kurs obejmuje 72 godziny dydaktyczne. Zaj\u0119cia s\u0105 realizowane w systemie poniedzia\u0142ek i \u015broda w godz. 17.00-20.00 przez 4 miesi\u0105ce lub w systemie weekendowym w soboty i niedziele w godz. 8.30 \u2013 16.00. przez 3 miesi\u0105ce. Formy realizacji: wyk\u0142ady,&nbsp; \u0107wiczenia a przede wszystkim warsztaty &hellip; <a href=\"https:\/\/prominet.pl\/?page_id=1191\" class=\"more-link\">Continue reading<span class=\"screen-reader-text\"> &#8222;Kurs G\u0142\u00f3wny Ksi\u0119gowy&#8221;<\/span><\/a><\/p>\n","protected":false},"author":1,"featured_media":0,"parent":118,"menu_order":150,"comment_status":"closed","ping_status":"open","template":"","meta":{"_monsterinsights_skip_tracking":false,"_monsterinsights_sitenote_active":false,"_monsterinsights_sitenote_note":"","_monsterinsights_sitenote_category":0,"_links_to":"","_links_to_target":""},"_links":{"self":[{"href":"https:\/\/prominet.pl\/index.php?rest_route=\/wp\/v2\/pages\/1191"}],"collection":[{"href":"https:\/\/prominet.pl\/index.php?rest_route=\/wp\/v2\/pages"}],"about":[{"href":"https:\/\/prominet.pl\/index.php?rest_route=\/wp\/v2\/types\/page"}],"author":[{"embeddable":true,"href":"https:\/\/prominet.pl\/index.php?rest_route=\/wp\/v2\/users\/1"}],"replies":[{"embeddable":true,"href":"https:\/\/prominet.pl\/index.php?rest_route=%2Fwp%2Fv2%2Fcomments&post=1191"}],"version-history":[{"count":20,"href":"https:\/\/prominet.pl\/index.php?rest_route=\/wp\/v2\/pages\/1191\/revisions"}],"predecessor-version":[{"id":2191,"href":"https:\/\/prominet.pl\/index.php?rest_route=\/wp\/v2\/pages\/1191\/revisions\/2191"}],"up":[{"embeddable":true,"href":"https:\/\/prominet.pl\/index.php?rest_route=\/wp\/v2\/pages\/118"}],"wp:attachment":[{"href":"https:\/\/prominet.pl\/index.php?rest_route=%2Fwp%2Fv2%2Fmedia&parent=1191"}],"curies":[{"name":"wp","href":"https:\/\/api.w.org\/{rel}","templated":true}]}}