{"id":1271,"date":"2012-06-21T13:33:07","date_gmt":"2012-06-21T13:33:07","guid":{"rendered":"http:\/\/prominet.pl\/?page_id=1271"},"modified":"2021-04-15T11:16:39","modified_gmt":"2021-04-15T11:16:39","slug":"ochrona-danych-osobowych","status":"publish","type":"page","link":"https:\/\/prominet.pl\/?page_id=1271","title":{"rendered":"Ochrona danych osobowych"},"content":{"rendered":"<h1><span style=\"color: #333399;\">Szkolenie : Ochrona Danych Osobowych<\/span><\/h1>\n<p><span style=\"color: #000080;\"><strong>CEL SZKOLENIA:<\/strong><\/span><strong> <\/strong><\/p>\n<p><strong><\/strong>Celem szkolenia jest zapoznanie z tematyk\u0105 danych osobowych,&nbsp; aktualnymi przepisami prawnymi dotycz\u0105cymi ochrony danych osobowych oraz praktyk\u0105 ich stosowania na podstawie analizy przypadk\u00f3w.<\/p>\n<p><span style=\"color: #000080;\"><strong>CZAS TRWANIA:<\/strong><\/span><strong> <\/strong><\/p>\n<p>szkolenie jednodniowe w godz. 9.00 \u2013 15.00<\/p>\n<p><span style=\"color: #000080;\"><strong>PROGRAM SZKOLENIA:<\/strong><\/span><strong> <\/strong><\/p>\n<h4><span style=\"color: #000080;\"><strong>1. Podstawy ochrony danych osobowych<\/strong><\/span><\/h4>\n<p><span style=\"color: #000000;\">&#8211; przepisy prawne<br \/>\n&#8211; podstawowe definicje<br \/>\n&#8211; zbi\u00f3r danych osobowych<br \/>\n&#8211; przetwarzanie danych osobowych<\/span><\/p>\n<h4><span style=\"color: #000080;\">2. Administrator danych<\/span><\/h4>\n<p><span style=\"color: #000000;\">&#8211; obowi\u0105zki administratora danych<br \/>\n&#8211; podstawy przetwarzania danych osobowych<br \/>\n&#8211; obowi\u0105zek informacyjny<br \/>\n&#8211; zachowanie celu, merytoryczna poprawno\u015b\u0107 i adekwatno\u015b\u0107<br \/>\n&#8211; powierzenie przetwarzania danych osobowych<br \/>\n&#8211; udost\u0119pnianie danych osobowych<br \/>\n&#8211; przekazywanie danych osobowych za granic\u0119<br \/>\n&#8211; rejestracja zbior\u00f3w danych osobowych<br \/>\n&#8211; respektowanie praw os\u00f3b, kt\u00f3rych dane dotycz\u0105<br \/>\n&#8211; zabezpieczenia danych osobowych<\/span><\/p>\n<h4><span style=\"color: #000080;\">3. Przetwarzanie danych osobowych przedsi\u0119biorc\u00f3w prowadz\u0105cych dzia\u0142alno\u015b\u0107 gospodarcz\u0105 &#8211; zmiany w ustawie<\/span><\/h4>\n<h4><span style=\"color: #000080;\">4. Odpowiedzialno\u015b\u0107 prawna w wypadku naruszenia przepis\u00f3w ustawy<\/span><\/h4>\n<p><span style=\"color: #000000;\">&#8211; odpowiedzialno\u015b\u0107 cywilna<br \/>\n&#8211; odpowiedzialno\u015b\u0107 dyscyplinarna<br \/>\n&#8211; odpowiedzialno\u015b\u0107 karna \u2013 nowe elementy odpowiedzialno\u015bci karnej (udaremnienie lub utrudnienie kontroli)<\/span><\/p>\n<h4><span style=\"color: #000080;\">5.Przyk\u0142ady narusze\u0144 ochrony danych osobowych<\/span><\/h4>\n<h4><span style=\"color: #000080;\">6.Orzeczenia GIODO w zakresie przetwarzania danych osobowych<br \/>\n<\/span><\/h4>\n","protected":false},"excerpt":{"rendered":"<p>Szkolenie : Ochrona Danych Osobowych CEL SZKOLENIA: Celem szkolenia jest zapoznanie z tematyk\u0105 danych osobowych,&nbsp; aktualnymi przepisami prawnymi dotycz\u0105cymi ochrony danych osobowych oraz praktyk\u0105 ich stosowania na podstawie analizy przypadk\u00f3w. CZAS TRWANIA: szkolenie jednodniowe w godz. 9.00 \u2013 15.00 PROGRAM SZKOLENIA: 1. Podstawy ochrony danych osobowych &#8211; przepisy prawne &#8211; podstawowe definicje &#8211; zbi\u00f3r danych &hellip; <a href=\"https:\/\/prominet.pl\/?page_id=1271\" class=\"more-link\">Continue reading<span class=\"screen-reader-text\"> &#8222;Ochrona danych osobowych&#8221;<\/span><\/a><\/p>\n","protected":false},"author":1,"featured_media":0,"parent":917,"menu_order":60,"comment_status":"closed","ping_status":"open","template":"","meta":{"_monsterinsights_skip_tracking":false,"_monsterinsights_sitenote_active":false,"_monsterinsights_sitenote_note":"","_monsterinsights_sitenote_category":0,"_links_to":"","_links_to_target":""},"_links":{"self":[{"href":"https:\/\/prominet.pl\/index.php?rest_route=\/wp\/v2\/pages\/1271"}],"collection":[{"href":"https:\/\/prominet.pl\/index.php?rest_route=\/wp\/v2\/pages"}],"about":[{"href":"https:\/\/prominet.pl\/index.php?rest_route=\/wp\/v2\/types\/page"}],"author":[{"embeddable":true,"href":"https:\/\/prominet.pl\/index.php?rest_route=\/wp\/v2\/users\/1"}],"replies":[{"embeddable":true,"href":"https:\/\/prominet.pl\/index.php?rest_route=%2Fwp%2Fv2%2Fcomments&post=1271"}],"version-history":[{"count":8,"href":"https:\/\/prominet.pl\/index.php?rest_route=\/wp\/v2\/pages\/1271\/revisions"}],"predecessor-version":[{"id":2187,"href":"https:\/\/prominet.pl\/index.php?rest_route=\/wp\/v2\/pages\/1271\/revisions\/2187"}],"up":[{"embeddable":true,"href":"https:\/\/prominet.pl\/index.php?rest_route=\/wp\/v2\/pages\/917"}],"wp:attachment":[{"href":"https:\/\/prominet.pl\/index.php?rest_route=%2Fwp%2Fv2%2Fmedia&parent=1271"}],"curies":[{"name":"wp","href":"https:\/\/api.w.org\/{rel}","templated":true}]}}