{"id":1426,"date":"2013-06-04T13:25:26","date_gmt":"2013-06-04T13:25:26","guid":{"rendered":"http:\/\/prominet.pl\/?page_id=1426"},"modified":"2013-06-13T10:36:48","modified_gmt":"2013-06-13T10:36:48","slug":"polityka-prywatnosci","status":"publish","type":"page","link":"https:\/\/prominet.pl\/?page_id=1426","title":{"rendered":"Polityka Prywatno\u015bci"},"content":{"rendered":"<p>POLITYKA PRYWATNO\u015aCI<\/p>\n<p>1. Cookies to pliki tekstowe, kt\u00f3re s\u0105 zapisywane na dysku urz\u0105dzenia ko\u0144cowego u\u017cytkownika, u\u017cywane przez serwer do rozpoznania urz\u0105dzenia u\u017cytkownika przy ponownym po\u0142\u0105czeniu. Pliki cookie s\u0105 pobierane przy ka\u017cdym &#8222;wej\u015bciu&#8221; i &#8222;wyj\u015bciu&#8221; z serwisu. Pliki cookie nie s\u0142u\u017c\u0105 do ustalania to\u017csamo\u015bci u\u017cytkownika, a jedynie identyfikuj\u0105 urz\u0105dzenie u\u017cytkownika.<br \/>\n2. PROMINET Centrum Edukacji i Biznesu u\u017cywa pliki cookie do rozpoznawania i zapami\u0119tania informacji o kontakcie urz\u0105dzenia u\u017cytkownika z serwisem PROMINET. Pozwala to bardziej precyzyjnie rozpoznawa\u0107 indywidualne potrzeby u\u017cytkownika i dzi\u0119ki temu oferowa\u0107 mu lepsze us\u0142ugi i bardziej dostosowane do jego wymaga\u0144.<br \/>\n3. Pliki cookie s\u0105 wykorzystywane przez PROMINET Centum Edukacji i Biznesu do tworzenia statystyk pracy serwisu i odwiedzin u\u017cytkownik\u00f3w.<br \/>\n4. Ka\u017cdy u\u017cytkownik mo\u017ce nie wyrazi\u0107 zgody na umieszczanie plik\u00f3w cookie na jego urz\u0105dzeniu. W tym celu nale\u017cy skorzysta\u0107 z opcji wy\u0142\u0105czenia pobierania i przechowywania plik\u00f3w cookie w przegl\u0105darce internetowej.<br \/>\n5. Wszelkie zmiany dotycz\u0105ce Polityki Prywatno\u015bci b\u0119d\u0105 udost\u0119pniane na niniejszej stronie.<\/p>\n","protected":false},"excerpt":{"rendered":"<p>POLITYKA PRYWATNO\u015aCI 1. Cookies to pliki tekstowe, kt\u00f3re s\u0105 zapisywane na dysku urz\u0105dzenia ko\u0144cowego u\u017cytkownika, u\u017cywane przez serwer do rozpoznania urz\u0105dzenia u\u017cytkownika przy ponownym po\u0142\u0105czeniu. Pliki cookie s\u0105 pobierane przy ka\u017cdym &#8222;wej\u015bciu&#8221; i &#8222;wyj\u015bciu&#8221; z serwisu. Pliki cookie nie s\u0142u\u017c\u0105 do ustalania to\u017csamo\u015bci u\u017cytkownika, a jedynie identyfikuj\u0105 urz\u0105dzenie u\u017cytkownika. 2. PROMINET Centrum Edukacji i Biznesu &hellip; <a href=\"https:\/\/prominet.pl\/?page_id=1426\" class=\"more-link\">Continue reading<span class=\"screen-reader-text\"> &#8222;Polityka Prywatno\u015bci&#8221;<\/span><\/a><\/p>\n","protected":false},"author":1,"featured_media":0,"parent":131,"menu_order":50,"comment_status":"closed","ping_status":"closed","template":"","meta":{"_monsterinsights_skip_tracking":false,"_monsterinsights_sitenote_active":false,"_monsterinsights_sitenote_note":"","_monsterinsights_sitenote_category":0,"_links_to":"","_links_to_target":""},"_links":{"self":[{"href":"https:\/\/prominet.pl\/index.php?rest_route=\/wp\/v2\/pages\/1426"}],"collection":[{"href":"https:\/\/prominet.pl\/index.php?rest_route=\/wp\/v2\/pages"}],"about":[{"href":"https:\/\/prominet.pl\/index.php?rest_route=\/wp\/v2\/types\/page"}],"author":[{"embeddable":true,"href":"https:\/\/prominet.pl\/index.php?rest_route=\/wp\/v2\/users\/1"}],"replies":[{"embeddable":true,"href":"https:\/\/prominet.pl\/index.php?rest_route=%2Fwp%2Fv2%2Fcomments&post=1426"}],"version-history":[{"count":7,"href":"https:\/\/prominet.pl\/index.php?rest_route=\/wp\/v2\/pages\/1426\/revisions"}],"predecessor-version":[{"id":1437,"href":"https:\/\/prominet.pl\/index.php?rest_route=\/wp\/v2\/pages\/1426\/revisions\/1437"}],"up":[{"embeddable":true,"href":"https:\/\/prominet.pl\/index.php?rest_route=\/wp\/v2\/pages\/131"}],"wp:attachment":[{"href":"https:\/\/prominet.pl\/index.php?rest_route=%2Fwp%2Fv2%2Fmedia&parent=1426"}],"curies":[{"name":"wp","href":"https:\/\/api.w.org\/{rel}","templated":true}]}}