{"id":155,"date":"2009-09-16T17:40:43","date_gmt":"2009-09-16T16:40:43","guid":{"rendered":"http:\/\/tabaza.pl\/wordpress\/?page_id=155"},"modified":"2021-12-27T15:57:18","modified_gmt":"2021-12-27T15:57:18","slug":"kurs-komputerowy-i-go-st","status":"publish","type":"page","link":"https:\/\/prominet.pl\/?page_id=155","title":{"rendered":"Kurs komputerowy I st."},"content":{"rendered":"<h2><strong> <\/strong><strong><span style=\"color: #0000ff;\"> Kurs komputerowy I st. <\/span><\/strong><\/h2>\n<h2><strong><span style=\"color: #0000ff;\"> <span style=\"color: #0000ff;\">(podstawowy)<\/span><\/span><\/strong><\/h2>\n<div><strong> <span style=\"color: #00ccff;\"><span style=\"text-decoration: underline;\">CEL KURSU:<\/span><\/span><\/strong><\/div>\n<div>&#8211; b\u0142yskawiczne i profesjonalne zdobycie wiedzy z zakresu obs\u0142ugi komputera<br \/>\n&#8211; zapoznanie si\u0119 z zasadami dzia\u0142ania aplikacji biurowych<br \/>\n&#8211; poznanie wybranych zastosowa\u0144 i narz\u0119dzi informatycznych<br \/>\n&#8211; zg\u0142\u0119bienie wiedzy z zakresu profesjonalnej obs\u0142ugi pakietu oprogramowania biurowego MS Office<\/div>\n<div><\/div>\n<div><strong><span style=\"color: #00ccff;\"><span style=\"text-decoration: underline;\">CZAS TRWANIA:<\/span><\/span><\/strong><\/div>\n<div>32 godziny<br \/>\nKurs realizowany jest w systemie codziennym od poniedzia\u0142ku do pi\u0105tku<br \/>\nEdycja poranna &#8211; codziennie w godz. od 9.00 do 13.00<br \/>\nEdycja wieczorowa &#8211; codziennie w godz. od 16.00 do 20.00<\/div>\n<div><\/div>\n<div><strong><span style=\"color: #00ccff;\"><span style=\"text-decoration: underline;\">CO UMO\u017bLIWIA KURS:<\/span><\/span><\/strong><\/div>\n<div>&#8211; nabycie umiej\u0119tno\u015bci z zakresu obs\u0142ugi komputera i program\u00f3w biurowych, potwierdzonych za\u015bwiadczeniem o<\/div>\n<div>uko\u0144czeniu kursu na druku Ministerstwa Edukacji Narodowej.<\/div>\n<div><\/div>\n<div><span style=\"color: #00ccff;\"><strong> <span style=\"text-decoration: underline;\">PROGRAM KURSU OBEJMUJE:<\/span><\/strong><\/span><\/div>\n<h2><span style=\"font-family: Arial; color: blue; font-size: 8.5pt;\">1. Podstawy obs\u0142ugi komputera ( system operacyjny WindowsXP )<\/span><\/h2>\n<h3><span style=\"font-family: Arial; color: #333333; font-size: 8.5pt;\">-) Elementy budowy komputera<br \/>\n-) Zasady pracy w systemie Windows<br \/>\n-) Praca na plikach, folderach<br \/>\n-) Co to s\u0105 skr\u00f3ty i jakie maj\u0105 zastosowanie<br \/>\n-) Programy, kt\u00f3re u\u017cywamy na co dzie\u0144: Notatnik a WordPad, Paint, Kalkulator itp<br \/>\n-) Co to jest panel sterowania i do czego s\u0142u\u017cy ( m.in. zmiana rozdzielczo\u015bci ekranu, zmiana wygl\u0105du pulpitu itp)<\/span><\/h3>\n<p>&nbsp;<\/p>\n<h3><span style=\"font-family: Arial; color: blue; font-size: 8.5pt;\">2. Organizacja i zarz\u0105dzanie danymi na komputerze<\/span><\/h3>\n<p>-) Pliki i foldery<br \/>\n-) Tworzenie i kasowanie plik\u00f3w, folder\u00f3w i skr\u00f3t\u00f3w<br \/>\n-) Kopiowanie, przenoszenie, wklejanie plik\u00f3w, folder\u00f3w i skr\u00f3t\u00f3w<\/p>\n<p>&nbsp;<\/p>\n<h3><span style=\"font-family: Arial; color: blue; font-size: 8.5pt;\">3. Obs\u0142uga edytora tekst\u00f3w Word &#8211; podstawy <\/span><\/h3>\n<p>-) Redagowanie dokumentu<br \/>\n-) Formatowanie tekstu<br \/>\n-) Praca z tabelami i na tabelach<br \/>\n-) Grafika w edytorze tekstu Word<br \/>\n-) Ustawianie dokumentu do wydruku<br \/>\n-) Drukowanie dokumentu<\/p>\n<p>&nbsp;<\/p>\n<h3><span style=\"font-family: Arial; color: blue; font-size: 8.5pt;\">4. Obs\u0142uga arkusza kalkulacyjnego Excel &#8211; podstawy<\/span><\/h3>\n<p>-) Co to jest arkusz kalkulacyjny i do czego s\u0142u\u017cy<br \/>\n-) Praca na arkuszu: om\u00f3wienie budowy arkusza, wprowadzanie danych, kasowanie<br \/>\n-) Formu\u0142y i funkcje &#8211; podstawy<br \/>\n-) Sortowanie danych<br \/>\n-) Tworzenie wykres\u00f3w<br \/>\n-) Ustawienia arkusza do wydruku, drukowanie arkusza<\/p>\n<p>&nbsp;<\/p>\n<h3><span style=\"font-family: Arial; color: blue; font-size: 8.5pt;\">5. Podstawy Internetu<img loading=\"lazy\" class=\"alignright size-full wp-image-353\" title=\"podstawy internetu\" alt=\"podstawy internetu\" src=\"http:\/\/prominet.pl\/wp-content\/uploads\/2009\/09\/podstawy-internetu.jpg\" width=\"60\" height=\"70\"><\/span><\/h3>\n<p>-) Zasady u\u017cytkowania przegl\u0105darki internetowej ( na przyk\u0142adzie Mozilla Firefox, IE)<br \/>\n-) Do czego s\u0142u\u017cy Internet<br \/>\n-) Wyszukiwanie danych w Internecie<br \/>\n-) Co to jest wirus? Jak si\u0119 chroni\u0107 przed nim<\/p>\n<p>&nbsp;<\/p>\n<h3><span style=\"font-family: Arial; color: blue; font-size: 8.5pt;\">6. Poczta elektroniczna<\/span><\/h3>\n<p>-) Jak i gdzie za\u0142o\u017cy\u0107 skrzynk\u0119 pocztow\u0105<br \/>\n-) Tworzenie, wysy\u0142anie, odbieranie maili<br \/>\n-) Zarz\u0105dzanie naszymi mailami, tworzenie folder\u00f3w, przenoszenie, sortowanie maili, wyszukiwanie<br \/>\n-) Co to jest spam i jak go unika\u0107, czarna lista maili<br \/>\n-) Podsumowanie i sprawdzenie wiedzy<\/p>\n","protected":false},"excerpt":{"rendered":"<p>Kurs komputerowy I st. (podstawowy) CEL KURSU: &#8211; b\u0142yskawiczne i profesjonalne zdobycie wiedzy z zakresu obs\u0142ugi komputera &#8211; zapoznanie si\u0119 z zasadami dzia\u0142ania aplikacji biurowych &#8211; poznanie wybranych zastosowa\u0144 i narz\u0119dzi informatycznych &#8211; zg\u0142\u0119bienie wiedzy z zakresu profesjonalnej obs\u0142ugi pakietu oprogramowania biurowego MS Office CZAS TRWANIA: 32 godziny Kurs realizowany jest w systemie codziennym od &hellip; <a href=\"https:\/\/prominet.pl\/?page_id=155\" class=\"more-link\">Continue reading<span class=\"screen-reader-text\"> &#8222;Kurs komputerowy I st.&#8221;<\/span><\/a><\/p>\n","protected":false},"author":1,"featured_media":0,"parent":116,"menu_order":83,"comment_status":"closed","ping_status":"open","template":"","meta":{"_monsterinsights_skip_tracking":false,"_monsterinsights_sitenote_active":false,"_monsterinsights_sitenote_note":"","_monsterinsights_sitenote_category":0,"_links_to":"","_links_to_target":""},"_links":{"self":[{"href":"https:\/\/prominet.pl\/index.php?rest_route=\/wp\/v2\/pages\/155"}],"collection":[{"href":"https:\/\/prominet.pl\/index.php?rest_route=\/wp\/v2\/pages"}],"about":[{"href":"https:\/\/prominet.pl\/index.php?rest_route=\/wp\/v2\/types\/page"}],"author":[{"embeddable":true,"href":"https:\/\/prominet.pl\/index.php?rest_route=\/wp\/v2\/users\/1"}],"replies":[{"embeddable":true,"href":"https:\/\/prominet.pl\/index.php?rest_route=%2Fwp%2Fv2%2Fcomments&post=155"}],"version-history":[{"count":27,"href":"https:\/\/prominet.pl\/index.php?rest_route=\/wp\/v2\/pages\/155\/revisions"}],"predecessor-version":[{"id":2209,"href":"https:\/\/prominet.pl\/index.php?rest_route=\/wp\/v2\/pages\/155\/revisions\/2209"}],"up":[{"embeddable":true,"href":"https:\/\/prominet.pl\/index.php?rest_route=\/wp\/v2\/pages\/116"}],"wp:attachment":[{"href":"https:\/\/prominet.pl\/index.php?rest_route=%2Fwp%2Fv2%2Fmedia&parent=155"}],"curies":[{"name":"wp","href":"https:\/\/api.w.org\/{rel}","templated":true}]}}