{"id":164,"date":"2009-09-16T18:04:10","date_gmt":"2009-09-16T17:04:10","guid":{"rendered":"http:\/\/tabaza.pl\/wordpress\/?page_id=164"},"modified":"2021-04-15T11:26:48","modified_gmt":"2021-04-15T11:26:48","slug":"kurs-komputerowy-ii-go-st","status":"publish","type":"page","link":"https:\/\/prominet.pl\/?page_id=164","title":{"rendered":"Kurs komputerowy II st."},"content":{"rendered":"<h2><span style=\"color: #000080;\"> Kurs komputerowy II st. <\/span><\/h2>\n<h2><span style=\"color: #000080;\"> \u015aredniozaawansowany<br \/>\n<\/span><\/h2>\n<div><strong> <span style=\"color: #0000ff;\"><span style=\"text-decoration: underline;\">CEL KURSU:<\/span><\/span><\/strong><\/div>\n<p>&#8211; b\u0142yskawiczna nauka praktycznego wykorzystania program\u00f3w w&nbsp;pracy w biurze<br \/>\n&#8211;&nbsp;pog\u0142\u0119bienie wiedzy o&nbsp;dzia\u0142aniu aplikacji biurowych MS Office<br \/>\n&#8211; poznanie wybranych zastosowa\u0144 i narz\u0119dzi informatycznych<\/p>\n<div><strong> <span style=\"color: #0000ff;\"><span style=\"text-decoration: underline;\">CZAS TRWANIA:<\/span><\/span><\/strong><\/div>\n<p>40 godzin<br \/>\nKurs realizowany jest w systemie codziennym od poniedzia\u0142ku do pi\u0105tku w godzinach rannych lub popo\u0142udniowych<br \/>\nEdycja poranna &#8211; codziennie w godz. od 9.00 do 13.00<br \/>\nEdycja wieczorowa &#8211; codziennie w godz. od 17.00 do 20.00<\/p>\n<div><strong> <span style=\"color: #0000ff;\"><span style=\"text-decoration: underline;\">CO UMO\u017bLIWIA KURS:<\/span><\/span><\/strong><\/div>\n<p>&#8211; nabycie umiej\u0119tno\u015bci z zakresu obs\u0142ugi komputera i program\u00f3w biurowych, potwierdzonych za\u015bwiadczeniem o uko\u0144czeniu kursu na druku Ministerstwa Edukacji Narodowej.<\/p>\n<div><strong> <span style=\"color: #0000ff;\">PROGRAM KURSU obejmuje:<\/span><\/strong><\/div>\n<p>1. Edytor tekstu Word<\/p>\n<p>&#8211; podzia\u0142 dokumentu na sekcje<br \/>\n&#8211; wstawianie tabulator\u00f3w i znak\u00f3w wiod\u0105cych<br \/>\n&#8211; tworzenie przypis\u00f3w<br \/>\n&#8211; tworzenie w\u0142asnej formy numeracji z uwzgl\u0119dnieniem konspektu<br \/>\n&#8211; dokumenty wielostronicowe, automatyczny spis tre\u015bci, nag\u0142\u00f3wek\/stopka dokumentu<br \/>\n&#8211; zmiana numeracji stron<br \/>\n&#8211; tworzenie stylu oraz formatowanie dokumentu przy ich pomocy<br \/>\n&#8211; tworzenie p\u00f3l tekstowych i osadzanie ich wewn\u0105trz dokumentu<br \/>\n&#8211; korespondencja seryjna, tworzenie etykiet adresowanych oraz list\u00f3w seryjnych<br \/>\n&#8211; wstawianie grafiki do dokumentu<br \/>\n&#8211; sortowanie danych<br \/>\n&#8211; proste formu\u0142y<br \/>\n&#8211; tworzenie formularzy i ofert<\/p>\n<p>2. Arkusz kalkulacyjny MS Excel<span style=\"color: #000080;\"><br \/>\n<\/span><\/p>\n<p>&#8211; najcz\u0119\u015bciej u\u017cywane funkcje matematyczne<br \/>\n&#8211; wykorzystywanie adresowania wzgl\u0119dnego i bezwzgl\u0119dnego<br \/>\n&#8211; funkcje finansowe, wybrane funkcje pomocnicze (czasu i daty, tekstowe), funkcje logiczne<br \/>\n&#8211; formatowanie warunkowe<br \/>\n&#8211; formularze, \u015bledzenie zale\u017cno\u015bci<br \/>\n&#8211; sortowanie danych i filtry, wykorzystanie autofiltr\u00f3w, sumy cz\u0119\u015bciowe<br \/>\n&#8211; podstawowa walidacja danych (wyb\u00f3r z list rozwijanych)<br \/>\n&#8211; typy wykres\u00f3w i okre\u015blanie \u017ar\u00f3de\u0142 danych, formatowanie wykres\u00f3w<br \/>\n&#8211; drukowanie i jego opcje, przygotowywanie arkusza do druku<br \/>\n&#8211; zarz\u0105dzanie skoroszytami (tworzenie i organizacja, odno\u015bniki mi\u0119dzy skoroszytami)<br \/>\n&#8211; tabele przestawne i wykresy przestawne<br \/>\n&#8211; sortowanie i filtrowanie wykresu przestawnego<br \/>\n&#8211; szukanie wyniku, zarz\u0105dzanie danymi<br \/>\n&#8211; formaty plik\u00f3w i ich charakterystyka<br \/>\n&#8211; importowanie i eksportowanie danych<\/p>\n<p>3. Bazy danych Access<\/p>\n<p>otwieranie bazy danych, \u0107wiczenia w poruszaniu si\u0119 po tabelach<br \/>\n&#8211; wyszukiwanie danych wg kryteri\u00f3w<br \/>\n&#8211; zapis nowo wyszukanych&nbsp; danych w bazie danych<br \/>\n&#8211; tworzenie bazy danych od podstaw- \u0107wiczenia&nbsp; powstawania bazy danych<br \/>\n&#8211; formularze- wpis danych do tabeli poprzez formularze<br \/>\n&#8211; budowa formularzy w widoku projektu<br \/>\n&#8211; raporty wydruki danych<br \/>\n&#8211; kwerendy tworzenie relacji<br \/>\n&#8211; modyfikowanie projektu tabeli<br \/>\n&#8211; tabele nadrz\u0119dne i podrz\u0119dne, tabele s\u0142ownikowe- \u0142\u0105czenie tabel poprzez kreator odno\u015bnik\u00f3w<br \/>\n&#8211; obliczenia w tabelach, kwerendach, formularzach raportach<br \/>\n&#8211; suma, premia, wyp\u0142ata brutto<\/p>\n<p>4. Prezentacje PowerPoint<\/p>\n<p>&#8211; tworzenie prezentacji wg kreatora w PowerPoint<br \/>\n&#8211; reklama firmy<br \/>\n&#8211; tworzenie prezentacji od podstaw &#8211; animacje niestandardowe<br \/>\n&#8211; tabele, wykresy i schematy na slajdach<\/p>\n","protected":false},"excerpt":{"rendered":"<p>Kurs komputerowy II st. \u015aredniozaawansowany CEL KURSU: &#8211; b\u0142yskawiczna nauka praktycznego wykorzystania program\u00f3w w&nbsp;pracy w biurze &#8211;&nbsp;pog\u0142\u0119bienie wiedzy o&nbsp;dzia\u0142aniu aplikacji biurowych MS Office &#8211; poznanie wybranych zastosowa\u0144 i narz\u0119dzi informatycznych CZAS TRWANIA: 40 godzin Kurs realizowany jest w systemie codziennym od poniedzia\u0142ku do pi\u0105tku w godzinach rannych lub popo\u0142udniowych Edycja poranna &#8211; codziennie w godz. &hellip; <a href=\"https:\/\/prominet.pl\/?page_id=164\" class=\"more-link\">Continue reading<span class=\"screen-reader-text\"> &#8222;Kurs komputerowy II st.&#8221;<\/span><\/a><\/p>\n","protected":false},"author":1,"featured_media":0,"parent":116,"menu_order":85,"comment_status":"closed","ping_status":"open","template":"","meta":{"_monsterinsights_skip_tracking":false,"_monsterinsights_sitenote_active":false,"_monsterinsights_sitenote_note":"","_monsterinsights_sitenote_category":0,"_links_to":"","_links_to_target":""},"_links":{"self":[{"href":"https:\/\/prominet.pl\/index.php?rest_route=\/wp\/v2\/pages\/164"}],"collection":[{"href":"https:\/\/prominet.pl\/index.php?rest_route=\/wp\/v2\/pages"}],"about":[{"href":"https:\/\/prominet.pl\/index.php?rest_route=\/wp\/v2\/types\/page"}],"author":[{"embeddable":true,"href":"https:\/\/prominet.pl\/index.php?rest_route=\/wp\/v2\/users\/1"}],"replies":[{"embeddable":true,"href":"https:\/\/prominet.pl\/index.php?rest_route=%2Fwp%2Fv2%2Fcomments&post=164"}],"version-history":[{"count":18,"href":"https:\/\/prominet.pl\/index.php?rest_route=\/wp\/v2\/pages\/164\/revisions"}],"predecessor-version":[{"id":2193,"href":"https:\/\/prominet.pl\/index.php?rest_route=\/wp\/v2\/pages\/164\/revisions\/2193"}],"up":[{"embeddable":true,"href":"https:\/\/prominet.pl\/index.php?rest_route=\/wp\/v2\/pages\/116"}],"wp:attachment":[{"href":"https:\/\/prominet.pl\/index.php?rest_route=%2Fwp%2Fv2%2Fmedia&parent=164"}],"curies":[{"name":"wp","href":"https:\/\/api.w.org\/{rel}","templated":true}]}}