{"id":169,"date":"2009-09-16T18:17:53","date_gmt":"2009-09-16T17:17:53","guid":{"rendered":"http:\/\/tabaza.pl\/wordpress\/?page_id=169"},"modified":"2022-01-31T13:03:03","modified_gmt":"2022-01-31T13:03:03","slug":"kurs-doradcy-personalnego","status":"publish","type":"page","link":"https:\/\/prominet.pl\/?page_id=169","title":{"rendered":"Kurs Doradcy Personalnego"},"content":{"rendered":"<div><\/div>\n<h1><span style=\"color: #ff6600;\">Kurs Doradcy Personalnego<\/span><\/h1>\n<h5><span style=\"color: #ff6600;\"><span style=\"text-decoration: underline;\">CEL KURSU:<\/span><\/span><\/h5>\n<div>&#8211; wyposa\u017cenie w kluczowe kompetencje w zakresie doradztwa personalnego,<br \/>\n&#8211; tworzenie efektywnych procedur diagnozuj\u0105cych, rekrutuj\u0105cych i selekcjonuj\u0105cych pracownik\u00f3w,<br \/>\n&#8211; przygotowanie do wprowadzania zmian personalnych w firmie,<br \/>\n&#8211; nabywanie umiej\u0119tno\u015bci doboru kadry w budowaniu stabilnej organizacji,<br \/>\n&#8211; tworzenie systemu oceny zawodowej pracownik\u00f3w,<br \/>\n&#8211; budowanie w\u0142asnego wizerunku jako doradcy personalnego.<\/div>\n<div><\/div>\n<div><\/div>\n<h5><strong><span style=\"color: #ff6600;\"><span style=\"text-decoration: underline;\">CZAS TRWANIA:<\/span><\/span><\/strong><\/h5>\n<div>&#8211; 40 godzin<br \/>\nKurs odbywa si\u0119 3 razy w tygodniu w godzinach popo\u0142udniowych od 17.00 do 20.00.<\/div>\n<div>\n<h5><span style=\"color: #008000;\">Uwaga! Najbli\u017csza edycja kursu doradcy personalnego<\/span><\/h5>\n<h5><span style=\"color: #008000;\"> rozpoczyna si\u0119 27. lutego 2017r<\/span><\/h5>\n<p><!--more--><\/p>\n<\/div>\n<div><\/div>\n<div><\/div>\n<h5><span style=\"color: #ff6600;\"><span style=\"text-decoration: underline;\">CO UMO\u017bLIWIA KURS:<\/span><\/span><\/h5>\n<div>&#8211; Uzyskanie kwalifikacji doradcy personalnego, potwierdzonych za\u015bwiadczeniem o uko\u0144czeniu kursu na druku Ministerstwa Edukacji Narodowej.<\/div>\n<div id=\"a\"><\/div>\n<div><\/div>\n<h5><span style=\"color: #ff6600;\"><span style=\"text-decoration: underline;\">PROGRAM KURSU obejmuje m.in.:<\/span><\/span><\/h5>\n<p>1.Wyposa\u017cenie w kluczowe kompetencje w zakresie doradztwa personalnego,<br \/>\n\u00b7&nbsp;&nbsp;&nbsp;&nbsp;&nbsp;&nbsp;&nbsp;&nbsp; Budowanie \u015bwiadomo\u015bci w\u0142asnych kompetencji przydatnych w zawodzie doradcy ( komunikacja, inteligencja emocjonalna, asertywno\u015b\u0107, planowanie)<br \/>\n2.Tworzenie efektywnych procedur diagnozuj\u0105cych, rekrutuj\u0105cych i selekcjonuj\u0105cych pracownik\u00f3w,<br \/>\n\u00b7&nbsp;&nbsp;&nbsp;&nbsp;&nbsp;&nbsp;&nbsp;&nbsp; Metody pozyskiwania pracownik\u00f3w<br \/>\n\u00b7&nbsp;&nbsp;&nbsp;&nbsp;&nbsp;&nbsp;&nbsp;&nbsp; Etapy procesu rekrutacji<br \/>\n\u00b7&nbsp;&nbsp;&nbsp;&nbsp;&nbsp;&nbsp;&nbsp;&nbsp; Struktura procesu rekrutacji<br \/>\n\u00b7&nbsp;&nbsp;&nbsp;&nbsp;&nbsp;&nbsp;&nbsp;&nbsp; Podstawowe narz\u0119dzia rekrutacyjne<br \/>\n\u00b7&nbsp;&nbsp;&nbsp;&nbsp;&nbsp;&nbsp;&nbsp;&nbsp; Rodzaje rozmowy rekrutacyjnej<br \/>\n3. Przygotowanie do wprowadzania zmian personalnych w firmie,<br \/>\n\u00b7&nbsp;&nbsp;&nbsp;&nbsp;&nbsp;&nbsp;&nbsp;&nbsp; Development Centre jako narz\u0119dzie rozwoju pracownik\u00f3w<br \/>\n\u00b7&nbsp;&nbsp;&nbsp;&nbsp;&nbsp;&nbsp;&nbsp;&nbsp; Struktura, etapy, korzy\u015bci z przeprowadzonego projektu<br \/>\n4. Nabywanie umiej\u0119tno\u015bci doboru kadry w budowaniu stabilnej organizacji,<br \/>\n\u00b7&nbsp;&nbsp;&nbsp;&nbsp;&nbsp;&nbsp;&nbsp;&nbsp; Kryteria i wyznaczniki doboru pracownik\u00f3w<br \/>\n\u00b7&nbsp;&nbsp;&nbsp;&nbsp;&nbsp;&nbsp;&nbsp;&nbsp; Kultura organizacyjna a rozw\u00f3j pracownik\u00f3w<br \/>\n5. Tworzenie systemu oceny zawodowej pracownik\u00f3w,<br \/>\n\u00b7&nbsp;&nbsp;&nbsp;&nbsp;&nbsp;&nbsp;&nbsp;&nbsp; Informacja zwrotna jako narz\u0119dzie rozwoju pracownik\u00f3w<br \/>\n\u00b7&nbsp;&nbsp;&nbsp;&nbsp;&nbsp;&nbsp;&nbsp;&nbsp; Rozmowa oceniaj\u0105ca \u2013 etapy, cele,&nbsp; struktura.<br \/>\n6. Budowanie w\u0142asnego wizerunku jako doradcy personalnego<br \/>\n\u00b7&nbsp;&nbsp;&nbsp;&nbsp;&nbsp;&nbsp;&nbsp;&nbsp; Poszerzenie w\u0142asnego warsztatu pracy o elementy wiedzy, umiej\u0119tno\u015bci, wzbogacenie postawy.<\/p>\n<p>Kurs prowadzony jest metod\u0105 aktywizuj\u0105c\u0105 uczestnik\u00f3w.<br \/>\nJest oparty na przyk\u0142adach zbli\u017conych do rzeczywistych zada\u0144 s\u0142u\u017cb personalnych w przedsi\u0119biorstwach.<\/p>\n","protected":false},"excerpt":{"rendered":"<p>Kurs Doradcy Personalnego CEL KURSU: &#8211; wyposa\u017cenie w kluczowe kompetencje w zakresie doradztwa personalnego, &#8211; tworzenie efektywnych procedur diagnozuj\u0105cych, rekrutuj\u0105cych i selekcjonuj\u0105cych pracownik\u00f3w, &#8211; przygotowanie do wprowadzania zmian personalnych w firmie, &#8211; nabywanie umiej\u0119tno\u015bci doboru kadry w budowaniu stabilnej organizacji, &#8211; tworzenie systemu oceny zawodowej pracownik\u00f3w, &#8211; budowanie w\u0142asnego wizerunku jako doradcy personalnego. CZAS TRWANIA: &hellip; <a href=\"https:\/\/prominet.pl\/?page_id=169\" class=\"more-link\">Continue reading<span class=\"screen-reader-text\"> &#8222;Kurs Doradcy Personalnego&#8221;<\/span><\/a><\/p>\n","protected":false},"author":1,"featured_media":0,"parent":124,"menu_order":93,"comment_status":"closed","ping_status":"open","template":"","meta":{"_monsterinsights_skip_tracking":false,"_monsterinsights_sitenote_active":false,"_monsterinsights_sitenote_note":"","_monsterinsights_sitenote_category":0,"_links_to":"","_links_to_target":""},"_links":{"self":[{"href":"https:\/\/prominet.pl\/index.php?rest_route=\/wp\/v2\/pages\/169"}],"collection":[{"href":"https:\/\/prominet.pl\/index.php?rest_route=\/wp\/v2\/pages"}],"about":[{"href":"https:\/\/prominet.pl\/index.php?rest_route=\/wp\/v2\/types\/page"}],"author":[{"embeddable":true,"href":"https:\/\/prominet.pl\/index.php?rest_route=\/wp\/v2\/users\/1"}],"replies":[{"embeddable":true,"href":"https:\/\/prominet.pl\/index.php?rest_route=%2Fwp%2Fv2%2Fcomments&post=169"}],"version-history":[{"count":19,"href":"https:\/\/prominet.pl\/index.php?rest_route=\/wp\/v2\/pages\/169\/revisions"}],"predecessor-version":[{"id":2244,"href":"https:\/\/prominet.pl\/index.php?rest_route=\/wp\/v2\/pages\/169\/revisions\/2244"}],"up":[{"embeddable":true,"href":"https:\/\/prominet.pl\/index.php?rest_route=\/wp\/v2\/pages\/124"}],"wp:attachment":[{"href":"https:\/\/prominet.pl\/index.php?rest_route=%2Fwp%2Fv2%2Fmedia&parent=169"}],"curies":[{"name":"wp","href":"https:\/\/api.w.org\/{rel}","templated":true}]}}