{"id":1721,"date":"2014-08-08T11:14:28","date_gmt":"2014-08-08T11:14:28","guid":{"rendered":"http:\/\/prominet.pl\/?page_id=1721"},"modified":"2021-04-15T11:24:04","modified_gmt":"2021-04-15T11:24:04","slug":"kurs-ksiega-przychodow-i-rozchodow","status":"publish","type":"page","link":"https:\/\/prominet.pl\/?page_id=1721","title":{"rendered":"Kurs Ksi\u0119ga Przychod\u00f3w i Rozchod\u00f3w"},"content":{"rendered":"<h1><strong><span style=\"color: #993300;\">Kurs prowadzenia Ksi\u0119gi Przychod\u00f3w i Rozchod\u00f3w<\/span><\/strong><\/h1>\n<h4><strong><span style=\"color: #993300;\">CEL KURSU:<\/span><\/strong><\/h4>\n<p>&#8211; zapoznanie z og\u00f3lnymi zasadami prowadzenia dzia\u0142alno\u015bci gospodarczej oraz obowi\u0105zkami przedsi\u0119biorcy<\/p>\n<p>&#8211; poznanie podstaw prowadzenia ksi\u0119gowo\u015bci w formie K.P. i R.<\/p>\n<p>&#8211; poznanie zasad obiegu dokument\u00f3w<\/p>\n<p>&#8211; praktyczne poznanie zasad rozlicze\u0144 z urz\u0119dami skarbowymi<\/p>\n<h3><\/h3>\n<h4><span style=\"color: #993300;\">CZAS TRWANIA i SPOS\u00d3B REALIZACJI:<\/span><\/h4>\n<p>Kurs trwa 16 godzin lekcyjnych. Zaj\u0119cia s\u0105 realizowane w systemie codziennym od poniedzia\u0142ku do \u015brody w godzinach wieczornych 17.00-20.00 przez 4 dni.<br \/>\nFormy realizacji: wyk\u0142ady, zaj\u0119cia \u0107wiczeniowe.<\/p>\n<h4><span style=\"text-decoration: underline;\"><span style=\"color: #993300;\"><strong>Program kszta\u0142cenia w zakresie poszczeg\u00f3lnych zaj\u0119\u0107 edukacyjnych:<\/strong><\/span><\/span><\/h4>\n<p><span style=\"color: #000000;\"><span style=\"font-family: Arial, serif;\">I. Rozpocz\u0119cie dzia\u0142alno\u015bci gospodarczej; obowi\u0105zki przedsi\u0119biorcy i obowi\u0105zuj\u0105ce w tym zakresie przepisy.<br \/>\n1. Kto to jest przedsi\u0119biorca, co to jest przedsi\u0119biorstwo.<br \/>\n2. Wpis do ewidencji dzia\u0142alno\u015bci gospodarczej<br \/>\n3. Obowi\u0105zki wobec ZUS<br \/>\n4. Obowi\u0105zki wobec organu podatkowego<br \/>\n5. Obowi\u0105zki wobec okr\u0119gowego inspektora pracy oraz pa\u0144stwowego inspektora sanitarnego<br \/>\n6. Wyb\u00f3r opodatkowania i forma rozliczania zaliczek<\/span><\/span><\/p>\n<p><span style=\"color: #000000;\"><span style=\"font-family: Arial, serif;\">II. Prowadzenie podatkowej ksi\u0119gi przychod\u00f3w i rozchod\u00f3w &#8211; \u0107wiczenia<br \/>\n1. Regulacje prawne, czyli jakie przepisy.<br \/>\n2. Zobowi\u0105zana podmiot\u00f3w do prowadzenia KPiR<br \/>\n3. Zwolnienia obowi\u0105zku prowadzenia KPiR<br \/>\n4. Warunki jakie musi spe\u0142nia\u0107 ksi\u0119ga<br \/>\n5. Sankcje karne<br \/>\n6. Wpisy dokonywane w ksi\u0119dze<br \/>\n7. Dowody ksi\u0119gowe<\/span><\/span><\/p>\n<p><span style=\"color: #000000;\"><span style=\"font-family: Arial, serif;\">III. Prowadzenie dodatkowych ewidencji<br \/>\n1. Ewidencja wyposa\u017cenia<br \/>\n2. Ewidencja \u015brodk\u00f3w trwa\u0142ych<br \/>\n3. Ewidencja sprzeda\u017cy<br \/>\n4. Ewidencje zwi\u0105zane z samochodem<\/span><\/span><\/p>\n<p>IV. Rozliczenie przychod\u00f3w i koszt\u00f3w<br \/>\n1. Moment powstania przychodu<br \/>\n2. Kiedy nieodp\u0142atne \u015bwiadczenie jest przychodem<br \/>\n3. Metody ksi\u0119gowania koszt\u00f3w.<br \/>\n4. Dzie\u0144 poniesienia kosztu<br \/>\n5. Korekty koszt\u00f3w i innych wydatk\u00f3w<br \/>\n6. Faktury korekty dotycz\u0105ce lat ubieg\u0142ych<br \/>\n7. Zasady rozliczania koszt\u00f3w dzia\u0142alno\u015bci prowadzonej w mieszkaniu.<\/p>\n<p><span style=\"color: #000000;\"><span style=\"font-family: Arial, serif;\"> V.&nbsp; Zamykanie ksi\u0119gi \u2013 czyli obowi\u0105zki na koniec roku.<br \/>\n1. Spis z natury<br \/>\n2. Ustalenie dochodu.<\/span><\/span><\/p>\n<h4 style=\"color: #000000;\"><span style=\"color: #993300;\">CENA :<\/span><\/h4>\n<p style=\"color: #000000;\"><span style=\"color: #008080;\"><span style=\"color: #000000;\">Koszt kursu wynosi&nbsp;<\/span><span style=\"color: #000000;\"><span style=\"color: #000080;\">490 z\u0142<\/span><span style=\"color: #000000;\"> brutto i obejmuje: uczestnictwo , materia\u0142y szkoleniowe przygotowane przez wyk\u0142adowc\u00f3w oraz wydanie <\/span><\/span><\/span><span style=\"color: #000000;\">za\u015bwiadczenia o uko\u0144czeniu kursu na podstawie&nbsp;rozporz\u0105dzenia Ministra Edukacji Narodowej z dnia 18 sierpnia 2017 r. w sprawie kszta\u0142cenia ustawicznego w formach pozaszkolnych.(DzU poz.1632)<\/span><\/p>\n","protected":false},"excerpt":{"rendered":"<p>Kurs prowadzenia Ksi\u0119gi Przychod\u00f3w i Rozchod\u00f3w CEL KURSU: &#8211; zapoznanie z og\u00f3lnymi zasadami prowadzenia dzia\u0142alno\u015bci gospodarczej oraz obowi\u0105zkami przedsi\u0119biorcy &#8211; poznanie podstaw prowadzenia ksi\u0119gowo\u015bci w formie K.P. i R. &#8211; poznanie zasad obiegu dokument\u00f3w &#8211; praktyczne poznanie zasad rozlicze\u0144 z urz\u0119dami skarbowymi CZAS TRWANIA i SPOS\u00d3B REALIZACJI: Kurs trwa 16 godzin lekcyjnych. Zaj\u0119cia s\u0105 realizowane &hellip; <a href=\"https:\/\/prominet.pl\/?page_id=1721\" class=\"more-link\">Continue reading<span class=\"screen-reader-text\"> &#8222;Kurs Ksi\u0119ga Przychod\u00f3w i Rozchod\u00f3w&#8221;<\/span><\/a><\/p>\n","protected":false},"author":1,"featured_media":0,"parent":118,"menu_order":128,"comment_status":"closed","ping_status":"open","template":"","meta":{"_monsterinsights_skip_tracking":false,"_monsterinsights_sitenote_active":false,"_monsterinsights_sitenote_note":"","_monsterinsights_sitenote_category":0,"_links_to":"","_links_to_target":""},"_links":{"self":[{"href":"https:\/\/prominet.pl\/index.php?rest_route=\/wp\/v2\/pages\/1721"}],"collection":[{"href":"https:\/\/prominet.pl\/index.php?rest_route=\/wp\/v2\/pages"}],"about":[{"href":"https:\/\/prominet.pl\/index.php?rest_route=\/wp\/v2\/types\/page"}],"author":[{"embeddable":true,"href":"https:\/\/prominet.pl\/index.php?rest_route=\/wp\/v2\/users\/1"}],"replies":[{"embeddable":true,"href":"https:\/\/prominet.pl\/index.php?rest_route=%2Fwp%2Fv2%2Fcomments&post=1721"}],"version-history":[{"count":10,"href":"https:\/\/prominet.pl\/index.php?rest_route=\/wp\/v2\/pages\/1721\/revisions"}],"predecessor-version":[{"id":2190,"href":"https:\/\/prominet.pl\/index.php?rest_route=\/wp\/v2\/pages\/1721\/revisions\/2190"}],"up":[{"embeddable":true,"href":"https:\/\/prominet.pl\/index.php?rest_route=\/wp\/v2\/pages\/118"}],"wp:attachment":[{"href":"https:\/\/prominet.pl\/index.php?rest_route=%2Fwp%2Fv2%2Fmedia&parent=1721"}],"curies":[{"name":"wp","href":"https:\/\/api.w.org\/{rel}","templated":true}]}}