{"id":177,"date":"2009-09-17T17:05:10","date_gmt":"2009-09-17T16:05:10","guid":{"rendered":"http:\/\/tabaza.pl\/wordpress\/?page_id=177"},"modified":"2020-07-08T10:53:39","modified_gmt":"2020-07-08T10:53:39","slug":"kurs-kadrowo-placowy","status":"publish","type":"page","link":"https:\/\/prominet.pl\/?page_id=177","title":{"rendered":"Kurs kadrowo-p\u0142acowy"},"content":{"rendered":"<h2><span style=\"color: #008080;\">Kurs kadrowo-p\u0142acowy\u00a0<\/span><\/h2>\n<p><strong><span style=\"color: #008080;\"><span style=\"text-decoration: underline;\">Czas trwania i spos\u00f3b jej organizacji:<\/span><\/span><\/strong><\/p>\n<p>Kurs obejmuje <span style=\"color: #008080;\"><strong>44<\/strong><\/span> godziny lekcyjne.<\/p>\n<p>Zaj\u0119cia s\u0105 realizowane od poniedzia\u0142ku do \u015brody w godzinach 17.00-20.00 &#8211; \u0142\u0105cznie 11 spotka\u0144 szkoleniowych<\/p>\n<p><span style=\"color: #ff6600;\"><strong>Cena kursu wynosi 640 z\u0142<\/strong><\/span><\/p>\n<p>Formy realizacji: wyk\u0142ady, zaj\u0119cia \u0107wiczeniowe, zaj\u0119cia komputerowe.<\/p>\n<p><strong><span style=\"color: #008080;\"><span style=\"text-decoration: underline;\">Cele kszta\u0142cenia:<\/span><\/span><\/strong><\/p>\n<p>Celem kursu jest zdobycie wiedzy z zakresu prawa pracy, naliczania wynagrodze\u0144, rozlicze\u0144 z ZUS i US\u00a0oraz\u00a0obs\u0142ugi programu P\u0142atnik ZUS.<\/p>\n<p><span style=\"color: #008080;\"><strong><span style=\"text-decoration: underline;\">Tre\u015bci kszta\u0142cenia w zakresie poszczeg\u00f3lnych zaj\u0119\u0107 edukacyjnych:<\/span><\/strong><\/span><\/p>\n<p><span style=\"text-decoration: underline; color: #008080;\"><strong><span style=\"text-decoration: underline;\">KADRY<\/span><\/strong><\/span><\/p>\n<p>1. Og\u00f3lna charakterystyka prawa pracy<\/p>\n<p>a)\u00a0\u00a0\u00a0\u00a0\u00a0 \u017ar\u00f3d\u0142a prawa pracy ( kodeks pracy i inne akty wykonawcze oraz dyrektywy)<\/p>\n<p>b)\u00a0\u00a0\u00a0\u00a0 podstawowe zasady prawa pracy<\/p>\n<p>c)\u00a0\u00a0\u00a0 aktualne zmiany w prawie pracy<\/p>\n<p>d)\u00a0\u00a0 \u00a0Nadz\u00f3r i kontrola nad przestrzeganiem prawa pracy<\/p>\n<p>2. Stosunek pracy i strony stosunku pracy<\/p>\n<p>a)\u00a0\u00a0\u00a0\u00a0 pojecie ,cechy i powstanie stosunku pracy<\/p>\n<p>b)\u00a0\u00a0\u00a0\u00a0 inne formy zatrudnienia<\/p>\n<p>3. Umowa o prac\u0119 ze stosunku pracy i umowy cywilno \u2013 prawne<\/p>\n<p>a)\u00a0\u00a0 sk\u0142adniki \u00a0i rodzaje umowy o prac\u0119<\/p>\n<p>b)\u00a0\u00a0\u00a0 umowy cywilnoprawne\u00a0 (dzie\u0142o , zlecenie)<\/p>\n<p>4. Prawa i obowi\u0105zki stron stosunku pracy<\/p>\n<p>a)\u00a0\u00a0\u00a0\u00a0 obowi\u0105zki pracodawcy<\/p>\n<p>b)\u00a0\u00a0\u00a0\u00a0 obowi\u0105zki pracownika<\/p>\n<p>c)\u00a0\u00a0\u00a0\u00a0\u00a0 r\u00f3wnouprawnienie w zatrudnieniu<\/p>\n<p>5. Rozwi\u0105zywanie um\u00f3w o prac\u0119<\/p>\n<p>a)\u00a0\u00a0\u00a0\u00a0 tryb i podstawa prawna rozwi\u0105zania umowy o prac\u0119<\/p>\n<p>b)\u00a0\u00a0\u00a0\u00a0 \u015bwiadectwo pracy<\/p>\n<p>6. Urlopy pracownicze i ich rodzaje<\/p>\n<p>a)\u00a0\u00a0\u00a0\u00a0 Nabycie prawa do urlopu wypoczynkowego i wymiar urlopu<\/p>\n<p>b)\u00a0\u00a0\u00a0\u00a0 Zasady udzielania urlop\u00f3w wypoczynkowych<\/p>\n<p>c)\u00a0\u00a0\u00a0\u00a0 \u00a0Zasady udzielania urlopu w niepe\u0142nym o wymiarze czasu pracy<\/p>\n<p>d)\u00a0\u00a0\u00a0\u00a0 Urlop\u00a0 zaleg\u0142y , urlop na \u017c\u0105danie , okoliczno\u015bciowe i urlop bezp\u0142atny<\/p>\n<p>7.\u00a0 Szczeg\u00f3lne uprawnienia pracownicze wynikaj\u0105ce z rodzicielstwa<\/p>\n<p>8.\u00a0 Czas pracy i jego rodzaje \u2013 normy i rozliczanie czasu pracy<\/p>\n<p>a)\u00a0\u00a0\u00a0\u00a0 Definicja , wymiar i systemy czasu pracy<\/p>\n<p>b)\u00a0\u00a0\u00a0\u00a0 Praca w godzinach nadliczbowych , niedziele i \u015bwi\u0119ta , w nocy<\/p>\n<p>c)\u00a0\u00a0\u00a0\u00a0 Okresy odpoczynku<\/p>\n<p>9. Zasady prowadzenia dokumentacji pracowniczej \u2013 teczka akt osobowych<\/p>\n<p>wed\u0142ug aktualnych przepis\u00f3w<\/p>\n<p>\u2013 praca z dokumentami \u2013 \u0107wiczenia<\/p>\n<p>a)\u00a0\u00a0\u00a0\u00a0 Prowadzenie i kompletowanie dokumentacji pracowniczej ,<\/p>\n<p>b)\u00a0\u00a0\u00a0\u00a0\u00a0 Przechowywanie dokumentacji<\/p>\n<p>c)\u00a0\u00a0\u00a0\u00a0 Zg\u0142oszenie do ZUS\u00a0 i wyrejestrowanie z ZUS \u2013 terminy, dokumenty<\/p>\n<p>10. Zmiany w prawie pracy w 2018r.<\/p>\n<p><span style=\"text-decoration: underline; color: #008080;\"><strong>P\u0141ACE<\/strong><\/span><\/p>\n<p>1. Wynagrodzenie za prac\u0119<\/p>\n<ul>\n<li><span style=\"font-size: 13px; line-height: 19px;\">poj\u0119cie wynagrodzenia za prac\u0119, sk\u0142adniki wynagrodzenia, zasady i warunki ich przyznania<\/span><\/li>\n<li><span style=\"font-size: 13px; line-height: 19px;\">obligatoryjne sk\u0142adniki wynagrodzenia<\/span><\/li>\n<li><span style=\"font-size: 13px; line-height: 19px;\">rodzaje p\u0142acy zasadniczej<\/span><\/li>\n<li><span style=\"font-size: 13px; line-height: 19px;\">fakultatywne sk\u0142adniki wynagrodzenia<\/span><\/li>\n<li><span style=\"font-size: 13px; line-height: 19px;\">powszechnie obowi\u0105zuj\u0105ce przepisy<\/span><\/li>\n<li><span style=\"font-size: 13px; line-height: 19px;\">uk\u0142ad zbiorowy pracy<\/span><\/li>\n<li><span style=\"font-size: 13px; line-height: 19px;\">regulamin wynagradzania<\/span><\/li>\n<li><span style=\"font-size: 13px; line-height: 19px;\">minimalne wynagrodzenie za prac\u0119<\/span><\/li>\n<\/ul>\n<p>2. Zasady naliczania sk\u0142adek ZUS<\/p>\n<ul>\n<li><span style=\"font-size: 13px; line-height: 19px;\">podstawa wymiaru sk\u0142adek na ubezpieczenie spo\u0142eczne<\/span><\/li>\n<li><span style=\"font-size: 13px; line-height: 19px;\">podstawa wymiaru sk\u0142adek na ubezpieczenie zdrowotne<\/span><\/li>\n<li><span style=\"font-size: 13px; line-height: 19px;\">sk\u0142adniki wynagrodze\u0144 nie podlegaj\u0105ce sk\u0142adkom ZUS<\/span><\/li>\n<li><span style=\"font-size: 13px; line-height: 19px;\">roczne ograniczenie podstawy wymiaru sk\u0142adki emerytalnej i rentowej<\/span><\/li>\n<li><span style=\"font-size: 13px; line-height: 19px;\">obni\u017cenie sk\u0142adki zdrowotnej do wysoko\u015bci podatku<\/span><\/li>\n<\/ul>\n<p>3. Dokumentacja zg\u0142oszeniowa i rozliczeniowa ZUS<\/p>\n<ul>\n<li><span style=\"font-size: 13px; line-height: 19px;\">sporz\u0105dzanie raport\u00f3w rozliczeniowych<\/span><\/li>\n<\/ul>\n<p>4. Zasady ustalania i odprowadzania zaliczek na podatek dochodowy od os\u00f3b fizycznych<\/p>\n<ul>\n<li><span style=\"font-size: 13px; line-height: 19px;\">rozliczenia z Urz\u0119dem Skrabowym: miesi\u0119czne, roczne (PIT-4R, PIT-11, PIT-40)<\/span><\/li>\n<\/ul>\n<p>5. Wynagrodzenie za czas choroby<\/p>\n<ul>\n<li><span style=\"font-size: 13px; line-height: 19px;\">wysoko\u015b\u0107 i prawo do wynagrodzenia chorobowego<\/span><\/li>\n<li><span style=\"font-size: 13px; line-height: 19px;\">sk\u0142adniki wynagrodze\u0144 uwzgl\u0119dniane w podstawie do \u015bwiadcze\u0144 chorobowych<\/span><\/li>\n<li><span style=\"font-size: 13px; line-height: 19px;\">spos\u00f3b ustalenia wynagrodzenia za czas choroby<\/span><\/li>\n<\/ul>\n<p>6. Wynagrodzenie za czas urlopu<\/p>\n<ul>\n<li><span style=\"font-size: 13px; line-height: 19px;\">zasady naliczania urlopu i ekwiwalentu za urlop<\/span><\/li>\n<li><span style=\"font-size: 13px; line-height: 19px;\">sk\u0142adniki wynagrodzenia uwzgl\u0119dniane w podstawie do wynagrodzenia za urlop<\/span><\/li>\n<li><span style=\"font-size: 13px; line-height: 19px;\">wyliczanie ekwiwalentu za urlop dla pracownik\u00f3w zatrudnionych w niepe\u0142nym wymiarze czasu pracy<\/span><\/li>\n<\/ul>\n<p>7. Ochrona wynagrodzenia za prac\u0119<\/p>\n<ul>\n<li><span style=\"font-size: 13px; line-height: 19px;\">potr\u0105cenia z wynagrodze\u0144, rodzaje i wysoko\u015b\u0107 potr\u0105ce\u0144<\/span><\/li>\n<\/ul>\n<p>8. Umowy cywilno-prawne<\/p>\n<ul>\n<li><span style=\"font-size: 13px; line-height: 19px;\">rodzaje um\u00f3w<\/span><\/li>\n<li><span style=\"font-size: 13px; line-height: 19px;\">zasady podlegania sk\u0142adkom ZUS<\/span><\/li>\n<li><span style=\"font-size: 13px; line-height: 19px;\">koszty uzyskania przychodu z tytu\u0142u um\u00f3w cywilno-prawnych<\/span><\/li>\n<li><span style=\"font-size: 13px; line-height: 19px;\">podatek zrycza\u0142towany<\/span><\/li>\n<\/ul>\n<p>9.\u00a0Rodzaje um\u00f3w zlece\u0144 i zasady podlegania sk\u0142adkom ZUS w \u015bwietle<br \/>\nprzepis\u00f3w w 2019r.<\/p>\n<p>10. \u00a0Zmianie w prawie pracy w 2019r<\/p>\n<p><span style=\"color: #008080;\"><strong><span style=\"text-decoration: underline;\">Nauka programu P\u0141ATNIK<br \/>\n<\/span><\/strong><\/span><\/p>\n<p><img loading=\"lazy\" class=\"size-full wp-image-592 alignright\" title=\"P\u0142atnik ZUS\" src=\"http:\/\/prominet.pl\/wp-content\/uploads\/2009\/09\/pplatnik.JPG\" alt=\"Program P\u0142atnik\" width=\"87\" height=\"77\" \/><\/p>\n<p><strong><span style=\"color: #008080;\"><span style=\"text-decoration: underline;\">Spos\u00f3b sprawdzania efekt\u00f3w kszta\u0142cenia:<\/span><\/span><\/strong><\/p>\n<p>Kurs ko\u0144czy si\u0119 egzaminem sprawdzaj\u0105cym wiadomo\u015bci i umiej\u0119tno\u015bci z poszczeg\u00f3lnych zaj\u0119\u0107 edukacyjnych przewidzianych w programie nauczania tego kursu.<\/p>\n<p><span style=\"text-decoration: underline;\"><span style=\"color: #008080; text-decoration: underline;\"><strong>Certyfikat uko\u0144czenia kursu:<\/strong><\/span><\/span><\/p>\n<p>Uczestnicy otrzymuj\u0105 za\u015bwiadczenia o uko\u0144czeniu kursu na podstawie rozporz\u0105dzenia Ministra Edukacji Narodowej z dnia 18 sierpnia 2017 r. w sprawie kszta\u0142cenia ustawicznego w formach pozaszkolnych (DzU poz.1632).<\/p>\n","protected":false},"excerpt":{"rendered":"<p>Kurs kadrowo-p\u0142acowy\u00a0 Czas trwania i spos\u00f3b jej organizacji: Kurs obejmuje 44 godziny lekcyjne. Zaj\u0119cia s\u0105 realizowane od poniedzia\u0142ku do \u015brody w godzinach 17.00-20.00 &#8211; \u0142\u0105cznie 11 spotka\u0144 szkoleniowych Cena kursu wynosi 640 z\u0142 Formy realizacji: wyk\u0142ady, zaj\u0119cia \u0107wiczeniowe, zaj\u0119cia komputerowe. Cele kszta\u0142cenia: Celem kursu jest zdobycie wiedzy z zakresu prawa pracy, naliczania wynagrodze\u0144, rozlicze\u0144 z &hellip; <a href=\"https:\/\/prominet.pl\/?page_id=177\" class=\"more-link\">Continue reading<span class=\"screen-reader-text\"> &#8222;Kurs kadrowo-p\u0142acowy&#8221;<\/span><\/a><\/p>\n","protected":false},"author":1,"featured_media":0,"parent":122,"menu_order":75,"comment_status":"closed","ping_status":"open","template":"","meta":{"_monsterinsights_skip_tracking":false,"_monsterinsights_sitenote_active":false,"_monsterinsights_sitenote_note":"","_monsterinsights_sitenote_category":0,"_links_to":"","_links_to_target":""},"_links":{"self":[{"href":"https:\/\/prominet.pl\/index.php?rest_route=\/wp\/v2\/pages\/177"}],"collection":[{"href":"https:\/\/prominet.pl\/index.php?rest_route=\/wp\/v2\/pages"}],"about":[{"href":"https:\/\/prominet.pl\/index.php?rest_route=\/wp\/v2\/types\/page"}],"author":[{"embeddable":true,"href":"https:\/\/prominet.pl\/index.php?rest_route=\/wp\/v2\/users\/1"}],"replies":[{"embeddable":true,"href":"https:\/\/prominet.pl\/index.php?rest_route=%2Fwp%2Fv2%2Fcomments&post=177"}],"version-history":[{"count":162,"href":"https:\/\/prominet.pl\/index.php?rest_route=\/wp\/v2\/pages\/177\/revisions"}],"predecessor-version":[{"id":2169,"href":"https:\/\/prominet.pl\/index.php?rest_route=\/wp\/v2\/pages\/177\/revisions\/2169"}],"up":[{"embeddable":true,"href":"https:\/\/prominet.pl\/index.php?rest_route=\/wp\/v2\/pages\/122"}],"wp:attachment":[{"href":"https:\/\/prominet.pl\/index.php?rest_route=%2Fwp%2Fv2%2Fmedia&parent=177"}],"curies":[{"name":"wp","href":"https:\/\/api.w.org\/{rel}","templated":true}]}}