{"id":187,"date":"2009-09-17T17:27:13","date_gmt":"2009-09-17T16:27:13","guid":{"rendered":"http:\/\/tabaza.pl\/wordpress\/?page_id=187"},"modified":"2019-08-12T08:54:49","modified_gmt":"2019-08-12T08:54:49","slug":"kurs-kadrowo-placowy-ii-st","status":"publish","type":"page","link":"https:\/\/prominet.pl\/?page_id=187","title":{"rendered":"Kurs kadrowo-p\u0142acowy II st."},"content":{"rendered":"<p><strong><span style=\"color: #008000;\"><span style=\"text-decoration: underline;\">Czas trwania i spos\u00f3b jej organizacji:<\/span><\/span><\/strong><\/p>\n<p>Kurs obejmuje 36 godzin lekcyjnych.<\/p>\n<p>Zaj\u0119cia s\u0105 realizowane w systemie codziennym od poniedzia\u0142ku do pi\u0105tku w godzinach wieczornych 17.00-20.00 przez 9 dni.<\/p>\n<p>Formy realizacji: wyk\u0142ady, zaj\u0119cia \u0107wiczeniowe, zaj\u0119cia komputerowe.<\/p>\n<p><strong><span style=\"color: #008000;\"><span style=\"text-decoration: underline;\">Wymagania wst\u0119pne dla uczestnik\u00f3w:<\/span> <\/span><\/strong><\/p>\n<p>Uczestnikami kursu mog\u0105 by\u0107 osoby posiadaj\u0105ce wykszta\u0142cenie \u015brednie oraz podstawow\u0105 wiedz\u0119 z zakresu kadr i p\u0142ac.<\/p>\n<p><strong><span style=\"color: #008000;\"><span style=\"text-decoration: underline;\">Cele kszta\u0142cenia:<\/span><\/span><\/strong><\/p>\n<p>Doskonalenie umiej\u0119tno\u015bci z zakresu kadr i p\u0142ac oraz poznanie obs\u0142ugi programu kadrowo-p\u0142acowego\u00a0COMARCH OPTIMA.<\/p>\n<p><strong><span style=\"color: #008000;\"><span style=\"text-decoration: underline;\">Tre\u015bci kszta\u0142cenia w zakresie poszczeg\u00f3lnych zaj\u0119\u0107 edukacyjnych:<\/span><\/span><\/strong><\/p>\n<p>1. Zasi\u0142ki chorobowe, rehabilitacyjne, opieku\u0144cze.<\/p>\n<p>&#8211; wynagrodzenie za czas choroby \u2013 \u015bwiadczenia rehabilitacyjne, macierzy\u0144skie zasi\u0142ek opieku\u0144czy<br \/>\n2. Naliczanie wynagrodze\u0144 z mieszanymi sk\u0142adnikami &#8211; \u0107wiczenia<br \/>\n3. Wynagrodzenie za urlop, za godziny nadliczbowe i nocne \u2013 \u0107wiczenia<\/p>\n<p>&#8211; rycza\u0142ty samochodowe<\/p>\n<p>&#8211; dokonywanie potr\u0105ce\u0144 z wynagrodzenia za prac\u0119<\/p>\n<p>&#8211; zwrot sk\u0142adek ZUS z tytu\u0142u przekroczenia 30 \u2013 krotno\u015bci prognozowanego przeci\u0119tnego wynagrodzenia<\/p>\n<p>&#8211; wp\u0142yw zmian warunk\u00f3w wynagrodzenia na podstaw\u0119 wymiaru wynagrodzenia urlopowego<br \/>\n4. Om\u00f3wienie zmian w przepisach o\u00a0 ubezpieczeniach spo\u0142ecznych<br \/>\n5. Wewn\u0105trz zak\u0142adowe regulacje prawne<\/p>\n<p>&#8211; zasady tworzenia i funkcjonowania regulamin\u00f3w<br \/>\n6. Umowy cywilno &#8211; prawne.<\/p>\n<p>&#8211;\u00a0 regulacje prawne<br \/>\n7. Ewidencjonowanie czasu pracy<\/p>\n<p>&#8211; przyk\u0142ady przy r\u00f3\u017cnych normach czasu pracy<br \/>\n8. Obs\u0142uga programu do kadr i p\u0142ac Comarch Optima<br \/>\n&#8211; Wprowadzanie danych personalnych.<br \/>\n&#8211; Umowy o prac\u0119 i umowy cywilno-prawne. Wymiar etatu i stawki zaszeregowania.<br \/>\n&#8211; Otwieranie, zamykanie i ksi\u0119gowanie list p\u0142ac.<br \/>\n&#8211; Naliczanie wyp\u0142at, dodatk\u00f3w, akord\u00f3w, nadgodzin, zasi\u0142k\u00f3w, sp\u0142at po\u017cyczek i t d<br \/>\n&#8211; Definiowanie kalendarza. Modyfikowanie planu pracy. Rozliczanie nieobecno\u015bci i nadgodzin.<br \/>\n&#8211; Deklaracje dla Urz\u0119du Skarbowego i ZUS. Wymiana danych\u00a0z programem P\u0142atnik.<br \/>\n&#8211; Schematy p\u0142atno\u015bci. Wsp\u00f3\u0142praca z modu\u0142em OPTIMA Kasa\/Bank.<\/p>\n","protected":false},"excerpt":{"rendered":"<p>Czas trwania i spos\u00f3b jej organizacji: Kurs obejmuje 36 godzin lekcyjnych. Zaj\u0119cia s\u0105 realizowane w systemie codziennym od poniedzia\u0142ku do pi\u0105tku w godzinach wieczornych 17.00-20.00 przez 9 dni. Formy realizacji: wyk\u0142ady, zaj\u0119cia \u0107wiczeniowe, zaj\u0119cia komputerowe. Wymagania wst\u0119pne dla uczestnik\u00f3w: Uczestnikami kursu mog\u0105 by\u0107 osoby posiadaj\u0105ce wykszta\u0142cenie \u015brednie oraz podstawow\u0105 wiedz\u0119 z zakresu kadr i p\u0142ac. &hellip; <a href=\"https:\/\/prominet.pl\/?page_id=187\" class=\"more-link\">Continue reading<span class=\"screen-reader-text\"> &#8222;Kurs kadrowo-p\u0142acowy II st.&#8221;<\/span><\/a><\/p>\n","protected":false},"author":1,"featured_media":0,"parent":122,"menu_order":78,"comment_status":"closed","ping_status":"open","template":"","meta":{"_monsterinsights_skip_tracking":false,"_monsterinsights_sitenote_active":false,"_monsterinsights_sitenote_note":"","_monsterinsights_sitenote_category":0,"_links_to":"","_links_to_target":""},"_links":{"self":[{"href":"https:\/\/prominet.pl\/index.php?rest_route=\/wp\/v2\/pages\/187"}],"collection":[{"href":"https:\/\/prominet.pl\/index.php?rest_route=\/wp\/v2\/pages"}],"about":[{"href":"https:\/\/prominet.pl\/index.php?rest_route=\/wp\/v2\/types\/page"}],"author":[{"embeddable":true,"href":"https:\/\/prominet.pl\/index.php?rest_route=\/wp\/v2\/users\/1"}],"replies":[{"embeddable":true,"href":"https:\/\/prominet.pl\/index.php?rest_route=%2Fwp%2Fv2%2Fcomments&post=187"}],"version-history":[{"count":14,"href":"https:\/\/prominet.pl\/index.php?rest_route=\/wp\/v2\/pages\/187\/revisions"}],"predecessor-version":[{"id":2087,"href":"https:\/\/prominet.pl\/index.php?rest_route=\/wp\/v2\/pages\/187\/revisions\/2087"}],"up":[{"embeddable":true,"href":"https:\/\/prominet.pl\/index.php?rest_route=\/wp\/v2\/pages\/122"}],"wp:attachment":[{"href":"https:\/\/prominet.pl\/index.php?rest_route=%2Fwp%2Fv2%2Fmedia&parent=187"}],"curies":[{"name":"wp","href":"https:\/\/api.w.org\/{rel}","templated":true}]}}