{"id":1888,"date":"2016-06-13T12:23:10","date_gmt":"2016-06-13T12:23:10","guid":{"rendered":"http:\/\/prominet.pl\/?page_id=1888"},"modified":"2016-06-13T12:24:29","modified_gmt":"2016-06-13T12:24:29","slug":"szkolenie-symfonia-kadry-place","status":"publish","type":"page","link":"https:\/\/prominet.pl\/?page_id=1888","title":{"rendered":"Szkolenie Symfonia Kadry"},"content":{"rendered":"<h1><span style=\"color: #ff6600;\">Szkolenie na programie Symfonia Kadry i P\u0142ace<\/span><\/h1>\n<p>Szkolenie skierowane jest do os\u00f3b chc\u0105cych pozna\u0107 zasady prowadzenia kadr i p\u0142ac na programie Sage Symfonia lub pog\u0142\u0119bi\u0107 swoj\u0105 wiedz\u0119 w tym zakresie.<\/p>\n<p><span style=\"color: #ff6600;\"><strong>Czas trwania :<\/strong><\/span><\/p>\n<p>12 godzin<\/p>\n<p><span style=\"color: #ff6600;\"><strong>Program szkolenia:<\/strong><\/span><\/p>\n<ol>\n<li>Ustawienia parametr\u00f3w programu \u2013 dane podmiotu<\/li>\n<li>Zak\u0142adanie kartotek pracownik\u00f3w:\n<ul>\n<li>wprowadzanie danych kadrowych<\/li>\n<li>wprowadzanie indywidulanych parametr\u00f3w pracownika<\/li>\n<\/ul>\n<\/li>\n<li>Tworzenie um\u00f3w o prac\u0119\n<ul>\n<li>tworzenie dokumentacji kadrowej przyj\u0119cia pracownika<\/li>\n<li>wprowadzanie sk\u0142adnik\u00f3w umowy o prac\u0119<\/li>\n<li>aneksy do um\u00f3w<\/li>\n<\/ul>\n<\/li>\n<li>Tworzenie um\u00f3w cywilnoprawnych &#8211; wprowadzanie sk\u0142adnik\u00f3w umowy cywilnoprawnej<\/li>\n<li>Lista p\u0142ac\n<ul>\n<li>ewidencja czasu pracy<\/li>\n<li>wprowadzanie absencji i godzin przepracowanych<\/li>\n<li>ewidencja potr\u0105ce\u0144 i dodatk\u00f3w<\/li>\n<li>generowanie listy p\u0142ac<\/li>\n<\/ul>\n<\/li>\n<li>Rachunki do um\u00f3w cywilnoprawnych<\/li>\n<li>Rozwi\u0105zywanie um\u00f3w o prac\u0119 &#8211; \u015bwiadectwo pracy<\/li>\n<li>Raporty kadrowo-p\u0142acowe\n<ul>\n<li>deklaracje podatkowe<\/li>\n<li>deklaracje ubezpieczeniowe<\/li>\n<li>zestawienia kadrowe<\/li>\n<\/ul>\n<\/li>\n<\/ol>\n","protected":false},"excerpt":{"rendered":"<p>Szkolenie na programie Symfonia Kadry i P\u0142ace Szkolenie skierowane jest do os\u00f3b chc\u0105cych pozna\u0107 zasady prowadzenia kadr i p\u0142ac na programie Sage Symfonia lub pog\u0142\u0119bi\u0107 swoj\u0105 wiedz\u0119 w tym zakresie. Czas trwania : 12 godzin Program szkolenia: Ustawienia parametr\u00f3w programu \u2013 dane podmiotu Zak\u0142adanie kartotek pracownik\u00f3w: wprowadzanie danych kadrowych wprowadzanie indywidulanych parametr\u00f3w pracownika Tworzenie um\u00f3w &hellip; <a href=\"https:\/\/prominet.pl\/?page_id=1888\" class=\"more-link\">Continue reading<span class=\"screen-reader-text\"> &#8222;Szkolenie Symfonia Kadry&#8221;<\/span><\/a><\/p>\n","protected":false},"author":1,"featured_media":0,"parent":122,"menu_order":87,"comment_status":"closed","ping_status":"open","template":"","meta":{"_monsterinsights_skip_tracking":false,"_monsterinsights_sitenote_active":false,"_monsterinsights_sitenote_note":"","_monsterinsights_sitenote_category":0,"_links_to":"","_links_to_target":""},"_links":{"self":[{"href":"https:\/\/prominet.pl\/index.php?rest_route=\/wp\/v2\/pages\/1888"}],"collection":[{"href":"https:\/\/prominet.pl\/index.php?rest_route=\/wp\/v2\/pages"}],"about":[{"href":"https:\/\/prominet.pl\/index.php?rest_route=\/wp\/v2\/types\/page"}],"author":[{"embeddable":true,"href":"https:\/\/prominet.pl\/index.php?rest_route=\/wp\/v2\/users\/1"}],"replies":[{"embeddable":true,"href":"https:\/\/prominet.pl\/index.php?rest_route=%2Fwp%2Fv2%2Fcomments&post=1888"}],"version-history":[{"count":2,"href":"https:\/\/prominet.pl\/index.php?rest_route=\/wp\/v2\/pages\/1888\/revisions"}],"predecessor-version":[{"id":1891,"href":"https:\/\/prominet.pl\/index.php?rest_route=\/wp\/v2\/pages\/1888\/revisions\/1891"}],"up":[{"embeddable":true,"href":"https:\/\/prominet.pl\/index.php?rest_route=\/wp\/v2\/pages\/122"}],"wp:attachment":[{"href":"https:\/\/prominet.pl\/index.php?rest_route=%2Fwp%2Fv2%2Fmedia&parent=1888"}],"curies":[{"name":"wp","href":"https:\/\/api.w.org\/{rel}","templated":true}]}}