{"id":190,"date":"2009-09-17T18:27:28","date_gmt":"2009-09-17T17:27:28","guid":{"rendered":"http:\/\/prominet.pl\/?page_id=190"},"modified":"2021-04-15T11:23:25","modified_gmt":"2021-04-15T11:23:25","slug":"kurs-ksiegowosci-komputerowej-i-st","status":"publish","type":"page","link":"https:\/\/prominet.pl\/?page_id=190","title":{"rendered":"Kurs Ksi\u0119gowo\u015bci I st."},"content":{"rendered":"<div>\n<h1><span style=\"color: #cc99ff;\"><span style=\"color: #008000;\">Kurs Ksi\u0119gowo\u015bci I-go st.<\/span><\/span><\/h1>\n<p><span style=\"color: #cc99ff;\"><span style=\"text-decoration: underline;\"><span style=\"color: #cc99ff;\">Czas trwania i spos\u00f3b organizacji kursu:<\/span><\/span><\/span><\/p>\n<\/div>\n<p>Kurs obejmuje 40 godzin lekcyjnych.<\/p>\n<p>Zaj\u0119cia s\u0105 realizowane od poniedzia\u0142ku do \u015brody w godzinach 17.00-20.00<\/p>\n<p>Formy realizacji: wyk\u0142ady,&nbsp; \u0107wiczenia i zaj\u0119cia warsztatowe.<\/p>\n<p><strong><span style=\"color: #cc99ff;\"><span style=\"text-decoration: underline;\">Wymagania wst\u0119pne dla uczestnik\u00f3w:<\/span><\/span> <\/strong><\/p>\n<p>Uczestnikami kursu mog\u0105 by\u0107 osoby, kt\u00f3re chc\u0105 pozna\u0107 od strony praktycznej zasady ksi\u0119gowo\u015bci i&nbsp; zdoby\u0107 nowe kwalifikacje. Kurs jest skierowany jest do os\u00f3b, kt\u00f3re przygotowuj\u0105 si\u0119 do podj\u0119cia pracy w dzia\u0142ach ksi\u0119gowo\u015bci lub ju\u017c j\u0105 rozpocz\u0119\u0142y.<\/p>\n<p><strong><span style=\"color: #cc99ff;\"><span style=\"text-decoration: underline;\">Cele i formy kszta\u0142cenia:<\/span><\/span><\/strong><\/p>\n<p>Celem kursu jest zdobycie wiedzy z zakresu ksi\u0119gowo\u015bci.<\/p>\n<p>Kszta\u0142cenie jest prowadzone w formie wyk\u0142ad\u00f3w i \u0107wicze\u0144 na podstawie wielu przyk\u0142ad\u00f3w praktycznych dostosowanych do obecnego stanu prawnego i realnych warunk\u00f3w prowadzenia rachunkowo\u015bci w Polsce.<\/p>\n<p><strong><span style=\"color: #cc99ff;\"><span style=\"text-decoration: underline;\"><span style=\"color: #cc99ff;\">C<\/span>ena:<\/span><\/span><\/strong><\/p>\n<p><span style=\"color: #000000;\">Koszt kursu wynosi<\/span><span style=\"color: #000080;\">&nbsp;640 z\u0142<\/span><span style=\"color: #000000;\"> brutto i obejmuje: uczestnictwo , materia\u0142y szkoleniowe przygotowane przez wyk\u0142adowc\u00f3w, egzamin oraz wydanie <\/span>za\u015bwiadczenia o uko\u0144czeniu kursu na podstawie&nbsp;rozporz\u0105dzenia Ministra Edukacji Narodowej z dnia 18 sierpnia 2017 r. w sprawie kszta\u0142cenia ustawicznego w formach pozaszkolnych.(DzU poz.1632)<\/p>\n<p><strong><span style=\"color: #cc99ff;\"><span style=\"text-decoration: underline;\">Program warsztat\u00f3w ksi\u0119gowych:<\/span><\/span><\/strong><\/p>\n<p>Zaj\u0119cia&nbsp; prowadzone s\u0105 metod\u0105 warsztatow\u0105 opart\u0105 na aktywizacji uczestnik\u00f3w szkolenia poprzez prac\u0119 w ma\u0142ych grupach, dyskusje na forum grupy oraz \u0107wiczenia, studia przypadk\u00f3w, prac\u0119 indywidualn\u0105. Przedmiotem zaj\u0119\u0107 s\u0105 ksi\u0119gowania realnych zdarze\u0144 gospodarczych wyst\u0119puj\u0105cych w ksi\u0119gowo\u015bci firm, uwzgl\u0119dniaj\u0105cych specyfik\u0119 polskich firm, praktyk\u0119 post\u0119powania i bie\u017c\u0105ce zmiany w przepisach.<\/p>\n<p>1.Poj\u0119cie zakres i metody rachunkowo\u015bci, podstawy formalnoprawne prowadzenia rachunkowo\u015bci:<\/p>\n<p>-przedmiot rachunkowo\u015bci,<\/p>\n<p>-metody poznawcze rachunkowo\u015bci,<\/p>\n<p>-funkcja informacyjna rachunkowo\u015bci,<\/p>\n<p>-zasady prawid\u0142owej rachunkowo\u015bci,<\/p>\n<p>&#8211; Ustawa o rachunkowo\u015bci&nbsp; jako podstawowy akt prawny reguluj\u0105cy zasady rachunkowo\u015bci.<\/p>\n<p>2. Prezentacja maj\u0105tku oraz \u017ar\u00f3de\u0142 finansowania w bilansie&nbsp;&#8211; uj\u0119cie rzeczowe i finansowe \u2013 \u0107wiczenia<br \/>\nWycena aktyw\u00f3w i pasyw\u00f3w:<\/p>\n<p>-kategorie przyj\u0119te dla potrzeb wyceny aktyw\u00f3w i pasyw\u00f3w<\/p>\n<p>-definicja aktyw\u00f3w i pasyw\u00f3w<\/p>\n<p>-zasady wyceny aktyw\u00f3w trwa\u0142ych<\/p>\n<p>-wycena aktyw\u00f3w obrotowych oraz zobowi\u0105za\u0144<\/p>\n<p>-wycena kapita\u0142\u00f3w w\u0142asnych<\/p>\n<p>3. Zasady prowadzenia ewidencji na kontach (dzia\u0142anie kont, ewidencja na kontach bilansowych i wynikowych, rachunek zysk\u00f3w i strat) \u2013 \u0107wiczenia<\/p>\n<p>-Bilans, zasada r\u00f3wnowagi bilansowej,<\/p>\n<p>-operacje bilansowe i wynikowe,<\/p>\n<p>-dokumentacja operacji gospodarczych,<\/p>\n<p>-klasyfikacja kont,<\/p>\n<p>-podzia\u0142 kont ze wzgl\u0119du na tre\u015b\u0107 ekonomiczn\u0105.<\/p>\n<p>4. Zasady prowadzenia ksi\u0105g rachunkowych -\u0107wiczenia<\/p>\n<p>-zawarto\u015b\u0107 planu kont,<\/p>\n<p>-ksi\u0119gi rachunkowe,<\/p>\n<p>-dzienniki,<\/p>\n<p>-konta ksi\u0119gi g\u0142\u00f3wnej,<\/p>\n<p>-konta ksi\u0105g pomocniczych,<\/p>\n<p>-zestawienie obrot\u00f3w i sald.<\/p>\n<p>5.Dokumentacja i ewidencja materia\u0142\u00f3w oraz towar\u00f3w, przyk\u0142adowe zadania<\/p>\n<p>-dokumentacja obrotu magazynowego,<\/p>\n<p>-typowe zapisy na koncie Materia\u0142y i Towary,<\/p>\n<p>-rozliczenie zakupu,<\/p>\n<p>-ustalanie odchyle\u0144 od cen ewidencyjnych i ich rozliczanie<\/p>\n<p>-wycena zapas\u00f3w w cenach rzeczywistych<\/p>\n<p>6.Rozrachunki z pracownikami z tytu\u0142u wynagrodze\u0144 &#8211; \u0107wiczenia<\/p>\n<p>-naliczanie wynagrodzenia \u2013 dokumentacja ( lista p\u0142ac).<\/p>\n<p>-ewidencja rozrachunk\u00f3w z pracownikami z tytu\u0142u wynagrodze\u0144.<\/p>\n<p>-rozrachunki z ZUS z tytu\u0142u sk\u0142adek na ubezpieczenie spo\u0142eczne i zdrowotne i ich ewidencja<\/p>\n<p>7.Wybrane zagadnienia podatkowe&nbsp; \u2013 PIT CIT VAT<\/p>\n<p>8.Klasyfikacja, wycena i amortyzacja \u015brodk\u00f3w trwa\u0142ych i warto\u015bci niematerialnych i prawnych<\/p>\n<p>-zasady amortyzacji, regulacje prawne<\/p>\n<p>&#8211; dokumentacja \u015brodk\u00f3w trwa\u0142ych i warto\u015bci niematerialnych i prawnych<\/p>\n<p>-umorzenie \u015brodk\u00f3w trwa\u0142ych i warto\u015bci niematerialnych i prawnych<\/p>\n<p>-\u015brodki trwa\u0142e w budowie<\/p>\n<p>-zasady sporz\u0105dzania tabeli amortyzacji<\/p>\n<p>9.Poj\u0119cie przychod\u00f3w, opodatkowanie sprzeda\u017cy:<\/p>\n<p>-og\u00f3lne poj\u0119cie przychod\u00f3w<\/p>\n<p>-klasyfikacja sprzeda\u017cy<\/p>\n<p>-opodatkowanie sprzeda\u017cy<\/p>\n<p>10.Poj\u0119cie i klasyfikacja koszt\u00f3w, koszty uzyskania przychod\u00f3w:<\/p>\n<p>-klasyfikacja koszt\u00f3w<\/p>\n<p>-koszty wytworzenia<\/p>\n<p>-pozosta\u0142e koszty operacyjne<\/p>\n<p>-koszty finansowe<\/p>\n<p>-koszty uzyskania przychod\u00f3w \u2013 zasady kwalifikacji<\/p>\n<p>11.Koszty wed\u0142ug rodzaju. Koszty poza uk\u0142adem rodzajowym:<\/p>\n<p>-koszty rodzajowe- kwalifikacja<\/p>\n<p>-koszty wed\u0142ug typ\u00f3w dzia\u0142alno\u015bci<\/p>\n<p>-rozliczenie koszt\u00f3w<\/p>\n<p>-ewidencja koszt\u00f3w<\/p>\n<p><strong style=\"font-size: 14px; line-height: 1.5em;\"><span style=\"color: #cc99ff;\"><span style=\"text-decoration: underline;\">Spos\u00f3b sprawdzania efekt\u00f3w kszta\u0142cenia:<\/span><\/span><\/strong><\/p>\n<p>Kurs ko\u0144czy si\u0119 egzaminem sprawdzaj\u0105cym wiadomo\u015bci i umiej\u0119tno\u015bci z poszczeg\u00f3lnych zaj\u0119\u0107 edukacyjnych przewidzianych w programie nauczania tego kursu.<\/p>\n","protected":false},"excerpt":{"rendered":"<p>Kurs Ksi\u0119gowo\u015bci I-go st. Czas trwania i spos\u00f3b organizacji kursu: Kurs obejmuje 40 godzin lekcyjnych. Zaj\u0119cia s\u0105 realizowane od poniedzia\u0142ku do \u015brody w godzinach 17.00-20.00 Formy realizacji: wyk\u0142ady,&nbsp; \u0107wiczenia i zaj\u0119cia warsztatowe. Wymagania wst\u0119pne dla uczestnik\u00f3w: Uczestnikami kursu mog\u0105 by\u0107 osoby, kt\u00f3re chc\u0105 pozna\u0107 od strony praktycznej zasady ksi\u0119gowo\u015bci i&nbsp; zdoby\u0107 nowe kwalifikacje. Kurs jest &hellip; <a href=\"https:\/\/prominet.pl\/?page_id=190\" class=\"more-link\">Continue reading<span class=\"screen-reader-text\"> &#8222;Kurs Ksi\u0119gowo\u015bci I st.&#8221;<\/span><\/a><\/p>\n","protected":false},"author":1,"featured_media":0,"parent":118,"menu_order":54,"comment_status":"closed","ping_status":"open","template":"","meta":{"_monsterinsights_skip_tracking":false,"_monsterinsights_sitenote_active":false,"_monsterinsights_sitenote_note":"","_monsterinsights_sitenote_category":0,"_links_to":"","_links_to_target":""},"_links":{"self":[{"href":"https:\/\/prominet.pl\/index.php?rest_route=\/wp\/v2\/pages\/190"}],"collection":[{"href":"https:\/\/prominet.pl\/index.php?rest_route=\/wp\/v2\/pages"}],"about":[{"href":"https:\/\/prominet.pl\/index.php?rest_route=\/wp\/v2\/types\/page"}],"author":[{"embeddable":true,"href":"https:\/\/prominet.pl\/index.php?rest_route=\/wp\/v2\/users\/1"}],"replies":[{"embeddable":true,"href":"https:\/\/prominet.pl\/index.php?rest_route=%2Fwp%2Fv2%2Fcomments&post=190"}],"version-history":[{"count":142,"href":"https:\/\/prominet.pl\/index.php?rest_route=\/wp\/v2\/pages\/190\/revisions"}],"predecessor-version":[{"id":2189,"href":"https:\/\/prominet.pl\/index.php?rest_route=\/wp\/v2\/pages\/190\/revisions\/2189"}],"up":[{"embeddable":true,"href":"https:\/\/prominet.pl\/index.php?rest_route=\/wp\/v2\/pages\/118"}],"wp:attachment":[{"href":"https:\/\/prominet.pl\/index.php?rest_route=%2Fwp%2Fv2%2Fmedia&parent=190"}],"curies":[{"name":"wp","href":"https:\/\/api.w.org\/{rel}","templated":true}]}}