{"id":195,"date":"2009-09-17T18:46:18","date_gmt":"2009-09-17T17:46:18","guid":{"rendered":"http:\/\/prominet.pl\/?page_id=195"},"modified":"2021-04-15T10:38:21","modified_gmt":"2021-04-15T10:38:21","slug":"kurs-ksiegowosci-komputerowej-ii-st","status":"publish","type":"page","link":"https:\/\/prominet.pl\/?page_id=195","title":{"rendered":"Kurs Ksi\u0119gowo\u015bci II st. *samodzielny ksi\u0119gowy*"},"content":{"rendered":"<h1><span style=\"color: #3366ff;\">Kurs Ksi\u0119gowo\u015bci II st. (samodzielny\/a ksi\u0119gowy\/a)<\/span><\/h1>\n<p><span style=\"color: #3366ff;\"><strong><span style=\"text-decoration: underline;\">Czas trwania i spos\u00f3b organizacji:<\/span><\/strong><\/span><\/p>\n<p>Kurs obejmuje 40<span style=\"color: #666699;\"><span style=\"color: #000000;\">&nbsp;godziny<\/span><\/span>&nbsp;dydaktyczne<\/p>\n<p>Zaj\u0119cia s\u0105 realizowane w systemie codziennym od poniedzia\u0142ku do \u015brody w godzinach wieczornych 17.00-20.00<\/p>\n<p>Cena kursu wynosi<strong><span style=\"color: #3366ff;\">&nbsp;690 z\u0142<\/span><\/strong><\/p>\n<p>Formy realizacji: wyk\u0142ady,&nbsp; \u0107wiczenia i opcjonalnie zaj\u0119cia komputerowe na systemie Symfonia FK<\/p>\n<p><span style=\"color: #3366ff;\"><strong><span style=\"text-decoration: underline;\">Wymagania wst\u0119pne dla uczestnik\u00f3w:<\/span> <\/strong><\/span><\/p>\n<p>Uczestnikami kursu mog\u0105 by\u0107 osoby posiadaj\u0105ce wiedz\u0119 z zakresu ksi\u0119gowo\u015bci, to znaczy : uko\u0144czy\u0142y Kurs Ksi\u0119gowo\u015bci I-go stopnia lub maj\u0105 do\u015bwiadczenie w pracy w dziale ksi\u0119gowo\u015bci lub w biurze rachunkowym.<\/p>\n<p><span style=\"text-decoration: underline; color: #3366ff;\"><strong>Cel kszta\u0142cenia:<\/strong><\/span><\/p>\n<p>Celem kursu jest nabycie umiej\u0119tno\u015bci z zakresu pe\u0142nej ksi\u0119gowo\u015bci i obs\u0142ugi programu ksi\u0119gowego co stanowi kwalifikacj\u0119&nbsp; w obr\u0119bie zawodu \u2013 ksi\u0119gowy (samodzielny) &nbsp;nr zawodu 331301.<\/p>\n<p><span style=\"text-decoration: underline; color: #3366ff;\"><strong>Formy kszta\u0142cenia:<\/strong><\/span><\/p>\n<p>Kszta\u0142cenie obejmuje praktyczne przyk\u0142ady z opisem teoretycznym oraz&nbsp; nauk\u0105 ksi\u0119gowania w systemie Symfonia F-K gdzie pod kontrol\u0105 prowadz\u0105cej \u2013 g\u0142\u00f3wnej ksi\u0119gowej dekretujecie i ksi\u0119gujecie Pa\u0144stwo operacje gospodarcze, a nast\u0119pnie sporz\u0105dzacie deklaracje podatkowe oraz sprawozdania finansowe.<\/p>\n<p>&nbsp;<\/p>\n<p><span style=\"color: #3366ff;\"><strong><span style=\"text-decoration: underline;\">Tre\u015bci kszta\u0142cenia w zakresie poszczeg\u00f3lnych zaj\u0119\u0107 edukacyjnych:<\/span><\/strong><\/span><\/p>\n<p><span style=\"font-size: 14px; line-height: 1.5em;\">1.Rozrachunki. Wycena nale\u017cno\u015bci i zobowi\u0105za\u0144:<\/span><\/p>\n<p>-wycena nale\u017cno\u015bci w walutach obcych<\/p>\n<p>-nale\u017cno\u015bci w\u0105tpliwe \u2013 odpis aktualizuj\u0105cy nale\u017cno\u015bci<\/p>\n<p>-inne rozrachunki i roszczenia<\/p>\n<p>-rozliczenie niedobor\u00f3w i szk\u00f3d<\/p>\n<p>-zasady rozliczania inwentaryzacji<\/p>\n<p>2.Inwestycje d\u0142ugoterminowe:<\/p>\n<p>-definicje<\/p>\n<p>3.Wsp\u00f3\u0142mierno\u015b\u0107 czasowa koszt\u00f3w i przychod\u00f3w, rozliczenia mi\u0119dzyokresowe:<\/p>\n<p>-rozliczenia mi\u0119dzyokresowe koszt\u00f3w bierne i czynne<\/p>\n<p>-rozliczenia mi\u0119dzyokresowe przychod\u00f3w<\/p>\n<p>-zasady ewidencji<\/p>\n<p>4.Tworzenie rezerw na zobowi\u0105zania:<\/p>\n<p>-definicje i wycena<\/p>\n<p>-rezerwa na odroczony podatek dochodowy<\/p>\n<p>-rezerwy na zobowi\u0105zania przysz\u0142e<\/p>\n<p>5.Por\u00f3wnawczy i kalkulacyjny rachunek wynik\u00f3w:<\/p>\n<p>-zasady ustalania wyniku finansowego<\/p>\n<p>-zamkni\u0119cia roczne w wariancie por\u00f3wnawczym i kalkulacyjnym.<\/p>\n<p>6.Podstawowe metody kalkulacji produkt\u00f3w:<\/p>\n<p>-kalkulacja podzia\u0142owa prosta<\/p>\n<p>-wycena i ewidencja produkt\u00f3w pracy<\/p>\n<p>7.Sporz\u0105dzanie sprawozda\u0144 finansowych i ich elementy:<\/p>\n<p>-zasady sporz\u0105dzania sprawozda\u0144 finansowych<\/p>\n<p>-elementy sprawozda\u0144 finansowych<\/p>\n<p>-obowi\u0105zki sprawozdawcze<\/p>\n<p>&nbsp;<\/p>\n<p><span style=\"text-decoration: underline; color: #3366ff;\"><strong>Zaj\u0119cia komputerowe<\/strong><\/span><\/p>\n<p><span style=\"color: #3366ff;\"><strong>Prowadzenie ksi\u0119gowo\u015bci przy u\u017cyciu systemu Symfonia FK:<\/strong><\/span><\/p>\n<div id=\"attachment_595\" style=\"width: 109px\" class=\"wp-caption alignright\"><img aria-describedby=\"caption-attachment-595\" loading=\"lazy\" class=\"size-full wp-image-595 \" title=\"kurs Symfonia Finanse i Ksi\u0119gowo\u015b\u0107\" src=\"http:\/\/prominet.pl\/wp-content\/uploads\/2009\/09\/symfoniafk.JPG\" alt=\"Symfonia FK Premium\" width=\"99\" height=\"136\"><p id=\"caption-attachment-595\" class=\"wp-caption-text\">nauka programu Symfonia FK<\/p><\/div>\n<p>1. Zak\u0142adanie firmy i ustawienia parametr\u00f3w systemu<\/p>\n<p>&#8211; Wyb\u00f3r planu kont, uzupe\u0142nianie kont specjalnych<\/p>\n<p>&#8211; Wprowadzanie danych do kartoteki<\/p>\n<p>&#8211; Tworzenie bilansu otwarcia i wprowadzenie rozrachunk\u00f3w<\/p>\n<p>&#8211; zasady automatycznego ksi\u0119gowania i rozliczania koszt\u00f3w<\/p>\n<p>&#8211; modelowanie planu kont<\/p>\n<p>-Wprowadzanie dokument\u00f3w do bufora<\/p>\n<p>&#8211; Struktura okna dokument\u00f3w FVZ i RK<\/p>\n<p>&#8211; Definiowanie dokument\u00f3w i przegl\u0105danie ich w buforze<\/p>\n<p>&#8211; Wprowadzanie dokument\u00f3w do wzorc\u00f3w i ksi\u0105g<\/p>\n<p>&#8211; Ksi\u0119gowanie dokument\u00f3w<\/p>\n<p>&#8211; Wprowadzanie dokument\u00f3w stornuj\u0105cych<\/p>\n<p>&#8211; Wprowadzanie i przegl\u0105danie rozrachunk\u00f3w<\/p>\n<p>2. Rejestry VAT<\/p>\n<p>&#8211; Definiowanie, wprowadzanie i przegl\u0105danie rejestr\u00f3w VAT w dokumentach<\/p>\n<p>&#8211; kartoteki jako analityka kont<\/p>\n<p>3. Bilans otwarcia i obroty rozpocz\u0119cia<\/p>\n<p>&#8211; ewidencja rozrachunk\u00f3w, wprowadzanie ustawie\u0144<\/p>\n<p>&#8211; obs\u0142uga poszczeg\u00f3lnych formularzy przez system<\/p>\n<p>4. Wprowadzanie operacji gospodarczych z zakresu obrotu got\u00f3wkowego RK, WB, obrotu materia\u0142owego FVZ, PZ, sprzeda\u017cy FVS, WZ<\/p>\n<p>5. Ustalanie i rozliczanie r\u00f3\u017cnic inwentaryzacyjnych, inwestycji kr\u00f3tkoterminowych, inwestycji w \u015brodki trwa\u0142e<\/p>\n<p>6. Wprowadzenie operacji gospodarczych z zakresu miesi\u0119cznego rozliczania koszt\u00f3w i rozliczania podatku VAT<\/p>\n<p>7. Wprowadzanie operacji gospodarczych zwi\u0105zanych z maj\u0105tkiem trwa\u0142ym<\/p>\n<p>8. Deklaracje podatkowe<\/p>\n<p>&#8211; Uzgadnianie kont rozrachunkowych<\/p>\n<p>&#8211; Uk\u0142ad podatkowy koszt\u00f3w i przychod\u00f3w<\/p>\n<p>&nbsp;<\/p>\n<p><span style=\"color: #3366ff;\"><strong style=\"color: #666699; font-size: 14px; line-height: 1.5em;\"><span style=\"text-decoration: underline;\">Spos\u00f3b sprawdzania efekt\u00f3w kszta\u0142cenia:<\/span><\/strong><\/span><\/p>\n<p>Kurs ko\u0144czy si\u0119 egzaminem sprawdzaj\u0105cym wiadomo\u015bci i umiej\u0119tno\u015bci z poszczeg\u00f3lnych zaj\u0119\u0107 edukacyjnych przewidzianych w programie nauczania tego kursu.<\/p>\n","protected":false},"excerpt":{"rendered":"<p>Kurs Ksi\u0119gowo\u015bci II st. (samodzielny\/a ksi\u0119gowy\/a) Czas trwania i spos\u00f3b organizacji: Kurs obejmuje 40&nbsp;godziny&nbsp;dydaktyczne Zaj\u0119cia s\u0105 realizowane w systemie codziennym od poniedzia\u0142ku do \u015brody w godzinach wieczornych 17.00-20.00 Cena kursu wynosi&nbsp;690 z\u0142 Formy realizacji: wyk\u0142ady,&nbsp; \u0107wiczenia i opcjonalnie zaj\u0119cia komputerowe na systemie Symfonia FK Wymagania wst\u0119pne dla uczestnik\u00f3w: Uczestnikami kursu mog\u0105 by\u0107 osoby posiadaj\u0105ce wiedz\u0119 &hellip; <a href=\"https:\/\/prominet.pl\/?page_id=195\" class=\"more-link\">Continue reading<span class=\"screen-reader-text\"> &#8222;Kurs Ksi\u0119gowo\u015bci II st. *samodzielny ksi\u0119gowy*&#8221;<\/span><\/a><\/p>\n","protected":false},"author":1,"featured_media":0,"parent":118,"menu_order":56,"comment_status":"closed","ping_status":"open","template":"","meta":{"_monsterinsights_skip_tracking":false,"_monsterinsights_sitenote_active":false,"_monsterinsights_sitenote_note":"","_monsterinsights_sitenote_category":0,"_links_to":"","_links_to_target":""},"_links":{"self":[{"href":"https:\/\/prominet.pl\/index.php?rest_route=\/wp\/v2\/pages\/195"}],"collection":[{"href":"https:\/\/prominet.pl\/index.php?rest_route=\/wp\/v2\/pages"}],"about":[{"href":"https:\/\/prominet.pl\/index.php?rest_route=\/wp\/v2\/types\/page"}],"author":[{"embeddable":true,"href":"https:\/\/prominet.pl\/index.php?rest_route=\/wp\/v2\/users\/1"}],"replies":[{"embeddable":true,"href":"https:\/\/prominet.pl\/index.php?rest_route=%2Fwp%2Fv2%2Fcomments&post=195"}],"version-history":[{"count":46,"href":"https:\/\/prominet.pl\/index.php?rest_route=\/wp\/v2\/pages\/195\/revisions"}],"predecessor-version":[{"id":2184,"href":"https:\/\/prominet.pl\/index.php?rest_route=\/wp\/v2\/pages\/195\/revisions\/2184"}],"up":[{"embeddable":true,"href":"https:\/\/prominet.pl\/index.php?rest_route=\/wp\/v2\/pages\/118"}],"wp:attachment":[{"href":"https:\/\/prominet.pl\/index.php?rest_route=%2Fwp%2Fv2%2Fmedia&parent=195"}],"curies":[{"name":"wp","href":"https:\/\/api.w.org\/{rel}","templated":true}]}}