{"id":1963,"date":"2017-07-11T20:20:24","date_gmt":"2017-07-11T20:20:24","guid":{"rendered":"http:\/\/prominet.pl\/?page_id=1963"},"modified":"2017-07-19T08:57:27","modified_gmt":"2017-07-19T08:57:27","slug":"marketing-i-narzedzia-public-relations","status":"publish","type":"page","link":"https:\/\/prominet.pl\/?page_id=1963","title":{"rendered":"Marketing i narz\u0119dzia Public Relations"},"content":{"rendered":"<h2><span style=\"color: #666699;\">Marketing oraz budowanie wizerunku firmy poprzez narz\u0119dzia Public Relations<\/span><\/h2>\n<p>&nbsp;<\/p>\n<h3><\/h3>\n<p>&nbsp;<\/p>\n<h3><span style=\"color: #666699;\"><strong>Czas trwania:<\/strong><\/span><\/h3>\n<p><span style=\"color: #000000;\">3 dni (24 godz. zaj\u0119\u0107)\u00a0<\/span><\/p>\n<p>Najbli\u017csza edycja kursu odbywa si\u0119 w dniach od 31 lipca do 2 sierpnia 2017r.<\/p>\n<p>&nbsp;<\/p>\n<p><strong><span style=\"color: #666699;\">PROGRAM:<\/span><\/strong><\/p>\n<ol>\n<li>Poj\u0119cie marketingu<\/li>\n<li>Wizerunek i wiarygodno\u015b\u0107 firmy i produktu<\/li>\n<\/ol>\n<p>\u2013\u00a0\u00a0Czynniki tworz\u0105ce wizerunek firmy na rynku<\/p>\n<p>\u2013\u00a0\u00a0\u00a0Znaczenie wizerunku dla realizacji cel\u00f3w sprzeda\u017cy<\/p>\n<ol start=\"3\">\n<li>Strategia marketingowa firmy<\/li>\n<\/ol>\n<p>\u2013\u00a0\u00a0Budowanie strategii marketingu\u00a0 z uwzgl\u0119dnieniem: produktu, ceny, kana\u0142\u00f3w dystrybucji, grupy odbiorc\u00f3w<\/p>\n<ol start=\"4\">\n<li>Komunikacja i wywieranie wp\u0142ywu<\/li>\n<\/ol>\n<p>\u2013 \u00a0 \u00a0 \u00a0 \u00a0 Budowanie zaufania w relacjach marketingowych<\/p>\n<p>\u2013\u00a0\u00a0\u00a0\u00a0\u00a0\u00a0\u00a0\u00a0 Typy zachowa\u0144 klient\u00f3w<\/p>\n<p>\u2013\u00a0\u00a0\u00a0\u00a0\u00a0\u00a0\u00a0\u00a0 Komunikacja werbalna i niewerbalna, elementy mowy cia\u0142a<\/p>\n<ol start=\"5\">\n<li>Badania marketingowe<\/li>\n<\/ol>\n<p>\u2013\u00a0\u00a0\u00a0Ustalanie metod marketingu pod k\u0105tem klienta<\/p>\n<p>\u2013\u00a0\u00a0\u00a0\u00a0Badania preferencji odbiorc\u00f3w<\/p>\n<ol start=\"6\">\n<li>Tradycyjne narz\u0119dzia marketingu<\/li>\n<\/ol>\n<p>\u2013\u00a0\u00a0\u00a0\u00a0Komunikacja marketingowa<\/p>\n<p>\u2013\u00a0\u00a0\u00a0\u00a0Promocja<\/p>\n<p>\u2013\u00a0\u00a0\u00a0Produkt, marka, cena<\/p>\n<p>\u2013\u00a0\u00a0\u00a0Dystrybucja<\/p>\n<ol start=\"7\">\n<li>Zasady budowania planu marketingowego<\/li>\n<\/ol>\n<p>\u2013\u00a0\u00a0Okre\u015blanie celu<\/p>\n<p>\u2013\u00a0\u00a0\u00a0Prognozy i plany<\/p>\n<p>\u2013\u00a0\u00a0\u00a0Metody pozyskiwania informacji wewn\u0119trznej i z otoczenia rynkowego<\/p>\n<ol start=\"8\">\n<li>Prezentacja planu marketingowego<\/li>\n<\/ol>\n<p>\u2013\u00a0Bud\u017cet i kontrola realizacji<\/p>\n<p>\u2013\u00a0\u00a0Sposoby prezentacji<\/p>\n<ol start=\"9\">\n<li>Rola wizerunku<\/li>\n<\/ol>\n<p>&#8211; co to jest wizerunek<\/p>\n<p>&#8211; dlaczego wizerunek jest wa\u017cny<\/p>\n<p>10.Public relations<\/p>\n<p>&#8211; co to jest PR<\/p>\n<p>&#8211; jak budowa\u0107 strategi\u0119 PR<\/p>\n<p>&#8211; rola PR<\/p>\n<p>11.Wykorzystanie medi\u00f3w<\/p>\n<p>&#8211; media relations<\/p>\n<p>&#8211; media planning<\/p>\n<p>12.Lobbyng<\/p>\n<p>&#8211; co to jest lobbyng<\/p>\n<p>&#8211; jak lobbowa\u0107<\/p>\n<ol start=\"13\">\n<li>CI \u2013 Identyfikacja wizualna<\/li>\n<\/ol>\n<p>&#8211; elementy CI<\/p>\n<p>&#8211; rola CI w wizerunku organizacji<\/p>\n<ol start=\"14\">\n<li>CSR Spo\u0142eczna odpowiedzialno\u015b\u0107 biznesu<\/li>\n<\/ol>\n<p>&#8211; co to jest CSR<\/p>\n<p>&#8211; CSR jako narz\u0119dzie promocji firmy<\/p>\n<p>15.Przygotowanie strategii<\/p>\n<p>&#8211; cel opracowania strategii<\/p>\n<p>&#8211; narz\u0119dzia<\/p>\n<p>&#8211; cele strategiczne i po\u015brednie<\/p>\n<ol start=\"16\">\n<li>Media spo\u0142eczno\u015bciowe<\/li>\n<\/ol>\n<p>&#8211; rodzaje medi\u00f3w<\/p>\n<p>&#8211; kana\u0142y komunikacji<\/p>\n<p>&#8211; podzia\u0142 ze wzgl\u0119du na przydatno\u015b\u0107 do promocji firmy<\/p>\n<ol start=\"17\">\n<li>Grupy odbiorc\u00f3w &#8211; tworzenie komunikat\u00f3w dla grup docelowych<\/li>\n<\/ol>\n<p>&#8211; rodzaje grup<\/p>\n<p>&#8211; demografia vs. psychografia<\/p>\n<p>&#8211; do kogo m\u00f3wi\u0107<\/p>\n<p>&#8211; jak m\u00f3wi\u0107<\/p>\n<p>&#8211; co m\u00f3wi\u0107<\/p>\n<h3><span style=\"color: #666699;\">\u00a0<strong>Cena <\/strong><\/span><\/h3>\n<p>1500 z\u0142 brutto<\/p>\n<p>Cena obejmuje uczestnictwo, egzamin, wydanie Za\u015bwiadczenia o uko\u0144czeniu kursu na drukach Ministerstwa Edukacji Narodowej zgodnie z \u00a7 6 rozporz\u0105dzenia Ministra Edukacji i Nauki z dnia 6 lutego 2006 w sprawie uzyskiwania i uzupe\u0142niania wiedzy og\u00f3lnej, umiej\u0119tno\u015bci i kwalifikacji zawodowych w formach pozaszkolnych DzU nr 31, poz.216 .<\/p>\n<p>&nbsp;<\/p>\n","protected":false},"excerpt":{"rendered":"<p>Marketing oraz budowanie wizerunku firmy poprzez narz\u0119dzia Public Relations &nbsp; &nbsp; Czas trwania: 3 dni (24 godz. zaj\u0119\u0107)\u00a0 Najbli\u017csza edycja kursu odbywa si\u0119 w dniach od 31 lipca do 2 sierpnia 2017r. &nbsp; PROGRAM: Poj\u0119cie marketingu Wizerunek i wiarygodno\u015b\u0107 firmy i produktu \u2013\u00a0\u00a0Czynniki tworz\u0105ce wizerunek firmy na rynku \u2013\u00a0\u00a0\u00a0Znaczenie wizerunku dla realizacji cel\u00f3w sprzeda\u017cy Strategia &hellip; <a href=\"https:\/\/prominet.pl\/?page_id=1963\" class=\"more-link\">Continue reading<span class=\"screen-reader-text\"> &#8222;Marketing i narz\u0119dzia Public Relations&#8221;<\/span><\/a><\/p>\n","protected":false},"author":1,"featured_media":0,"parent":421,"menu_order":56,"comment_status":"closed","ping_status":"closed","template":"","meta":{"_monsterinsights_skip_tracking":false,"_monsterinsights_sitenote_active":false,"_monsterinsights_sitenote_note":"","_monsterinsights_sitenote_category":0,"_links_to":"","_links_to_target":""},"_links":{"self":[{"href":"https:\/\/prominet.pl\/index.php?rest_route=\/wp\/v2\/pages\/1963"}],"collection":[{"href":"https:\/\/prominet.pl\/index.php?rest_route=\/wp\/v2\/pages"}],"about":[{"href":"https:\/\/prominet.pl\/index.php?rest_route=\/wp\/v2\/types\/page"}],"author":[{"embeddable":true,"href":"https:\/\/prominet.pl\/index.php?rest_route=\/wp\/v2\/users\/1"}],"replies":[{"embeddable":true,"href":"https:\/\/prominet.pl\/index.php?rest_route=%2Fwp%2Fv2%2Fcomments&post=1963"}],"version-history":[{"count":3,"href":"https:\/\/prominet.pl\/index.php?rest_route=\/wp\/v2\/pages\/1963\/revisions"}],"predecessor-version":[{"id":1967,"href":"https:\/\/prominet.pl\/index.php?rest_route=\/wp\/v2\/pages\/1963\/revisions\/1967"}],"up":[{"embeddable":true,"href":"https:\/\/prominet.pl\/index.php?rest_route=\/wp\/v2\/pages\/421"}],"wp:attachment":[{"href":"https:\/\/prominet.pl\/index.php?rest_route=%2Fwp%2Fv2%2Fmedia&parent=1963"}],"curies":[{"name":"wp","href":"https:\/\/api.w.org\/{rel}","templated":true}]}}