{"id":2163,"date":"2020-07-03T16:32:22","date_gmt":"2020-07-03T16:32:22","guid":{"rendered":"http:\/\/prominet.pl\/?page_id=2163"},"modified":"2020-07-03T16:48:41","modified_gmt":"2020-07-03T16:48:41","slug":"postepowanie-w-kontakcie-z-agresywnym-klientem-lub-napastnikiem","status":"publish","type":"page","link":"https:\/\/prominet.pl\/?page_id=2163","title":{"rendered":"Post\u0119powanie w kontakcie z agresywnym klientem lub napastnikiem"},"content":{"rendered":"\n<h2>Warsztaty w formie webinarium on-line<\/h2>\n\n\n\n<p>Czas trwania : 2 dni  w godz. 17.00-20.00<\/p>\n\n\n\n<p>PROGRAM<\/p>\n\n\n\n<p>1.Ocena bezpiecze\u0144stwa i identyfikacja czynnik\u00f3w zwi\u0119kszaj\u0105cych niebezpiecze\u0144stwo dla pracownik\u00f3w instytucji publicznych<\/p>\n\n\n\n<p>2.Psychologia bezpiecze\u0144stwa (ocena zagro\u017cenia, naturalne mechanizmy obronne, si\u0142a strachu, reakcje psychologiczne jednostki, reakcje psychologiczne grupy, )<\/p>\n\n\n\n<p>3. Standardy i procedury post\u0119powania w sytuacji<\/p>\n\n\n\n<p>-kontaktu z agresywnym klientem (ocena realno\u015bci gro\u017aby, negocjowanie z napastnikiem, obni\u017canie napi\u0119cia emocjonalnego, reagowanie w sytuacji bezpo\u015bredniego zagro\u017cenia)<\/p>\n\n\n\n<p>&#8211; napadu rabunkowego (sposoby post\u0119powania przest\u0119pc\u00f3w, bro\u0144 i niebezpieczne narz\u0119dzia, przyjmowanie postaw bezpiecznych, zapami\u0119tywanie szczeg\u00f3\u0142\u00f3w zdarzenia, opisywanie sprawcy, zabezpieczenie dowod\u00f3w)<\/p>\n\n\n\n<p>4. Wsp\u00f3\u0142praca ze s\u0142u\u017cbami bezpiecze\u0144stwa i porz\u0105dku publicznego (prawa i obowi\u0105zki obywateli, zg\u0142aszanie zdarzenia, procedura zawiadamiania o przest\u0119pstwie)<\/p>\n","protected":false},"excerpt":{"rendered":"<p>Warsztaty w formie webinarium on-line Czas trwania : 2 dni w godz. 17.00-20.00 PROGRAM 1.Ocena bezpiecze\u0144stwa i identyfikacja czynnik\u00f3w zwi\u0119kszaj\u0105cych niebezpiecze\u0144stwo dla pracownik\u00f3w instytucji publicznych 2.Psychologia bezpiecze\u0144stwa (ocena zagro\u017cenia, naturalne mechanizmy obronne, si\u0142a strachu, reakcje psychologiczne jednostki, reakcje psychologiczne grupy, ) 3. Standardy i procedury post\u0119powania w sytuacji -kontaktu z agresywnym klientem (ocena realno\u015bci gro\u017aby, &hellip; <a href=\"https:\/\/prominet.pl\/?page_id=2163\" class=\"more-link\">Continue reading<span class=\"screen-reader-text\"> &#8222;Post\u0119powanie w kontakcie z agresywnym klientem lub napastnikiem&#8221;<\/span><\/a><\/p>\n","protected":false},"author":1,"featured_media":0,"parent":917,"menu_order":30,"comment_status":"closed","ping_status":"closed","template":"","meta":{"_monsterinsights_skip_tracking":false,"_monsterinsights_sitenote_active":false,"_monsterinsights_sitenote_note":"","_monsterinsights_sitenote_category":0,"_links_to":"","_links_to_target":""},"_links":{"self":[{"href":"https:\/\/prominet.pl\/index.php?rest_route=\/wp\/v2\/pages\/2163"}],"collection":[{"href":"https:\/\/prominet.pl\/index.php?rest_route=\/wp\/v2\/pages"}],"about":[{"href":"https:\/\/prominet.pl\/index.php?rest_route=\/wp\/v2\/types\/page"}],"author":[{"embeddable":true,"href":"https:\/\/prominet.pl\/index.php?rest_route=\/wp\/v2\/users\/1"}],"replies":[{"embeddable":true,"href":"https:\/\/prominet.pl\/index.php?rest_route=%2Fwp%2Fv2%2Fcomments&post=2163"}],"version-history":[{"count":3,"href":"https:\/\/prominet.pl\/index.php?rest_route=\/wp\/v2\/pages\/2163\/revisions"}],"predecessor-version":[{"id":2166,"href":"https:\/\/prominet.pl\/index.php?rest_route=\/wp\/v2\/pages\/2163\/revisions\/2166"}],"up":[{"embeddable":true,"href":"https:\/\/prominet.pl\/index.php?rest_route=\/wp\/v2\/pages\/917"}],"wp:attachment":[{"href":"https:\/\/prominet.pl\/index.php?rest_route=%2Fwp%2Fv2%2Fmedia&parent=2163"}],"curies":[{"name":"wp","href":"https:\/\/api.w.org\/{rel}","templated":true}]}}