{"id":2245,"date":"2022-01-31T15:36:42","date_gmt":"2022-01-31T15:36:42","guid":{"rendered":"http:\/\/prominet.pl\/?page_id=2245"},"modified":"2022-01-31T15:36:42","modified_gmt":"2022-01-31T15:36:42","slug":"szkolenie-wstepne-bhp-dla-pracownikow-branzy-it","status":"publish","type":"page","link":"https:\/\/prominet.pl\/","title":{"rendered":"Szkolenie wst\u0119pne BHP dla pracownik\u00f3w bran\u017cy IT"},"content":{"rendered":"\n<p><\/p>\n\n\n\n<p><strong>Kto podlega szkoleniu wst\u0119pnemu bhp?<\/strong><\/p>\n\n\n\n<p>Szkoleniu\u00a0wst\u0119pnemu, sk\u0142adaj\u0105cemu si\u0119 z instrukta\u017cu og\u00f3lnego i stanowiskowego,\u00a0podlegaj\u0105:<\/p>\n\n\n\n<ol><li>pracownicy zatrudnieni na umow\u0119 o prac\u0119<\/li><li>studenci i uczniowie odbywaj\u0105cy praktyk\u0119 <\/li><\/ol>\n\n\n\n<p><\/p>\n\n\n\n<p><strong>Celem szkolenia<\/strong> jest zapoznanie nowego pracownika (praktykanta)<\/p>\n\n\n\n<p>a)\u00a0 z podstawowymi przepisami bezpiecze\u0144stwa i higieny pracy zawartymi w Kodeksie Pracy i w regulaminach pracy,<br>b)\u00a0z przepisami i zasadami bezpiecze\u0144stwa i higieny pracy obowi\u0105zuj\u0105cymi w\u00a0 zak\u0142adzie pracy,<br>c)\u00a0z podstawowymi przepisami ochrony p-po\u017c<br>d) z zasadami udzielania pomocy przedlekarskiej,<br>e)\u00a0 z zak\u0142adem pracy.<\/p>\n\n\n\n<p><strong>Program szkolenia <\/strong>dla pracownik\u00f3w IT rozpoczynaj\u0105cych prac\u0119 w firmie obejmuje:<\/p>\n\n\n\n<p>1.\u00a0 Istot\u0119\u00a0bezpiecze\u0144stwa i\u00a0higieny pracy.<\/p>\n\n\n\n<p>2. Zakres\u00a0obowi\u0105zk\u00f3w i\u00a0uprawnie\u0144\u00a0pracodawcy,\u00a0pracownik\u00f3w\u00a0oraz\u00a0poszczeg\u00f3lnych\u00a0kom\u00f3rek\u00a0 organizacyjnych\u00a0zak\u0142adu pracy i organizacji\u00a0spo\u0142ecznych\u00a0w\u00a0zakresie\u00a0bezpiecze\u0144stwa\u00a0i\u00a0higieny pracy.<\/p>\n\n\n\n<p>3. Odpowiedzialno\u015b\u0107 za naruszenie przepis\u00f3w lub zasad\u00a0 bezpiecze\u0144stwa i\u00a0higieny\u00a0pracy.<\/p>\n\n\n\n<p>4. Zasady\u00a0poruszania si\u0119 na\u00a0terenie zak\u0142adu pracy.<\/p>\n\n\n\n<p>5. Zagro\u017cenia wypadkowe\u00a0i zagro\u017cenia\u00a0dla\u00a0zdrowia\u00a0wyst\u0119puj\u0105ce\u00a0w zak\u0142adzie i podstawowe\u00a0 \u015brodki zapobiegawcze.<\/p>\n\n\n\n<p>6. Podstawowe\u00a0zasady bezpiecze\u0144stwa i higieny pracy\u00a0zwi\u0105zane\u00a0z\u00a0obs\u0142ug\u0105 urz\u0105dze\u0144\u00a0 technicznych oraz transportem\u00a0wewn\u0105trzzak\u0142adowym.<\/p>\n\n\n\n<p>7. Zasady przydzia\u0142u\u00a0odzie\u017cy\u00a0roboczej i obuwia\u00a0roboczego\u00a0oraz\u00a0\u015brodk\u00f3w\u00a0ochrony\u00a0 indywidualnej w odniesieniu do\u00a0stanowisk\u00a0pracy w IT<\/p>\n\n\n\n<p>8. Porz\u0105dek i czysto\u015b\u0107\u00a0w miejscu\u00a0pracy\u00a0oraz\u00a0higiena osobista pracownika oraz ich wp\u0142yw na\u00a0 zdrowie i\u00a0bezpiecze\u0144stwo\u00a0pracownika.<\/p>\n\n\n\n<p>9. Zasady stosowania profilaktycznej opieki\u00a0lekarskiej w\u00a0odniesieniu do\u00a0pracy w dziale IT.<\/p>\n\n\n\n<p>10. Podstawowe\u00a0zasady ochrony\u00a0przeciwpo\u017carowej\u00a0oraz\u00a0post\u0119powanie\u00a0w\u00a0razie\u00a0po\u017caru.<\/p>\n\n\n\n<p>11. Post\u0119powanie w razie wypadku, w tym organizacja i zasady udzielania pierwszej pomocy.<\/p>\n\n\n\n<p><strong>Szkolenie wst\u0119pne<\/strong> bhp powinno by\u0107 przeprowadzane <strong>stacjonarnie<\/strong>. Jednak zgodnie ze stanowiskiem G\u0142\u00f3wnego Inspektora Pracy z dn. 20.04.2020r., ze wzgl\u0119du na  trwanie zagro\u017cenia epidemicznego lub w stanie epidemii w zwi\u0105zku z zaka\u017ceniami wirusem SARS-CoV-2, szkolenia wst\u0119pne bhp pracownik\u00f3w rozpoczynaj\u0105cych prac\u0119 <strong>mog\u0105 zosta\u0107 zorganizowane<\/strong> <strong>zdalnie<\/strong>, czyli w formie e-learningu, online oraz przez internet (samokszta\u0142cenie kierowane).<\/p>\n\n\n\n<h2>Oferta<\/h2>\n\n\n\n<p>Oferujemy <strong>szkolenia wst\u0119pne dla pracownik\u00f3w IT<\/strong> prowadzone zdalnie <strong>na \u017cywo<\/strong> przez inspektora bhp. <\/p>\n\n\n\n<p>Inspektor BHP <strong>prowadzi wyk\u0142ad<\/strong> on-line z zakresu programu szkolenia, <strong>przekazuje materia\u0142y <\/strong>szkoleniowe, <strong>prowadzi rozmow\u0119<\/strong> z uczestnikami, <strong>sprawdza wiedz\u0119<\/strong> za pomoc\u0105 testu on-line i <strong>omawia wyniki <\/strong>testu z uczestnikami.<\/p>\n\n\n\n<p><strong>Jak zapisa\u0107 pracownika na zdalne szkolenie bhp?<\/strong><\/p>\n\n\n\n<p>Prosimy o kontakt telefoniczny lub email w celu ustalenia dogodnego terminu szkolenia. <\/p>\n\n\n\n<p>\u017beby zg\u0142osi\u0107 pracownika na szkolenie <strong>wystarczy<\/strong> jego <strong>e-mail<\/strong>, na kt\u00f3ry zostanie wys\u0142ane zaproszenie na szkolenie bhp w wybranym terminie. Nie trzeba instalowa\u0107 programu do spotka\u0144 zdalnych i nie trzeba si\u0119 logowa\u0107. <strong>Wystarczy przegl\u0105darka<\/strong> internetowa. <\/p>\n\n\n\n<p>Po szkoleniu <strong>wystawiamy za\u015bwiadczenia<\/strong> o uko\u0144czeniu szkole\u0144 bhp w formie papierowej lub elektronicznej. Dokumenty przekazujemy zamawiaj\u0105cym szkolenia w uzgodniony spos\u00f3b.<\/p>\n\n\n\n<p>Zapraszamy do kontaktu pracodawc\u00f3w oraz biura rachunkowo-kadrowe.<\/p>\n\n\n\n<p><\/p>\n\n\n\n<p><\/p>\n\n\n\n<p><\/p>\n\n\n\n<p><\/p>\n\n\n\n<p><\/p>\n","protected":false},"excerpt":{"rendered":"<p>Kto podlega szkoleniu wst\u0119pnemu bhp? Szkoleniu\u00a0wst\u0119pnemu, sk\u0142adaj\u0105cemu si\u0119 z instrukta\u017cu og\u00f3lnego i stanowiskowego,\u00a0podlegaj\u0105: pracownicy zatrudnieni na umow\u0119 o prac\u0119 studenci i uczniowie odbywaj\u0105cy praktyk\u0119 Celem szkolenia jest zapoznanie nowego pracownika (praktykanta) a)\u00a0 z podstawowymi przepisami bezpiecze\u0144stwa i higieny pracy zawartymi w Kodeksie Pracy i w regulaminach pracy,b)\u00a0z przepisami i zasadami bezpiecze\u0144stwa i higieny pracy obowi\u0105zuj\u0105cymi &hellip; <a href=\"https:\/\/prominet.pl\/\" class=\"more-link\">Continue reading<span class=\"screen-reader-text\"> &#8222;Szkolenie wst\u0119pne BHP dla pracownik\u00f3w bran\u017cy IT&#8221;<\/span><\/a><\/p>\n","protected":false},"author":1,"featured_media":0,"parent":246,"menu_order":20,"comment_status":"closed","ping_status":"closed","template":"","meta":{"_monsterinsights_skip_tracking":false,"_monsterinsights_sitenote_active":false,"_monsterinsights_sitenote_note":"","_monsterinsights_sitenote_category":0,"_links_to":"","_links_to_target":""},"_links":{"self":[{"href":"https:\/\/prominet.pl\/index.php?rest_route=\/wp\/v2\/pages\/2245"}],"collection":[{"href":"https:\/\/prominet.pl\/index.php?rest_route=\/wp\/v2\/pages"}],"about":[{"href":"https:\/\/prominet.pl\/index.php?rest_route=\/wp\/v2\/types\/page"}],"author":[{"embeddable":true,"href":"https:\/\/prominet.pl\/index.php?rest_route=\/wp\/v2\/users\/1"}],"replies":[{"embeddable":true,"href":"https:\/\/prominet.pl\/index.php?rest_route=%2Fwp%2Fv2%2Fcomments&post=2245"}],"version-history":[{"count":1,"href":"https:\/\/prominet.pl\/index.php?rest_route=\/wp\/v2\/pages\/2245\/revisions"}],"predecessor-version":[{"id":2246,"href":"https:\/\/prominet.pl\/index.php?rest_route=\/wp\/v2\/pages\/2245\/revisions\/2246"}],"up":[{"embeddable":true,"href":"https:\/\/prominet.pl\/index.php?rest_route=\/wp\/v2\/pages\/246"}],"wp:attachment":[{"href":"https:\/\/prominet.pl\/index.php?rest_route=%2Fwp%2Fv2%2Fmedia&parent=2245"}],"curies":[{"name":"wp","href":"https:\/\/api.w.org\/{rel}","templated":true}]}}