{"id":321,"date":"2009-10-07T15:10:21","date_gmt":"2009-10-07T15:10:21","guid":{"rendered":"http:\/\/prominet.pl\/?page_id=321"},"modified":"2021-04-15T11:29:42","modified_gmt":"2021-04-15T11:29:42","slug":"administracyjno-biurowe","status":"publish","type":"page","link":"https:\/\/prominet.pl\/?page_id=321","title":{"rendered":"stanowiska administracyjno -biurowe"},"content":{"rendered":"<h2>&nbsp;<span style=\"color: #888888;\">&nbsp;&nbsp;<\/span><br \/>\n<span style=\"color: #0000ff;\">Szkolenie okresowe BHP pracownik\u00f3w administracyjno-biurowych<\/span><\/h2>\n<h1 style=\"font-size: 14px;\"><\/h1>\n<div><strong>&nbsp;&nbsp; <span style=\"color: #3366ff;\"><span style=\"text-decoration: underline;\">Cel szkolenia:<\/span><\/span><\/strong><\/div>\n<div><strong><span style=\"color: #3366ff;\">&nbsp;<\/span><\/strong>Celem szkolenia jest aktualizacja i uzupe\u0142nienie wiedzy i umiej\u0119tno\u015bci w szczeg\u00f3lno\u015bci z zakresu:<br \/>\na) oceny zagro\u017ce\u0144 zwi\u0105zanych z wykonywan\u0105 prac\u0105,<br \/>\nb) metod ochrony przed zagro\u017ceniami dla zdrowia i bezpiecze\u0144stwa pracownik\u00f3w,<br \/>\nc) kszta\u0142towania warunk\u00f3w pracy w spos\u00f3b zgodny z przepisami i zasadami bezpiecze\u0144stwa i higieny pracy,<br \/>\nd) post\u0119powania w razie wypadku oraz w sytuacjach awaryjnych.<\/div>\n<p id=\"a\"><strong>&nbsp;&nbsp; <span style=\"color: #3366ff;\"><span style=\"text-decoration: underline;\">Uczestnicy szkolenia:<\/span><\/span><\/strong><br \/>\nSzkolenie jest przeznaczone dla<br \/>\n-pracownik\u00f3w administracyjno-biurowych, w tym zatrudnionych przy obs\u0142udze monitor\u00f3w ekranowych,<br \/>\n&#8211; pracownik\u00f3w plac\u00f3wek s\u0142u\u017cby zdrowia, szk\u00f3\u0142 i innych plac\u00f3wek o\u015bwiatowych,<br \/>\n&#8211; pracownik\u00f3w firm handlowych, us\u0142ugowych i produkcyjnych,<br \/>\n-innych pracownik\u00f3w, kt\u00f3rych charakter pracy wi\u0105\u017ce si\u0119 z nara\u017ceniem na czynniki szkodliwe dla zdrowia, uci\u0105\u017cliwe lub niebezpieczne albo z odpowiedzialno\u015bci\u0105 w zakresie bezpiecze\u0144stwa i higieny pracy.<\/p>\n<div id=\"a\"><strong>&nbsp;&nbsp; <span style=\"color: #3366ff;\"><span style=\"text-decoration: underline;\">Spos\u00f3b organizacji szkolenia<\/span><\/span><\/strong><br \/>\nSzkolenie jest przeprowadzane w formie seminarium, kursu albo samokszta\u0142cenia kierowanego &#8211; na podstawie szczeg\u00f3\u0142owego programu.<br \/>\nUczestnicy szkolenia organizowanego w formie samokszta\u0142cenia kierowanego otrzymuj\u0105 odpowiednie materia\u0142y dydaktyczne umo\u017cliwiaj\u0105ce przyswojenie wiadomo\u015bci i umiej\u0119tno\u015bci obj\u0119tych programem szkolenia, takie jak : skrypty, przepisy, zestawy pyta\u0144 kontrolnych.<\/div>\n<p id=\"a\"><strong>&nbsp;&nbsp; <span style=\"color: #3366ff;\"><span style=\"text-decoration: underline;\">Czas trwania:<\/span><\/span><\/strong><br \/>\n8 godzin dydaktycznych<\/p>\n<p><strong>&nbsp;&nbsp; <span style=\"color: #3366ff;\"><span style=\"text-decoration: underline;\">Co umo\u017cliwia szkolenie:<\/span><\/span><\/strong><br \/>\nSzkolenie okresoweumo\u017cliwia otrzymanie&nbsp;za\u015bwiadczenia o uko\u0144czeniu szkolenia w dziedzinie bezpiecze\u0144stwa i higieny pracy zgodnie z Rozporz\u0105dzeniem Ministra Gospodarki i Pracy z dnia 27 lipca 2004 r.<\/p>\n<div><span style=\"color: #3366ff;\"><strong>&nbsp;&nbsp; <span style=\"text-decoration: underline;\">Jak cz\u0119sto powinno by\u0107 przeprowadzane:<\/span><\/strong><\/span><\/div>\n<div>Szkolenie okresowe dla pracownik\u00f3w administracyjno-biurowych powinno by\u0107 przeprowadzane nie rzadziej ni\u017c raz na 5 lat.<\/div>\n","protected":false},"excerpt":{"rendered":"<p>&nbsp;&nbsp;&nbsp; Szkolenie okresowe BHP pracownik\u00f3w administracyjno-biurowych &nbsp;&nbsp; Cel szkolenia: &nbsp;Celem szkolenia jest aktualizacja i uzupe\u0142nienie wiedzy i umiej\u0119tno\u015bci w szczeg\u00f3lno\u015bci z zakresu: a) oceny zagro\u017ce\u0144 zwi\u0105zanych z wykonywan\u0105 prac\u0105, b) metod ochrony przed zagro\u017ceniami dla zdrowia i bezpiecze\u0144stwa pracownik\u00f3w, c) kszta\u0142towania warunk\u00f3w pracy w spos\u00f3b zgodny z przepisami i zasadami bezpiecze\u0144stwa i higieny pracy, d) &hellip; <a href=\"https:\/\/prominet.pl\/?page_id=321\" class=\"more-link\">Continue reading<span class=\"screen-reader-text\"> &#8222;stanowiska administracyjno -biurowe&#8221;<\/span><\/a><\/p>\n","protected":false},"author":1,"featured_media":0,"parent":246,"menu_order":117,"comment_status":"closed","ping_status":"open","template":"","meta":{"_monsterinsights_skip_tracking":false,"_monsterinsights_sitenote_active":false,"_monsterinsights_sitenote_note":"","_monsterinsights_sitenote_category":0,"_links_to":"","_links_to_target":""},"_links":{"self":[{"href":"https:\/\/prominet.pl\/index.php?rest_route=\/wp\/v2\/pages\/321"}],"collection":[{"href":"https:\/\/prominet.pl\/index.php?rest_route=\/wp\/v2\/pages"}],"about":[{"href":"https:\/\/prominet.pl\/index.php?rest_route=\/wp\/v2\/types\/page"}],"author":[{"embeddable":true,"href":"https:\/\/prominet.pl\/index.php?rest_route=\/wp\/v2\/users\/1"}],"replies":[{"embeddable":true,"href":"https:\/\/prominet.pl\/index.php?rest_route=%2Fwp%2Fv2%2Fcomments&post=321"}],"version-history":[{"count":25,"href":"https:\/\/prominet.pl\/index.php?rest_route=\/wp\/v2\/pages\/321\/revisions"}],"predecessor-version":[{"id":2196,"href":"https:\/\/prominet.pl\/index.php?rest_route=\/wp\/v2\/pages\/321\/revisions\/2196"}],"up":[{"embeddable":true,"href":"https:\/\/prominet.pl\/index.php?rest_route=\/wp\/v2\/pages\/246"}],"wp:attachment":[{"href":"https:\/\/prominet.pl\/index.php?rest_route=%2Fwp%2Fv2%2Fmedia&parent=321"}],"curies":[{"name":"wp","href":"https:\/\/api.w.org\/{rel}","templated":true}]}}