{"id":495,"date":"2010-01-08T19:44:07","date_gmt":"2010-01-08T19:44:07","guid":{"rendered":"http:\/\/prominet.pl\/?page_id=495"},"modified":"2021-04-15T11:39:48","modified_gmt":"2021-04-15T11:39:48","slug":"kierownik-kolonii","status":"publish","type":"page","link":"https:\/\/prominet.pl\/?page_id=495","title":{"rendered":"Kierownik kolonii"},"content":{"rendered":"<h2><span style=\"color: #003300;\">KURS INSTRUKTA\u017bOWY <\/span><\/h2>\n<h2><span style=\"color: #003300;\">DLA KIEROWNIK\u00d3W&nbsp;WYPOCZYNKU<\/span><\/h2>\n<p><strong><span style=\"color: #003300;\"><span style=\"text-decoration: underline;\">WYMAGANIA:<\/span><\/span> <\/strong><\/p>\n<p>Aby przyst\u0105pi\u0107 do tego kursu nale\u017cy by\u0107 osob\u0105 pe\u0142noletni\u0105 z wykszta\u0142ceniem co najmniej \u015brednim oraz posiada\u0107, co najmniej trzyletnie do\u015bwiadczenie w pracy opieku\u0144czo-wychowawczej lub dydaktyczno-wychowawczej.<\/p>\n<p><strong><span style=\"color: #003300;\"><span style=\"text-decoration: underline;\">CZAS TRWANIA:<\/span><\/span><\/strong><\/p>\n<p>10 godzin<\/p>\n<p><strong><span style=\"color: #003300;\"><span style=\"text-decoration: underline;\">CO UMO\u017bLIWIA KURS:<\/span><\/span><\/strong><\/p>\n<p>Zdobycie uprawnie\u0144 do wykonywania obowi\u0105zk\u00f3w kierownik\u00f3w wypoczynku dla dzieci i m\u0142odzie\u017cy zgodnie z obowi\u0105zuj\u0105cym stanem prawnym.<\/p>\n<p style=\"text-align: center;\"><strong><span style=\"color: #003300;\"><span style=\"text-decoration: underline;\">PROGRAM KURSU:<\/span><\/span><\/strong><\/p>\n<table border=\"1\" cellpadding=\"0\" width=\"96%\">\n<tbody>\n<tr>\n<td width=\"84%\"><strong><span style=\"color: #003300;\">Planowanie pracy wychowawczej <\/span><\/strong><\/td>\n<td width=\"14%\" valign=\"top\">\n<p align=\"center\"><strong>2 godz.<\/strong><\/p>\n<p align=\"center\"><strong> <\/strong><\/p>\n<\/td>\n<\/tr>\n<tr>\n<td width=\"84%\"><strong><span style=\"color: #003300;\">Organizacja wypoczynku dzieci i m\u0142odzie\u017cy:<\/span><\/strong><\/td>\n<td width=\"14%\" valign=\"top\">\n<p align=\"center\"><strong>2 godz.<\/strong><\/p>\n<p align=\"center\"><strong> <\/strong><\/p>\n<\/td>\n<\/tr>\n<tr>\n<td width=\"84%\">&#8211; podzia\u0142 na grupy- wyb\u00f3r samorz\u0105du- rada kolonii &#8211; obozu- rozk\u0142ad dnia- rada wychowawc\u00f3w<\/td>\n<td width=\"14%\" valign=\"top\">\n<p align=\"center\">\n<\/td>\n<\/tr>\n<tr>\n<td width=\"84%\"><strong><span style=\"color: #003300;\">Bezpiecze\u0144stwo \u017cycia i zdrowia uczestnik\u00f3w:<\/span><\/strong><\/td>\n<td width=\"14%\" valign=\"top\">\n<p align=\"center\"><strong>3godz.<\/strong><\/p>\n<p align=\"center\"><strong> <\/strong><\/p>\n<\/td>\n<\/tr>\n<tr>\n<td width=\"84%\">obowi\u0105zuj\u0105ce przepisy:- podczas przejazdu na miejsce wypoczynku<\/p>\n<p>&#8211; w czasie trwania wypoczynku<\/p>\n<p>&#8211; ppo\u017c.<\/p>\n<p>&#8211; w czasie k\u0105pieli<\/p>\n<p>&#8211; w czasie poruszania si\u0119 po drogach<\/p>\n<p>&#8211; w czasie wycieczek (pieszych, rowerowych, autokarowych, g\u00f3rskich, sp\u0142yw\u00f3w kajakowych)<\/p>\n<p>&#8211; normy \u017cywienia<\/p>\n<p>&#8211; abc ratownictwa przedmedycznego (pierwsza pomoc)<\/p>\n<p>&#8211; zasady obs\u0142ugi urz\u0105dze\u0144 elektrycznych<\/td>\n<td width=\"14%\" valign=\"top\">\n<p align=\"center\">\n<\/td>\n<\/tr>\n<tr>\n<td width=\"84%\"><strong><span style=\"color: #003300;\">Organizacja pracy kierownika z personelem pedagogicznym i administracyjno-obs\u0142ugowym<\/span><\/strong><\/td>\n<td width=\"14%\" valign=\"top\">\n<p align=\"center\"><strong>1 godz.<\/strong><\/p>\n<p align=\"center\"><strong> <\/strong><\/p>\n<p align=\"center\"><strong> <\/strong><\/p>\n<\/td>\n<\/tr>\n<tr>\n<td width=\"84%\"><strong><span style=\"color: #003300;\">Prowadzenie dokumentacji wypoczynku <\/span><\/strong><strong><span style=\"color: #003300;\">&#8211; obowi\u0105zuj\u0105ce przepisy<\/span><\/strong><\/td>\n<td width=\"14%\" valign=\"top\">\n<p align=\"center\"><strong>2 godz.<\/strong><\/p>\n<p align=\"center\"><strong> <\/strong><\/p>\n<p align=\"center\"><strong> <\/strong><\/p>\n<\/td>\n<\/tr>\n<tr>\n<td width=\"84%\"><strong><span style=\"color: #003300;\">Razem:<\/span><\/strong><\/td>\n<td width=\"14%\" valign=\"top\">\n<p align=\"center\"><strong>10 godz.<\/strong><\/p>\n<p align=\"center\"><strong> <\/strong><\/p>\n<\/td>\n<\/tr>\n<\/tbody>\n<\/table>\n","protected":false},"excerpt":{"rendered":"<p>KURS INSTRUKTA\u017bOWY DLA KIEROWNIK\u00d3W&nbsp;WYPOCZYNKU WYMAGANIA: Aby przyst\u0105pi\u0107 do tego kursu nale\u017cy by\u0107 osob\u0105 pe\u0142noletni\u0105 z wykszta\u0142ceniem co najmniej \u015brednim oraz posiada\u0107, co najmniej trzyletnie do\u015bwiadczenie w pracy opieku\u0144czo-wychowawczej lub dydaktyczno-wychowawczej. CZAS TRWANIA: 10 godzin CO UMO\u017bLIWIA KURS: Zdobycie uprawnie\u0144 do wykonywania obowi\u0105zk\u00f3w kierownik\u00f3w wypoczynku dla dzieci i m\u0142odzie\u017cy zgodnie z obowi\u0105zuj\u0105cym stanem prawnym. PROGRAM KURSU: &hellip; <a href=\"https:\/\/prominet.pl\/?page_id=495\" class=\"more-link\">Continue reading<span class=\"screen-reader-text\"> &#8222;Kierownik kolonii&#8221;<\/span><\/a><\/p>\n","protected":false},"author":1,"featured_media":0,"parent":421,"menu_order":524,"comment_status":"closed","ping_status":"open","template":"","meta":{"_monsterinsights_skip_tracking":false,"_monsterinsights_sitenote_active":false,"_monsterinsights_sitenote_note":"","_monsterinsights_sitenote_category":0,"_links_to":"","_links_to_target":""},"_links":{"self":[{"href":"https:\/\/prominet.pl\/index.php?rest_route=\/wp\/v2\/pages\/495"}],"collection":[{"href":"https:\/\/prominet.pl\/index.php?rest_route=\/wp\/v2\/pages"}],"about":[{"href":"https:\/\/prominet.pl\/index.php?rest_route=\/wp\/v2\/types\/page"}],"author":[{"embeddable":true,"href":"https:\/\/prominet.pl\/index.php?rest_route=\/wp\/v2\/users\/1"}],"replies":[{"embeddable":true,"href":"https:\/\/prominet.pl\/index.php?rest_route=%2Fwp%2Fv2%2Fcomments&post=495"}],"version-history":[{"count":15,"href":"https:\/\/prominet.pl\/index.php?rest_route=\/wp\/v2\/pages\/495\/revisions"}],"predecessor-version":[{"id":2202,"href":"https:\/\/prominet.pl\/index.php?rest_route=\/wp\/v2\/pages\/495\/revisions\/2202"}],"up":[{"embeddable":true,"href":"https:\/\/prominet.pl\/index.php?rest_route=\/wp\/v2\/pages\/421"}],"wp:attachment":[{"href":"https:\/\/prominet.pl\/index.php?rest_route=%2Fwp%2Fv2%2Fmedia&parent=495"}],"curies":[{"name":"wp","href":"https:\/\/api.w.org\/{rel}","templated":true}]}}