{"id":729,"date":"2010-05-20T10:49:40","date_gmt":"2010-05-20T10:49:40","guid":{"rendered":"http:\/\/prominet.pl\/?page_id=729"},"modified":"2019-08-12T08:56:29","modified_gmt":"2019-08-12T08:56:29","slug":"kurs-ksiegowosci-organizacji-pozarzadowych-ngo","status":"publish","type":"page","link":"https:\/\/prominet.pl\/?page_id=729","title":{"rendered":"Ksi\u0119gowo\u015b\u0107 organizacji pozarz\u0105dowych (NGO)"},"content":{"rendered":"<h2 style=\"text-align: left;\"><span style=\"color: #993300;\"><a href=\"http:\/\/prominet.pl\/wp-content\/uploads\/2009\/09\/kurs-ksiegowosci-NGO.JPG\"><img loading=\"lazy\" class=\"alignleft size-full wp-image-1230\" title=\"kurs ksiegowosci NGO\" src=\"http:\/\/prominet.pl\/wp-content\/uploads\/2009\/09\/kurs-ksiegowosci-NGO.JPG\" alt=\"kurs ksiegowosci NGO\" width=\"705\" height=\"242\" srcset=\"https:\/\/prominet.pl\/wp-content\/uploads\/2009\/09\/kurs-ksiegowosci-NGO.JPG 705w, https:\/\/prominet.pl\/wp-content\/uploads\/2009\/09\/kurs-ksiegowosci-NGO-300x102.jpg 300w\" sizes=\"(max-width: 705px) 85vw, 705px\" \/><\/a><\/span><\/h2>\n<h2 style=\"text-align: left;\"><\/h2>\n<h2 style=\"text-align: left;\"><\/h2>\n<h2 style=\"text-align: left;\"><span style=\"color: #993300;\">Ksi\u0119gowo\u015b\u0107 w organizacjach pozarz\u0105dowych\u00a0(NGO)<\/span><\/h2>\n<p><strong><span style=\"color: #cc99ff;\"><span style=\"text-decoration: underline;\"><span style=\"color: #cc99ff;\"><span style=\"color: #993300;\">Cel kursu:<\/span><\/span><\/span><\/span><\/strong><\/p>\n<p>Poznanie podstaw prowadzenia ksi\u0119gowo\u015bci organizacji pozarz\u0105dowych ze szczeg\u00f3lnym uwzgl\u0119dnieniem wype\u0142nienia obowi\u0105zk\u00f3w wynikaj\u0105cych z akt\u00f3w prawnych reguluj\u0105cych prowadzenie rachunkowo\u015bci NGO, takich jak wyodr\u0119bnienie dokumentacji projekt\u00f3w realizowanych ze \u015brodk\u00f3w publicznych, sprawozdawczo\u015bci zwi\u0105zanej z tymi projektami oraz obowi\u0105zk\u00f3w podatkowych NGO.<\/p>\n<p><strong><span style=\"color: #cc99ff;\"><span style=\"text-decoration: underline;\"><span style=\"color: #cc99ff;\"><span style=\"color: #993300;\">Czas trwania i spos\u00f3b organizacji kursu:<\/span><\/span><\/span><\/span><\/strong><\/p>\n<p>Kurs obejmuje 30 godzin lekcyjnych.<\/p>\n<p>Zaj\u0119cia s\u0105 realizowane w formie wyk\u0142adu , \u0107wicze\u0144 oraz warsztat\u00f3w.<\/p>\n<p><span style=\"color: #000000;\">Kurs skierowany jest do organizacji pozarz\u0105dowych\u00a0dzia\u0142aj\u0105cych na rzecz mieszka\u0144c\u00f3w Wroc\u0142awia, a tak\u017ce do pracownik\u00f3w biur rachunkowych i ksi\u0119gowych pracuj\u0105cych na ich rzecz\u00a0oraz os\u00f3b zainteresowanych praktycznym poznaniem ksi\u0119gowo\u015bci NGO.<\/span><\/p>\n<p><span style=\"color: #800000;\"><span style=\"text-decoration: underline;\">PROGRAM KURSU:<\/span><\/span><\/p>\n<ol>\n<li><span style=\"color: #000000;\">Podstawy formalno \u2013 prawne prowadzenia rachunkowo\u015bci <\/span><\/li>\n<li><span style=\"color: #000000;\">Om\u00f3wienie zagadnie\u0144 ustawy o rachunkowo\u015bci za szczeg\u00f3lnym uwzgl\u0119dnieniem wyodr\u0119bniania dokumentacji i ewidencji finansowo \u2013 ksi\u0119gowej na potrzeby realizacji projekt\u00f3w dotowanych ze \u015brodk\u00f3w publicznych<\/span><\/li>\n<li><span style=\"color: #000000;\">Zasady i polityka rachunkowo\u015bci \u2013 plan kont<\/span><\/li>\n<li><span style=\"color: #000000;\">Zwolnienia podatkowe\u00a0w\u00a0ustawie o podatku od os\u00f3b prawnych i\u00a0zwolnienia podatkowe\u00a0w ustawie o podatku od os\u00f3b fizycznych<\/span><\/li>\n<li><span style=\"color: #000000;\">Koszty w uk\u0142adzie kalkulacyjnym i rodzajowym wyst\u0119puj\u0105ce w organizacjach pozarz\u0105dowych<\/span><\/li>\n<li><span style=\"color: #000000;\">Przychody organizacji pozarz\u0105dowych (dotacje, darowizny, sk\u0142adki, zbi\u00f3rki publiczne, dzia\u0142alno\u015b\u0107 statutowa odp\u0142atna)<\/span><\/li>\n<li><span style=\"color: #000000;\">Sprawozdawczo\u015b\u0107 finansowa organizacji pozarz\u0105dowych <\/span><\/li>\n<li><span style=\"color: #000000;\">Podatek VAT a odp\u0142atna dzia\u0142alno\u015b\u0107 statutowa\u00a0i dzia\u0142alno\u015b\u0107 gospodarcza<\/span><\/li>\n<li><span style=\"color: #000000;\">Prowadzenie wyodr\u0119bnionej ksi\u0119gowo\u015bci dla realizacji zadania publicznego z dotacji uzyskanej na podstawie ustawy o po\u017cytku<\/span><\/li>\n<li><span style=\"color: #000000;\">Typowe nieprawid\u0142owo\u015bci w prowadzeniu ksi\u0119gowo\u015bci \u2013 studium przypadk\u00f3w<\/span><\/li>\n<li><span style=\"color: #000000;\">Warsztaty praktyczne z wykorzystaniem pe\u0142nej dokumentacji ksi\u0119gowej.<\/span><\/li>\n<\/ol>\n","protected":false},"excerpt":{"rendered":"<p>Ksi\u0119gowo\u015b\u0107 w organizacjach pozarz\u0105dowych\u00a0(NGO) Cel kursu: Poznanie podstaw prowadzenia ksi\u0119gowo\u015bci organizacji pozarz\u0105dowych ze szczeg\u00f3lnym uwzgl\u0119dnieniem wype\u0142nienia obowi\u0105zk\u00f3w wynikaj\u0105cych z akt\u00f3w prawnych reguluj\u0105cych prowadzenie rachunkowo\u015bci NGO, takich jak wyodr\u0119bnienie dokumentacji projekt\u00f3w realizowanych ze \u015brodk\u00f3w publicznych, sprawozdawczo\u015bci zwi\u0105zanej z tymi projektami oraz obowi\u0105zk\u00f3w podatkowych NGO. Czas trwania i spos\u00f3b organizacji kursu: Kurs obejmuje 30 godzin lekcyjnych. Zaj\u0119cia &hellip; <a href=\"https:\/\/prominet.pl\/?page_id=729\" class=\"more-link\">Continue reading<span class=\"screen-reader-text\"> &#8222;Ksi\u0119gowo\u015b\u0107 organizacji pozarz\u0105dowych (NGO)&#8221;<\/span><\/a><\/p>\n","protected":false},"author":1,"featured_media":0,"parent":118,"menu_order":137,"comment_status":"closed","ping_status":"open","template":"","meta":{"_monsterinsights_skip_tracking":false,"_monsterinsights_sitenote_active":false,"_monsterinsights_sitenote_note":"","_monsterinsights_sitenote_category":0,"_links_to":"","_links_to_target":""},"_links":{"self":[{"href":"https:\/\/prominet.pl\/index.php?rest_route=\/wp\/v2\/pages\/729"}],"collection":[{"href":"https:\/\/prominet.pl\/index.php?rest_route=\/wp\/v2\/pages"}],"about":[{"href":"https:\/\/prominet.pl\/index.php?rest_route=\/wp\/v2\/types\/page"}],"author":[{"embeddable":true,"href":"https:\/\/prominet.pl\/index.php?rest_route=\/wp\/v2\/users\/1"}],"replies":[{"embeddable":true,"href":"https:\/\/prominet.pl\/index.php?rest_route=%2Fwp%2Fv2%2Fcomments&post=729"}],"version-history":[{"count":33,"href":"https:\/\/prominet.pl\/index.php?rest_route=\/wp\/v2\/pages\/729\/revisions"}],"predecessor-version":[{"id":2088,"href":"https:\/\/prominet.pl\/index.php?rest_route=\/wp\/v2\/pages\/729\/revisions\/2088"}],"up":[{"embeddable":true,"href":"https:\/\/prominet.pl\/index.php?rest_route=\/wp\/v2\/pages\/118"}],"wp:attachment":[{"href":"https:\/\/prominet.pl\/index.php?rest_route=%2Fwp%2Fv2%2Fmedia&parent=729"}],"curies":[{"name":"wp","href":"https:\/\/api.w.org\/{rel}","templated":true}]}}