{"id":845,"date":"2010-09-03T14:00:59","date_gmt":"2010-09-03T14:00:59","guid":{"rendered":"http:\/\/prominet.pl\/?page_id=845"},"modified":"2021-04-15T11:31:22","modified_gmt":"2021-04-15T11:31:22","slug":"ocena-ryzyka","status":"publish","type":"page","link":"https:\/\/prominet.pl\/?page_id=845","title":{"rendered":"Ocena Ryzyka"},"content":{"rendered":"<p>Oferujemy Pa\u0144stwu wykonanie <span style=\"color: #000080;\"><strong>Oceny Ryzyka Zawodowego<\/strong><\/span> dla wszystkich stanowisk w firmie oraz sporz\u0105dzenie pe\u0142nej dokumentacji.<\/p>\n<p><span style=\"color: #000080;\"><strong>Ocena ryzyka zawodowego<\/strong><\/span> jest jednym z najcz\u0119\u015bciej kontrolowanych przez Pa\u0144stwow\u0105 Inspekcj\u0119 Pracy oraz Sanepid obowi\u0105zk\u00f3w pracodawc\u00f3w wynikaj\u0105cych z przepis\u00f3w BHP. Inspektorzy sprawdzaj\u0105 przede wszystkim , czy ocena jest sporz\u0105dzona rzetelnie i czy zalecenia w niej zawarte s\u0105 realizowane.<\/p>\n<p>Zgodnie z Kodeksem Pracy Art. 226, pracodawca jest zobowi\u0105zany oceni\u0107 i udokumentowa\u0107 ryzyko zawodowe zwi\u0105zane z wykonywan\u0105 prac\u0105 oraz zastosowa\u0107 niezb\u0119dne \u015brodki profilaktyczne zmniejszaj\u0105ce ryzyko. Ponadto pracodawca jest zobowi\u0105zany poinformowa\u0107 o ryzyku zawodowym na stanowisku pracy ka\u017cdego pracownika zatrudnionego na tym stanowisku.<\/p>\n<p>Identyfikowanie zagro\u017ce\u0144 i ocenianie zwi\u0105zanych z nimi zagro\u017ce\u0144  opiera si\u0119 na zasadach zdrowego rozs\u0105dku.&nbsp;Ocen\u0119 ryzyka przeprowadza si\u0119 w mo\u017cliwie najprostszy spos\u00f3b. &nbsp;Sk\u0142\u0105da si\u0119 na ni\u0105 :<\/p>\n<p>1)&nbsp;&nbsp;&nbsp;&nbsp;&nbsp; Zebranie informacji potrzebnych do przeprowadzenia oceny  ryzyka zawodowego<\/p>\n<p>2)&nbsp;&nbsp;&nbsp;&nbsp;&nbsp; Identyfikacja zagro\u017ce\u0144. Okre\u015blenie dla ka\u017cdego stanowiska  pracy, jakie wyst\u0119puj\u0105 na nim zagro\u017cenia<\/p>\n<p>3)&nbsp;&nbsp;&nbsp;&nbsp;&nbsp; Oszacowanie ryzyka<\/p>\n<p>4)&nbsp;&nbsp;&nbsp;&nbsp;&nbsp; Okre\u015blenie dzia\u0142a\u0144 eliminuj\u0105cych lub ograniczaj\u0105cych ryzyko  zawodowe<\/p>\n<p>5)&nbsp;&nbsp;&nbsp;&nbsp;&nbsp; Dokumentowanie wynik\u00f3w oceny ryzyka zawodowego.<\/p>\n<p>Oceny ryzyka winny by\u0107 weryfikowane w odst\u0119pach czasu ustalonych przez zesp\u00f3\u0142 oceniaj\u0105cy ryzyko.<\/p>\n<p>Ocena ryzyka winna zosta\u0107 wykonana w spos\u00f3b uwzgl\u0119dniaj\u0105cy kompleksowo wszystkie zagro\u017cenia wyst\u0119puj\u0105ce na stanowisku pracy a w przypadku gdy zagro\u017cenia te stwarzaj\u0105 ryzyko wypadku lub choroby pracodawca powinien podj\u0105\u0107 dzia\u0142ania zmierzaj\u0105ce do ograniczenia tego ryzyka.<\/p>\n<p>Ocen\u0119 ryzyka mog\u0105 prowadzi\u0107 kompetentni pracownicy, specjali\u015bci ds. BHP i eksperci zewn\u0119trzni, przy czym <span style=\"color: #000080;\"><strong>zawsze odpowiedzialno\u015b\u0107 za prawid\u0142owe przeprowadzenie oceny ryzyka spoczywa na pracodawcy<\/strong>.<\/span><\/p>\n<p>Dokumentacja oceny ryzyka zawodowego uwzgl\u0119dnia elementy okre\u015blone w \u00a739 a ust. 3 Rozporz\u0105dzenia Ministra Pracy i Polityki Socjalnej w sprawie og\u00f3lnych przepis\u00f3w bezpiecze\u0144stwa i higieny pracy&nbsp; tj. zawieraj\u0105 opis ocenianego stanowiska pracy, wyniki przeprowadzonej oceny ryzyka zawodowego dla ka\u017cdego z czynnik\u00f3w \u015brodowiska pracy, niezb\u0119dne \u015brodki profilaktyczne zmniejszaj\u0105ce ryzyko oraz dat\u0119 oceny i osob\u0119, kt\u00f3ra j\u0105 przeprowadzi\u0142a.<\/p>\n","protected":false},"excerpt":{"rendered":"<p>Oferujemy Pa\u0144stwu wykonanie Oceny Ryzyka Zawodowego dla wszystkich stanowisk w firmie oraz sporz\u0105dzenie pe\u0142nej dokumentacji. Ocena ryzyka zawodowego jest jednym z najcz\u0119\u015bciej kontrolowanych przez Pa\u0144stwow\u0105 Inspekcj\u0119 Pracy oraz Sanepid obowi\u0105zk\u00f3w pracodawc\u00f3w wynikaj\u0105cych z przepis\u00f3w BHP. Inspektorzy sprawdzaj\u0105 przede wszystkim , czy ocena jest sporz\u0105dzona rzetelnie i czy zalecenia w niej zawarte s\u0105 realizowane. Zgodnie z &hellip; <a href=\"https:\/\/prominet.pl\/?page_id=845\" class=\"more-link\">Continue reading<span class=\"screen-reader-text\"> &#8222;Ocena Ryzyka&#8221;<\/span><\/a><\/p>\n","protected":false},"author":1,"featured_media":0,"parent":126,"menu_order":600,"comment_status":"closed","ping_status":"open","template":"","meta":{"_monsterinsights_skip_tracking":false,"_monsterinsights_sitenote_active":false,"_monsterinsights_sitenote_note":"","_monsterinsights_sitenote_category":0,"_links_to":"","_links_to_target":""},"_links":{"self":[{"href":"https:\/\/prominet.pl\/index.php?rest_route=\/wp\/v2\/pages\/845"}],"collection":[{"href":"https:\/\/prominet.pl\/index.php?rest_route=\/wp\/v2\/pages"}],"about":[{"href":"https:\/\/prominet.pl\/index.php?rest_route=\/wp\/v2\/types\/page"}],"author":[{"embeddable":true,"href":"https:\/\/prominet.pl\/index.php?rest_route=\/wp\/v2\/users\/1"}],"replies":[{"embeddable":true,"href":"https:\/\/prominet.pl\/index.php?rest_route=%2Fwp%2Fv2%2Fcomments&post=845"}],"version-history":[{"count":5,"href":"https:\/\/prominet.pl\/index.php?rest_route=\/wp\/v2\/pages\/845\/revisions"}],"predecessor-version":[{"id":2198,"href":"https:\/\/prominet.pl\/index.php?rest_route=\/wp\/v2\/pages\/845\/revisions\/2198"}],"up":[{"embeddable":true,"href":"https:\/\/prominet.pl\/index.php?rest_route=\/wp\/v2\/pages\/126"}],"wp:attachment":[{"href":"https:\/\/prominet.pl\/index.php?rest_route=%2Fwp%2Fv2%2Fmedia&parent=845"}],"curies":[{"name":"wp","href":"https:\/\/api.w.org\/{rel}","templated":true}]}}